{"id":79,"date":"2017-09-19T07:43:36","date_gmt":"2017-09-19T10:43:36","guid":{"rendered":"http:\/\/www.aulanaweb.com\/etefv\/?page_id=79"},"modified":"2025-02-12T09:01:46","modified_gmt":"2025-02-12T12:01:46","slug":"mecanica","status":"publish","type":"page","link":"https:\/\/aulanaweb.com\/etefv\/?page_id=79","title":{"rendered":"Mec\u00e2nica"},"content":{"rendered":"\n<div class=\"wp-block-buttons is-layout-flex wp-block-buttons-is-layout-flex\">\n<div class=\"wp-block-button\"><a class=\"wp-block-button__link has-bbp-white-100-color has-text-color has-background wp-element-button\" href=\"https:\/\/aulanaweb.com\/etefv\/?page_id=2799\" style=\"background-color:#040f6b\" target=\"_blank\" rel=\"noreferrer noopener\">Docentes<\/a><\/div>\n<\/div>\n\n\n<div class=\"post-single clearfix\">\n<p>Coordenadores (EMI e Subsequente):<\/p>\n<p><span style=\"font-weight: 400;\">Professores Arnaldo Costa Freitas, Evandro Paulo de Oliveira e Nelson Roberto de Albuquerque Bezerra <\/span>&#8211; <a href=\"mailto:coordenacao.mecanica.emi@etefv.faetec.rj.gov.br\">coordenacao.mecanica.emi@etefv.faetec.rj.gov.br<\/a><\/p>\n<p>Orientador de Est\u00e1gio: Prof.<span style=\"font-weight: 400;\">\u00a0Pedro Paulo Barbosa Leite.<\/span><\/p>\n<p style=\"text-align: justify;\">O Curso T\u00e9cnico de N\u00edvel M\u00e9dio em Mec\u00e2nica, do eixo tecnol\u00f3gico de Controle e Processos Industriais, visa preparar profissionais cidad\u00e3os com conhecimentos t\u00e9cnicos e \u00e9ticos, possuidores de compet\u00eancias e habilidades administrativas, proporcionando s\u00f3lida forma\u00e7\u00e3o intelectual, \u00e9tica e t\u00e9cnica, constatada atrav\u00e9s de estudos e sondagens realizados junto \u00e0s oportunidades oferecidas pelo mundo do trabalho. Incentivando a participa\u00e7\u00e3o no mercado de trabalho atual e no pr\u00f3prio neg\u00f3cio, como empreendedor.<\/p>\n<p style=\"text-align: justify;\">Com o curso deseja-se formar um profissional t\u00e9cnico capaz de realizar sua atividade demonstrando dom\u00ednio das ferramentas e tecnologias dispon\u00edveis no mercado, visualizando solu\u00e7\u00f5es otimizadas para a \u00e1rea. Para formar este profissional os professores trabalham as disciplinas de forma integrada, com exemplos e situa\u00e7\u00f5es pr\u00f3ximas \u00e0 realidade vivenciada pelos alunos dentro da \u00e1rea.<\/p>\n<p style=\"text-align: justify;\">O curso visa preparar profissionais-cidad\u00e3os competentes t\u00e9cnica, \u00e9tica e politicamente com um novo perfil de saber aplicar conhecimentos, inovar e participar de atividades de projeto, execu\u00e7\u00e3o, opera\u00e7\u00e3o e manuten\u00e7\u00e3o de instala\u00e7\u00f5es e de sistemas industriais, caracterizando e determinando aplica\u00e7\u00f5es de materiais, acess\u00f3rios, dispositivos, instrumentos, equipamentos e m\u00e1quinas. Aplicar normas t\u00e9cnicas e especifica\u00e7\u00f5es de cat\u00e1logos, manuais e tabelas em projetos, em processos de fabrica\u00e7\u00e3o, na instala\u00e7\u00e3o de m\u00e1quinas e de equipamentos e na manuten\u00e7\u00e3o industrial, contribuindo para amplia\u00e7\u00e3o e agiliza\u00e7\u00e3o das necessidades dos trabalhadores, das ind\u00fastrias e do p\u00fablico consumidor.<\/p>\n<\/div>","protected":false},"excerpt":{"rendered":"<p>Coordenadores (EMI e Subsequente): Professores Arnaldo Costa Freitas, Evandro Paulo de Oliveira e Nelson Roberto de Albuquerque Bezerra &#8211; coordenacao.mecanica.emi@etefv.faetec.rj.gov.br Orientador de Est\u00e1gio: Prof.\u00a0Pedro Paulo Barbosa Leite. O Curso T\u00e9cnico&#8230; <\/p>\n","protected":false},"author":1,"featured_media":80,"parent":36,"menu_order":0,"comment_status":"closed","ping_status":"closed","template":"","meta":{"footnotes":""},"class_list":["post-79","page","type-page","status-publish","has-post-thumbnail","hentry"],"jetpack_sharing_enabled":true,"jetpack_shortlink":"https:\/\/wp.me\/P9cg66-1h","jetpack_likes_enabled":true,"jetpack-related-posts":[{"id":2799,"url":"https:\/\/aulanaweb.com\/etefv\/?page_id=2799","url_meta":{"origin":79,"position":0},"title":"Docentes","author":"Equipe Diretiva ETEFV","date":"07\/05\/2023","format":false,"excerpt":"Danilo Ab\u00edlio Correa Gon\u00e7alvesMec\u00e2nicaDebora Braga Barros FerreiraMec\u00e2nicaEvandro Paulo de OliveiraMec\u00e2nicaFausto Jos\u00e9 Machay de OliveiraMec\u00e2nica Jos\u00e9 Norberto Vieira LanesMec\u00e2nica Marcelo Lopes FerrazMec\u00e2nicaNelson Roberto de Albuquerque BezerraOrganiza\u00e7\u00e3o e NormasPaulo Eduardo Trindade Feij\u00f3Mec\u00e2nicaRubens Rodrigues JuniorMec\u00e2nica","rel":"","context":"Post similar","block_context":{"text":"Post similar","link":""},"img":{"alt_text":"","src":"","width":0,"height":0},"classes":[]},{"id":180,"url":"https:\/\/aulanaweb.com\/etefv\/?page_id=180","url_meta":{"origin":79,"position":1},"title":"Fale conosco","author":"Equipe Diretiva ETEFV","date":"20\/09\/2017","format":false,"excerpt":"ATEN\u00c7\u00c3O:\u00a0 OS TELEFONES DA ESCOLA N\u00c3O EST\u00c3O FUNCIONANDO, UTILIZE OS E-MAILS ABAIXO. E-mail da Equipe Diretiva:Dire\u00e7\u00e3o geraldirecao@etefv.faetec.rj.gov.brCoordena\u00e7\u00e3o Adjunta Administrativadirecao.administrativa@etefv.faetec.rj.gov.brCoordena\u00e7\u00e3o Adjunta Pedag\u00f3gicadirecao.pedagogica@etefv.faetec.rj.gov.brCoordena\u00e7\u00e3o Adjunta\u00a0T\u00e9cnicadirecao.tecnica@etefv.faetec.rj.gov.br E-mail da Secretaria Escolar:secretaria@etefv.faetec.rj.gov.br E-mail do N\u00facleo de Pessoal:pessoal@etefv.faetec.rj.gov.br E-mail do Setor de Est\u00e1gio:est\u00e1gio@etefv.faetec.rj.gov.br E-mail dos Coordenadores T\u00e9cnicos ( EMI e Subsequente):\u00a0Coordenador T\u00e9cnico Edifica\u00e7\u00f5es\u00a0coordenacao.edificacoes.emi@etefv.faetec.rj.gov.br\u00a0Coordenador T\u00e9cnico Eletr\u00f4nica\u00a0coordenacao.eletronica.emi@etefv.faetec.rj.gov.br\u00a0Coordenador T\u00e9cnico\u00a0Eletrot\u00e9cnica\u00a0coordenacao.eletrotecnica.emi@etefv.faetec.rj.gov.br\u00a0Coordenador T\u00e9cnico\u2026","rel":"","context":"Post similar","block_context":{"text":"Post similar","link":""},"img":{"alt_text":"","src":"","width":0,"height":0},"classes":[]},{"id":126,"url":"https:\/\/aulanaweb.com\/etefv\/?page_id=126","url_meta":{"origin":79,"position":2},"title":"Orienta\u00e7\u00e3o Educacional","author":"Marta Maria Maciel da Silva","date":"19\/09\/2017","format":false,"excerpt":"Componentes da Equipe: Turmas 2023 EMI Supervisoras: SE Maria Rosa: 1111, 1211, 2211, 3111, 1101, 1201, 1202, 2101, 2201, 3101, 3201,1121, 1221 e 2121 SE Patr\u00edcia: 1151, 1151, 1251, 1252, 2151, 3151, 3251, 1141, 1142, 1241, 2241, 3141, 3241,3121 e 3221 Edifica\u00e7\u00f5es (7 turmas)1101 \u2013 C\u00e9lia1201 \u2013 C\u00e9lia1202 \u2013 C\u00e9lia2101\u2026","rel":"","context":"Post similar","block_context":{"text":"Post similar","link":""},"img":{"alt_text":"","src":"","width":0,"height":0},"classes":[]},{"id":36,"url":"https:\/\/aulanaweb.com\/etefv\/?page_id=36","url_meta":{"origin":79,"position":3},"title":"Ensino T\u00e9cnico","author":"Equipe Diretiva ETEFV","date":"18\/09\/2017","format":false,"excerpt":"A ETEFV oferece cinco op\u00e7\u00f5es para quem quer cursar o ensino t\u00e9cnico, todas gratuitas! N\u00e3o h\u00e1 pagamento de matr\u00edcula ou mensalidade. Para ingressar em um de nossos cursos, \u00e9 preciso ser aprovado em exame de sele\u00e7\u00e3o, realizado duas vezes ao ano. Cursos T\u00e9cnicos: Edifica\u00e7\u00f5es: Desenvolve e executa projetos de edifica\u00e7\u00f5es\u2026","rel":"","context":"Post similar","block_context":{"text":"Post similar","link":""},"img":{"alt_text":"","src":"","width":0,"height":0},"classes":[]},{"id":116,"url":"https:\/\/aulanaweb.com\/etefv\/?page_id=116","url_meta":{"origin":79,"position":4},"title":"Escola de Projetos","author":"Equipe Diretiva ETEFV","date":"19\/09\/2017","format":false,"excerpt":"A Escola de Projetos realiza a orienta\u00e7\u00e3o para o desenvolvimento de projetos para posterior envio a ag\u00eancias de fomento. Esta orienta\u00e7\u00e3o \u00e9 realizada em parceria com outros docentes Mestres e Doutores, atuantes em projetos educacionais, na \u00e1rea da Ci\u00eancia e Tecnologia,\u00a0 em disciplinas do Ensino Profissional ligadas aos cursos nos\u2026","rel":"","context":"Post similar","block_context":{"text":"Post similar","link":""},"img":{"alt_text":"","src":"","width":0,"height":0},"classes":[]},{"id":175,"url":"https:\/\/aulanaweb.com\/etefv\/?page_id=175","url_meta":{"origin":79,"position":5},"title":"Infraestrutura","author":"Equipe Diretiva ETEFV","date":"20\/09\/2017","format":false,"excerpt":"LABORAT\u00d3RIOS Laborat\u00f3rios de Eletr\u00f4nica: Laborat\u00f3rio 1 \u2013 capacidade para 20 alunos. Laborat\u00f3rio 2 \u2013 capacidade para 20 alunos. Laborat\u00f3rio 3 \u2013 capacidade para 20 alunos. Laborat\u00f3rio 4 \u2013 capacidade para 20 alunos. Laborat\u00f3rio 5 \u2013 capacidade para 20 alunos. Laborat\u00f3rios de Telecomunica\u00e7\u00f5es: Laborat\u00f3rio 1 \u2013 capacidade para 20 alunos. Laborat\u00f3rio\u2026","rel":"","context":"Post similar","block_context":{"text":"Post similar","link":""},"img":{"alt_text":"","src":"","width":0,"height":0},"classes":[]}],"_links":{"self":[{"href":"https:\/\/aulanaweb.com\/etefv\/index.php?rest_route=\/wp\/v2\/pages\/79","targetHints":{"allow":["GET"]}}],"collection":[{"href":"https:\/\/aulanaweb.com\/etefv\/index.php?rest_route=\/wp\/v2\/pages"}],"about":[{"href":"https:\/\/aulanaweb.com\/etefv\/index.php?rest_route=\/wp\/v2\/types\/page"}],"author":[{"embeddable":true,"href":"https:\/\/aulanaweb.com\/etefv\/index.php?rest_route=\/wp\/v2\/users\/1"}],"replies":[{"embeddable":true,"href":"https:\/\/aulanaweb.com\/etefv\/index.php?rest_route=%2Fwp%2Fv2%2Fcomments&post=79"}],"version-history":[{"count":6,"href":"https:\/\/aulanaweb.com\/etefv\/index.php?rest_route=\/wp\/v2\/pages\/79\/revisions"}],"predecessor-version":[{"id":3675,"href":"https:\/\/aulanaweb.com\/etefv\/index.php?rest_route=\/wp\/v2\/pages\/79\/revisions\/3675"}],"up":[{"embeddable":true,"href":"https:\/\/aulanaweb.com\/etefv\/index.php?rest_route=\/wp\/v2\/pages\/36"}],"wp:featuredmedia":[{"embeddable":true,"href":"https:\/\/aulanaweb.com\/etefv\/index.php?rest_route=\/wp\/v2\/media\/80"}],"wp:attachment":[{"href":"https:\/\/aulanaweb.com\/etefv\/index.php?rest_route=%2Fwp%2Fv2%2Fmedia&parent=79"}],"curies":[{"name":"wp","href":"https:\/\/api.w.org\/{rel}","templated":true}]}}