{"id":77,"date":"2017-09-18T23:20:38","date_gmt":"2017-09-19T02:20:38","guid":{"rendered":"http:\/\/www.aulanaweb.com\/etefv\/?page_id=77"},"modified":"2018-07-09T19:05:31","modified_gmt":"2018-07-09T22:05:31","slug":"como-chegar","status":"publish","type":"page","link":"https:\/\/aulanaweb.com\/etefv\/?page_id=77","title":{"rendered":"Como Chegar"},"content":{"rendered":"<p style=\"text-align: justify;\">Objetivando auxiliar na busca dos(as) que nos visitam pela primeira vez, buscamos identificar alguns percursos dispon\u00edveis at\u00e9 a ETEFV, para aqueles(as) aqui que desejam estudar, realizar matricula, trabalhar, participar de eventos ou palestras.<\/p>\n<p style=\"text-align: justify;\">Esclarecemos que apenas estamos disponibilizando as informa\u00e7\u00f5es que s\u00e3o publicadas pela internet, pois n\u00e3o possuimos qualquer v\u00ednculo formal estabelecido com qualquer uma das empresas abaixo listadas.<\/p>\n<p><strong>Endere\u00e7o: <\/strong>Rua General Canabarro, 291 &#8211; Maracan\u00e3 &#8211; Rio de Janeiro, RJ &#8211; CEP: 20271-202<\/p>\n<p>[wpgmza id=&#8221;1&#8243;]<\/p>\n<p>&nbsp;<\/p>\n<p><strong>Trem: <\/strong>Esta\u00e7\u00e3o S\u00e3o Crist\u00f3v\u00e3o.<\/p>\n<p><strong>Metr\u00f4: <\/strong>Esta\u00e7\u00e3o S\u00e3o Crist\u00f3v\u00e3o.<\/p>\n<p><strong>\u00d4nibus: <\/strong>218, 222, 238, 422, 432, 433, 439, 455, 456, 605, 609, 638, 711.<\/p>\n<p>[simple-author-box]<\/p>\n","protected":false},"excerpt":{"rendered":"<p>Objetivando auxiliar na busca dos(as) que nos visitam pela primeira vez, buscamos identificar alguns percursos dispon\u00edveis at\u00e9 a ETEFV, para aqueles(as) aqui que desejam estudar, realizar matricula, trabalhar, participar de&#8230; <\/p>\n","protected":false},"author":1,"featured_media":0,"parent":0,"menu_order":0,"comment_status":"closed","ping_status":"closed","template":"","meta":{"jetpack_post_was_ever_published":false,"footnotes":""},"class_list":["post-77","page","type-page","status-publish","hentry"],"jetpack_sharing_enabled":true,"jetpack_shortlink":"https:\/\/wp.me\/P9cg66-1f","jetpack_likes_enabled":true,"jetpack-related-posts":[{"id":173,"url":"https:\/\/aulanaweb.com\/etefv\/?page_id=173","url_meta":{"origin":77,"position":0},"title":"Hist\u00f3ria","author":"Equipe Diretiva ETEFV","date":"20\/09\/2017","format":false,"excerpt":"O que hoje \u00e9 escola, come\u00e7ou como lar de crian\u00e7as abandonadas. Em janeiro de 1888, a imprensa da corte publicou denuncia de que crian\u00e7as estavam convivendo com criminosos e doentes no Asilo de Mendicidade. O asilo ficava onde hoje \u00e9 o Hospital S\u00e3o Francisco de Assis, na Cidade Nova, segundo\u2026","rel":"","context":"Post similar","block_context":{"text":"Post similar","link":""},"img":{"alt_text":"","src":"","width":0,"height":0},"classes":[]},{"id":72,"url":"https:\/\/aulanaweb.com\/etefv\/?page_id=72","url_meta":{"origin":77,"position":1},"title":"Eletrot\u00e9cnica","author":"Equipe Diretiva ETEFV","date":"18\/09\/2017","format":false,"excerpt":"Docentes Coordenadores (EMI e Subsequente): Professores Margareth Nunes Silva e Ant\u00f4nio Carlos Calil Ferreira - \u00a0coordenacao.eletrotecnica.emi@etefv.faetec.rj.gov.br\u00a0 Orientador de Est\u00e1gio: Professor Jefferson Silveira de Azeredo. O Curso T\u00e9cnico de N\u00edvel M\u00e9dio em Eletrot\u00e9cnica, do eixo tecnol\u00f3gico de Controle e Processos Industriais, visa preparar profissionais cidad\u00e3os com conhecimentos t\u00e9cnicos e \u00e9ticos, possuidores\u2026","rel":"","context":"Post similar","block_context":{"text":"Post similar","link":""},"img":{"alt_text":"","src":"https:\/\/i0.wp.com\/aulanaweb.com\/etefv\/wp-content\/uploads\/2017\/09\/d8ca1e6a5787c5ff309aa82961b03a31.jpg?fit=774%2C551&ssl=1&resize=350%2C200","width":350,"height":200,"srcset":"https:\/\/i0.wp.com\/aulanaweb.com\/etefv\/wp-content\/uploads\/2017\/09\/d8ca1e6a5787c5ff309aa82961b03a31.jpg?fit=774%2C551&ssl=1&resize=350%2C200 1x, https:\/\/i0.wp.com\/aulanaweb.com\/etefv\/wp-content\/uploads\/2017\/09\/d8ca1e6a5787c5ff309aa82961b03a31.jpg?fit=774%2C551&ssl=1&resize=525%2C300 1.5x, https:\/\/i0.wp.com\/aulanaweb.com\/etefv\/wp-content\/uploads\/2017\/09\/d8ca1e6a5787c5ff309aa82961b03a31.jpg?fit=774%2C551&ssl=1&resize=700%2C400 2x"},"classes":[]},{"id":374,"url":"https:\/\/aulanaweb.com\/etefv\/?page_id=374","url_meta":{"origin":77,"position":2},"title":"VideoMapping","author":"Equipe Diretiva ETEFV","date":"26\/10\/2017","format":false,"excerpt":"Na pr\u00f3xima segunda-feira, dia 30\/10, das 13 \u00e0s 15h ser\u00e1 realizado no audit\u00f3rio da ETEFV o Workshop de VideoMapping com Stella Maiques. VideoMapping ou Projection Mapping (mapeamento de v\u00eddeo) \u00e9 uma t\u00e9cnica de proje\u00e7\u00e3o usada para transformar qualquer superf\u00edcie, mesmo a mais irregular, numa tela de v\u00eddeo din\u00e2mica, tais como\u2026","rel":"","context":"Post similar","block_context":{"text":"Post similar","link":""},"img":{"alt_text":"","src":"https:\/\/i0.wp.com\/aulanaweb.com\/etefv\/wp-content\/uploads\/2017\/10\/folder2.png?fit=780%2C523&ssl=1&resize=350%2C200","width":350,"height":200,"srcset":"https:\/\/i0.wp.com\/aulanaweb.com\/etefv\/wp-content\/uploads\/2017\/10\/folder2.png?fit=780%2C523&ssl=1&resize=350%2C200 1x, https:\/\/i0.wp.com\/aulanaweb.com\/etefv\/wp-content\/uploads\/2017\/10\/folder2.png?fit=780%2C523&ssl=1&resize=525%2C300 1.5x, https:\/\/i0.wp.com\/aulanaweb.com\/etefv\/wp-content\/uploads\/2017\/10\/folder2.png?fit=780%2C523&ssl=1&resize=700%2C400 2x"},"classes":[]},{"id":128,"url":"https:\/\/aulanaweb.com\/etefv\/?page_id=128","url_meta":{"origin":77,"position":3},"title":"Setor de Est\u00e1gio","author":"Leila Pereira","date":"19\/09\/2017","format":false,"excerpt":"E-mail:estagio@etefv.faetec.rj.gov.br Equipe: Agente administrativo: Eliane Silva de Oliveira Professor colaborador: Ant\u00f4nio Jorge Souza de Freitas Informa\u00e7\u00f5es importantes: PER\u00cdODO E FINALIZA\u00c7\u00c3O DO EST\u00c1GIO O est\u00e1gio ter\u00e1 um per\u00edodo de 1 (um) semestre letivo, podendo ser prorrogado por at\u00e9 2 (dois) anos; A carga hor\u00e1ria m\u00e1xima di\u00e1ria de est\u00e1gio \u00e9 de 6\u2026","rel":"","context":"Post similar","block_context":{"text":"Post similar","link":""},"img":{"alt_text":"","src":"","width":0,"height":0},"classes":[]},{"id":1195,"url":"https:\/\/aulanaweb.com\/etefv\/?page_id=1195","url_meta":{"origin":77,"position":4},"title":"Boas Festas e Feliz Ano Novo","author":"Equipe Diretiva ETEFV","date":"23\/12\/2019","format":false,"excerpt":"Mais um ano se passou! Foram 12 meses de muita experi\u00eancia para o futuro. Foram momentos de felicidade, reflex\u00e3o, mas, acima de tudo, de aprendizado. Que a paz, a sa\u00fade e o amor estejam presentes em todos os dias deste novo ano que se inicia. Que as luzes brilhem e\u2026","rel":"","context":"Post similar","block_context":{"text":"Post similar","link":""},"img":{"alt_text":"","src":"https:\/\/i0.wp.com\/aulanaweb.com\/etefv\/wp-content\/uploads\/2019\/12\/felizanonovo.jpg?fit=696%2C464&ssl=1&resize=350%2C200","width":350,"height":200,"srcset":"https:\/\/i0.wp.com\/aulanaweb.com\/etefv\/wp-content\/uploads\/2019\/12\/felizanonovo.jpg?fit=696%2C464&ssl=1&resize=350%2C200 1x, https:\/\/i0.wp.com\/aulanaweb.com\/etefv\/wp-content\/uploads\/2019\/12\/felizanonovo.jpg?fit=696%2C464&ssl=1&resize=525%2C300 1.5x"},"classes":[]},{"id":906,"url":"https:\/\/aulanaweb.com\/etefv\/?page_id=906","url_meta":{"origin":77,"position":5},"title":"Projeto Pol\u00edtico Pedag\u00f3gico","author":"Equipe Diretiva ETEFV","date":"18\/02\/2019","format":false,"excerpt":"Quais conceitos d\u00e3o forma ao Projeto Pol\u00edtico Pedag\u00f3gico? \u00bb\u00a0Projeto:\u00a0\u00e9 uma reuni\u00e3o de propostas que t\u00eam como objetivo a realiza\u00e7\u00e3o de uma a\u00e7\u00e3o. Assim, essa palavra traz a ideia de futuro, que tem como ponto de partida o presente; \u00bb\u00a0Pol\u00edtico:\u00a0esse termo se refere \u00e0 fun\u00e7\u00e3o social das institui\u00e7\u00f5es de ensino. Seu\u2026","rel":"","context":"Post similar","block_context":{"text":"Post similar","link":""},"img":{"alt_text":"","src":"","width":0,"height":0},"classes":[]}],"_links":{"self":[{"href":"https:\/\/aulanaweb.com\/etefv\/index.php?rest_route=\/wp\/v2\/pages\/77","targetHints":{"allow":["GET"]}}],"collection":[{"href":"https:\/\/aulanaweb.com\/etefv\/index.php?rest_route=\/wp\/v2\/pages"}],"about":[{"href":"https:\/\/aulanaweb.com\/etefv\/index.php?rest_route=\/wp\/v2\/types\/page"}],"author":[{"embeddable":true,"href":"https:\/\/aulanaweb.com\/etefv\/index.php?rest_route=\/wp\/v2\/users\/1"}],"replies":[{"embeddable":true,"href":"https:\/\/aulanaweb.com\/etefv\/index.php?rest_route=%2Fwp%2Fv2%2Fcomments&post=77"}],"version-history":[{"count":0,"href":"https:\/\/aulanaweb.com\/etefv\/index.php?rest_route=\/wp\/v2\/pages\/77\/revisions"}],"wp:attachment":[{"href":"https:\/\/aulanaweb.com\/etefv\/index.php?rest_route=%2Fwp%2Fv2%2Fmedia&parent=77"}],"curies":[{"name":"wp","href":"https:\/\/api.w.org\/{rel}","templated":true}]}}