{"id":72,"date":"2017-09-18T23:09:37","date_gmt":"2017-09-19T02:09:37","guid":{"rendered":"http:\/\/www.aulanaweb.com\/etefv\/?page_id=72"},"modified":"2025-02-12T08:49:02","modified_gmt":"2025-02-12T11:49:02","slug":"eletrotecnica","status":"publish","type":"page","link":"https:\/\/aulanaweb.com\/etefv\/?page_id=72","title":{"rendered":"Eletrot\u00e9cnica"},"content":{"rendered":"\n<div class=\"wp-block-buttons is-layout-flex wp-block-buttons-is-layout-flex\">\n<div class=\"wp-block-button has-custom-font-size has-medium-font-size\"><a class=\"wp-block-button__link has-text-color has-background wp-element-button\" href=\"https:\/\/aulanaweb.com\/etefv\/?page_id=2795\" style=\"border-radius:0px;color:#f9f9f9;background-color:#160087\" target=\"_blank\" rel=\"noreferrer noopener\">Docentes<\/a><\/div>\n<\/div>\n\n\n<div class=\"post-single clearfix\">\n<div>\n<p>Coordenadores (EMI e Subsequente): <span style=\"font-weight: 400;\">Professores Margareth Nunes Silva e Ant\u00f4nio Carlos Calil Ferreira &#8211;<\/span> \u00a0<a href=\"mailto:coordenacao.eletrotecnica.emi@etefv.faetec.rj.gov.br\">coordenacao.eletrotecnica.emi@etefv.faetec.rj.gov.br<\/a>\u00a0<\/p>\n<p><span style=\"font-weight: 400;\">Orientador de Est\u00e1gio: Professor Jefferson Silveira de Azeredo.<\/span><\/p>\n<p style=\"text-align: justify;\">O Curso T\u00e9cnico de N\u00edvel M\u00e9dio em Eletrot\u00e9cnica, do eixo tecnol\u00f3gico de Controle e Processos Industriais, visa preparar profissionais cidad\u00e3os com conhecimentos t\u00e9cnicos e \u00e9ticos, possuidores de compet\u00eancias e habilidades administrativas, proporcionando s\u00f3lida forma\u00e7\u00e3o intelectual, \u00e9tica e t\u00e9cnica, constatada atrav\u00e9s de estudos e sondagens realizados junto \u00e0s oportunidades oferecidas pelo mundo do trabalho. Incentivando a participa\u00e7\u00e3o no mercado de trabalho atual e no pr\u00f3prio neg\u00f3cio, como empreendedor.<\/p>\n<p style=\"text-align: justify;\">Com o curso deseja-se formar um profissional t\u00e9cnico capaz de realizar sua atividade demonstrando dom\u00ednio das ferramentas e tecnologias dispon\u00edveis no mercado, visualizando solu\u00e7\u00f5es otimizadas para a \u00e1rea. Para formar este profissional os professores trabalham as disciplinas de forma integrada, com exemplos e situa\u00e7\u00f5es pr\u00f3ximas \u00e0 realidade vivenciada pelos alunos.<\/p>\n<p style=\"text-align: justify;\">O setor el\u00e9trico caracteriza-se pela produ\u00e7\u00e3o, transporte (transmiss\u00e3o e distribui\u00e7\u00e3o) e comercializa\u00e7\u00e3o de energia el\u00e9trica. As qualidades de energia ao longo de todo o processo, a continuidade e a confiabilidade do sistema s\u00e3o regidas por regras e procedimentos, visando sempre manter o fornecimento de energia el\u00e9trica para que n\u00e3o ocorram interrup\u00e7\u00f5es que n\u00e3o sejam programadas, evitando assim transtornos para os usu\u00e1rios e principalmente para os consumidores industriais e aqueles segmentos essenciais como: controle de tr\u00e1fego a\u00e9reo, hospitais, transportes etc.<\/p>\n<p style=\"text-align: justify;\">O curso visa preparar profissionais-cidad\u00e3os competentes t\u00e9cnica, \u00e9tica e politicamente com um novo perfil de saber, saber fazer e gerenciar atividades de execu\u00e7\u00e3o, opera\u00e7\u00e3o e manuten\u00e7\u00e3o de instala\u00e7\u00f5es e equipamentos eletro-eletr\u00f4nicos na ind\u00fastria, em empresas de presta\u00e7\u00e3o de servi\u00e7os e no pr\u00f3prio neg\u00f3cio como empreendedor.<\/p>\n<p style=\"text-align: justify;\">Com esse objetivo pretende-se desenvolver a educa\u00e7\u00e3o profissional integrada \u00e0s diferentes formas de educa\u00e7\u00e3o, ao trabalho, \u00e0 ci\u00eancia e \u00e0 tecnologia, al\u00e9m de oferecer oportunidades para a pr\u00e1tica da educa\u00e7\u00e3o continuada, qualifica\u00e7\u00e3o e habilita\u00e7\u00e3o aos profissionais que j\u00e1 se encontram no mercado de trabalho buscando atualiza\u00e7\u00e3o de conhecimentos tecnol\u00f3gicos integrados ao exerc\u00edcio da cidadania e preocupa\u00e7\u00f5es com o meio ambiente.<\/p>\n<\/div>\n<\/div>\n\n\n<div class=\"wp-block-buttons is-layout-flex wp-block-buttons-is-layout-flex\">\n\n\n\n<\/div>\n","protected":false},"excerpt":{"rendered":"<p>Coordenadores (EMI e Subsequente): Professores Margareth Nunes Silva e Ant\u00f4nio Carlos Calil Ferreira &#8211; \u00a0coordenacao.eletrotecnica.emi@etefv.faetec.rj.gov.br\u00a0 Orientador de Est\u00e1gio: Professor Jefferson Silveira de Azeredo. O Curso T\u00e9cnico de N\u00edvel M\u00e9dio em&#8230; <\/p>\n","protected":false},"author":1,"featured_media":73,"parent":36,"menu_order":0,"comment_status":"closed","ping_status":"closed","template":"","meta":{"jetpack_post_was_ever_published":false,"footnotes":""},"class_list":["post-72","page","type-page","status-publish","has-post-thumbnail","hentry"],"jetpack_sharing_enabled":true,"jetpack_shortlink":"https:\/\/wp.me\/P9cg66-1a","jetpack_likes_enabled":true,"jetpack-related-posts":[{"id":2795,"url":"https:\/\/aulanaweb.com\/etefv\/?page_id=2795","url_meta":{"origin":72,"position":0},"title":"Docentes","author":"Equipe Diretiva ETEFV","date":"07\/05\/2023","format":false,"excerpt":"Alexandre Castro de Toledo SantosEletricidadeAnt\u00f4nio Carlos Calil FerreiraEletricidade Delirose Ramos Veras Lima Eletrot\u00e9cnicaF\u00e1bio Noronha TeixeiraEletricidade F\u00e1bio Pimentel RabelloEletricidadeGabriel \u00c2ngelo de Barros VieiraEletrot\u00e9cnicaJefferson Silveira de AzeredoEletricidade Jorge Jos\u00e9 Gomes de SouzaEletrot\u00e9cnicaLuiz Alberto de Faria GomesEletricidadeMargareth Nunes SilvaEletrot\u00e9cnicaNeilson Mariano CeiaEletrot\u00e9cnicaRog\u00e9rio Jos\u00e9 de RezendeEletricidade","rel":"","context":"Post similar","block_context":{"text":"Post similar","link":""},"img":{"alt_text":"","src":"","width":0,"height":0},"classes":[]},{"id":126,"url":"https:\/\/aulanaweb.com\/etefv\/?page_id=126","url_meta":{"origin":72,"position":1},"title":"Orienta\u00e7\u00e3o Educacional","author":"Marta Maria Maciel da Silva","date":"19\/09\/2017","format":false,"excerpt":"Componentes da Equipe: Turmas 2023 EMI Supervisoras: SE Maria Rosa: 1111, 1211, 2211, 3111, 1101, 1201, 1202, 2101, 2201, 3101, 3201,1121, 1221 e 2121 SE Patr\u00edcia: 1151, 1151, 1251, 1252, 2151, 3151, 3251, 1141, 1142, 1241, 2241, 3141, 3241,3121 e 3221 Edifica\u00e7\u00f5es (7 turmas)1101 \u2013 C\u00e9lia1201 \u2013 C\u00e9lia1202 \u2013 C\u00e9lia2101\u2026","rel":"","context":"Post similar","block_context":{"text":"Post similar","link":""},"img":{"alt_text":"","src":"","width":0,"height":0},"classes":[]},{"id":180,"url":"https:\/\/aulanaweb.com\/etefv\/?page_id=180","url_meta":{"origin":72,"position":2},"title":"Fale conosco","author":"Equipe Diretiva ETEFV","date":"20\/09\/2017","format":false,"excerpt":"ATEN\u00c7\u00c3O:\u00a0 OS TELEFONES DA ESCOLA N\u00c3O EST\u00c3O FUNCIONANDO, UTILIZE OS E-MAILS ABAIXO. E-mail da Equipe Diretiva:Dire\u00e7\u00e3o geraldirecao@etefv.faetec.rj.gov.brCoordena\u00e7\u00e3o Adjunta Administrativadirecao.administrativa@etefv.faetec.rj.gov.brCoordena\u00e7\u00e3o Adjunta Pedag\u00f3gicadirecao.pedagogica@etefv.faetec.rj.gov.brCoordena\u00e7\u00e3o Adjunta\u00a0T\u00e9cnicadirecao.tecnica@etefv.faetec.rj.gov.br E-mail da Secretaria Escolar:secretaria@etefv.faetec.rj.gov.br E-mail do N\u00facleo de Pessoal:pessoal@etefv.faetec.rj.gov.br E-mail do Setor de Est\u00e1gio:est\u00e1gio@etefv.faetec.rj.gov.br E-mail dos Coordenadores T\u00e9cnicos ( EMI e Subsequente):\u00a0Coordenador T\u00e9cnico Edifica\u00e7\u00f5es\u00a0coordenacao.edificacoes.emi@etefv.faetec.rj.gov.br\u00a0Coordenador T\u00e9cnico Eletr\u00f4nica\u00a0coordenacao.eletronica.emi@etefv.faetec.rj.gov.br\u00a0Coordenador T\u00e9cnico\u00a0Eletrot\u00e9cnica\u00a0coordenacao.eletrotecnica.emi@etefv.faetec.rj.gov.br\u00a0Coordenador T\u00e9cnico\u2026","rel":"","context":"Post similar","block_context":{"text":"Post similar","link":""},"img":{"alt_text":"","src":"","width":0,"height":0},"classes":[]},{"id":1871,"url":"https:\/\/aulanaweb.com\/etefv\/?page_id=1871","url_meta":{"origin":72,"position":3},"title":"Processo seletivo &#8211; FAETEC 2022","author":"Equipe Diretiva ETEFV","date":"09\/12\/2021","format":false,"excerpt":"PROCESSO SELETIVO DE CANDIDATOS PARA INGRESSO NOS CURSOS DE ENSINO T\u00c9CNICO DE N\u00cdVEL M\u00c9DIO NA FORMA DE ORGANIZA\u00c7\u00c3O ARTICULADA: INTEGRADA Vagas ETEFV (diurno): Edifica\u00e7\u00f5es - Diurno\u00a0 - 45 vagas; Eletr\u00f4nica - Diurno - 55 vagas; Eletrot\u00e9cnica - Diurno - 30 vagas; Mec\u00e2nica - Diurno - 35 vagas; Telecomunica\u00e7\u00f5es - Diurno\u2026","rel":"","context":"Post similar","block_context":{"text":"Post similar","link":""},"img":{"alt_text":"","src":"https:\/\/i0.wp.com\/aulanaweb.com\/etefv\/wp-content\/uploads\/2021\/12\/WhatsApp-Image-2021-12-06-at-10.20.18.jpeg?fit=628%2C393&ssl=1&resize=350%2C200","width":350,"height":200,"srcset":"https:\/\/i0.wp.com\/aulanaweb.com\/etefv\/wp-content\/uploads\/2021\/12\/WhatsApp-Image-2021-12-06-at-10.20.18.jpeg?fit=628%2C393&ssl=1&resize=350%2C200 1x, https:\/\/i0.wp.com\/aulanaweb.com\/etefv\/wp-content\/uploads\/2021\/12\/WhatsApp-Image-2021-12-06-at-10.20.18.jpeg?fit=628%2C393&ssl=1&resize=525%2C300 1.5x"},"classes":[]},{"id":4286,"url":"https:\/\/aulanaweb.com\/etefv\/?page_id=4286","url_meta":{"origin":72,"position":4},"title":"Matriz Curricular Subsequente","author":"Sebasti\u00e3o Sant\u00b4Anna","date":"26\/09\/2025","format":false,"excerpt":"Edifica\u00e7\u00f5es Eletr\u00f4nica Eletrot\u00e9cnica Mec\u00e2nica Telecomunica\u00e7\u00f5es","rel":"","context":"Post similar","block_context":{"text":"Post similar","link":""},"img":{"alt_text":"","src":"","width":0,"height":0},"classes":[]},{"id":4268,"url":"https:\/\/aulanaweb.com\/etefv\/?page_id=4268","url_meta":{"origin":72,"position":5},"title":"Matriz Curricular EMI (a partir de 2025)","author":"Sebasti\u00e3o Sant\u00b4Anna","date":"26\/09\/2025","format":false,"excerpt":"Edifica\u00e7\u00f5es Eletr\u00f4nica Eletrot\u00e9cnica Mec\u00e2nica Telecomunica\u00e7\u00f5es","rel":"","context":"Post similar","block_context":{"text":"Post similar","link":""},"img":{"alt_text":"","src":"","width":0,"height":0},"classes":[]}],"_links":{"self":[{"href":"https:\/\/aulanaweb.com\/etefv\/index.php?rest_route=\/wp\/v2\/pages\/72","targetHints":{"allow":["GET"]}}],"collection":[{"href":"https:\/\/aulanaweb.com\/etefv\/index.php?rest_route=\/wp\/v2\/pages"}],"about":[{"href":"https:\/\/aulanaweb.com\/etefv\/index.php?rest_route=\/wp\/v2\/types\/page"}],"author":[{"embeddable":true,"href":"https:\/\/aulanaweb.com\/etefv\/index.php?rest_route=\/wp\/v2\/users\/1"}],"replies":[{"embeddable":true,"href":"https:\/\/aulanaweb.com\/etefv\/index.php?rest_route=%2Fwp%2Fv2%2Fcomments&post=72"}],"version-history":[{"count":5,"href":"https:\/\/aulanaweb.com\/etefv\/index.php?rest_route=\/wp\/v2\/pages\/72\/revisions"}],"predecessor-version":[{"id":3667,"href":"https:\/\/aulanaweb.com\/etefv\/index.php?rest_route=\/wp\/v2\/pages\/72\/revisions\/3667"}],"up":[{"embeddable":true,"href":"https:\/\/aulanaweb.com\/etefv\/index.php?rest_route=\/wp\/v2\/pages\/36"}],"wp:featuredmedia":[{"embeddable":true,"href":"https:\/\/aulanaweb.com\/etefv\/index.php?rest_route=\/wp\/v2\/media\/73"}],"wp:attachment":[{"href":"https:\/\/aulanaweb.com\/etefv\/index.php?rest_route=%2Fwp%2Fv2%2Fmedia&parent=72"}],"curies":[{"name":"wp","href":"https:\/\/api.w.org\/{rel}","templated":true}]}}