{"id":62,"date":"2017-09-18T23:02:04","date_gmt":"2017-09-19T02:02:04","guid":{"rendered":"http:\/\/www.aulanaweb.com\/etefv\/?page_id=62"},"modified":"2025-02-12T08:52:55","modified_gmt":"2025-02-12T11:52:55","slug":"curso-tecnico-de-eletronica","status":"publish","type":"page","link":"https:\/\/aulanaweb.com\/etefv\/?page_id=62","title":{"rendered":"Eletr\u00f4nica"},"content":{"rendered":"\n<div class=\"wp-block-group\"><div class=\"wp-block-group__inner-container is-layout-constrained wp-block-group-is-layout-constrained\">\n<div class=\"wp-block-buttons is-layout-flex wp-block-buttons-is-layout-flex\"><\/div>\n<\/div><\/div>\n\n\n\n<div class=\"post-single clearfix\">\n<div>\n<p style=\"text-align: justify;\"><a class=\"maxbutton-1 maxbutton maxbutton-botao-azul-preto\" href=\"https:\/\/aulanaweb.com\/etefv\/?page_id=134\"><span class='mb-text'>Coordena\u00e7\u00e3o<\/span><\/a> <a class=\"maxbutton-1 maxbutton maxbutton-botao-azul-preto\" href=\"https:\/\/aulanaweb.com\/etefv\/?page_id=136\"><span class='mb-text'>Docentes<\/span><\/a> <a class=\"maxbutton-1 maxbutton maxbutton-botao-azul-preto\" href=\"https:\/\/aulanaweb.com\/etefv\/?page_id=142\"><span class='mb-text'>Grades Curriculares<\/span><\/a> <a class=\"maxbutton-1 maxbutton maxbutton-botao-azul-preto\" href=\"https:\/\/aulanaweb.com\/etefv\/?page_id=138\"><span class='mb-text'>Laborat\u00f3rios<\/span><\/a><\/p>\n<p>Coordenadores (EMI e Subsequente):<\/p>\n<p>Professores Luis Henrique Castro e Sebasti\u00e3o Sant&#8217;Anna &nbsp;&nbsp;&#8211; <a href=\"mailto:coordenacao.eletronica.emi@etefv.faetec.rj.gov.br\">coordenacao.eletronica.emi@etefv.faetec.rj.gov.br<\/a><\/p>\n\n<p>Orientador de Est\u00e1gio: Prof. Victor Lima<\/p>\n<p style=\"text-align: justify;\">O Curso T\u00e9cnico de N\u00edvel M\u00e9dio em Eletr\u00f4nica, do eixo tecnol\u00f3gico de Controle e Processos Industriais, visa preparar profissionais cidad\u00e3os com conhecimentos t\u00e9cnicos e \u00e9ticos, possuidores de compet\u00eancias e habilidades administrativas, proporcionando s\u00f3lida forma\u00e7\u00e3o intelectual, \u00e9tica e t\u00e9cnica, constatada atrav\u00e9s de estudos e sondagens realizados junto \u00e0s oportunidades oferecidas pelo mundo do trabalho. Incentivando a participa\u00e7\u00e3o no mercado de trabalho atual e no pr\u00f3prio neg\u00f3cio, como empreendedor.<\/p>\n<p style=\"text-align: justify;\">Com o curso deseja-se formar um profissional t\u00e9cnico capaz de realizar sua atividade demonstrando dom\u00ednio das ferramentas e tecnologias dispon\u00edveis no mercado, visualizando solu\u00e7\u00f5es otimizadas para a \u00e1rea. Para formar este profissional os professores trabalham as disciplinas de forma integrada, com exemplos e situa\u00e7\u00f5es pr\u00f3ximas \u00e0 realidade vivenciada pelos alunos.<\/p>\n<p style=\"text-align: justify;\">O curso visa preparar profissionais-cidad\u00e3os competentes t\u00e9cnica, \u00e9tica e politicamente com um novo perfil de saber, saber fazer e gerenciar servi\u00e7os t\u00e9cnicos na \u00e1rea de Eletr\u00f4nica, verificando sua adequa\u00e7\u00e3o ao planejamento e \u00e0s normas espec\u00edficas. Elaborar projetos, observados os limites legais, diagramas e esquemas, correlacionando-os com as normas t\u00e9cnicas e com os princ\u00edpios cient\u00edficos e tecnol\u00f3gicos. Conduzir e controlar as atividades t\u00e9cnicas na \u00e1rea, visando ao atendimento ao disposto nos projetos e normas t\u00e9cnicas, assegurando a qualidade dos resultados. Descrever processos e elaborar relat\u00f3rios com resultados de atividades t\u00e9cnicas, emitindo parecer dentro das normas legais. Prestar assist\u00eancia t\u00e9cnica para aquisi\u00e7\u00e3o de bens e servi\u00e7os, instala\u00e7\u00e3o e manuten\u00e7\u00e3o de sistemas e equipamentos eletr\u00f4nicos.<\/p>\n<p style=\"text-align: justify;\">Com esse objetivo pretende-se desenvolver a educa\u00e7\u00e3o profissional integrada \u00e0s diferentes formas de educa\u00e7\u00e3o, ao trabalho, \u00e0 ci\u00eancia e \u00e0 tecnologia, al\u00e9m de oferecer oportunidades para a pr\u00e1tica da educa\u00e7\u00e3o continuada, qualifica\u00e7\u00e3o e habilita\u00e7\u00e3o aos profissionais que j\u00e1 se encontram no mercado de trabalho buscando atualiza\u00e7\u00e3o de conhecimentos tecnol\u00f3gicos integrados ao exerc\u00edcio da cidadania e preocupa\u00e7\u00f5es com o meio ambiente.<\/p>\n<\/div>\n<\/div>\n","protected":false},"excerpt":{"rendered":"<p>Coordenadores (EMI e Subsequente): Professores Luis Henrique Castro e Sebasti\u00e3o Sant&#8217;Anna &nbsp;&nbsp;&#8211; coordenacao.eletronica.emi@etefv.faetec.rj.gov.br Orientador de Est\u00e1gio: Prof. Victor Lima O Curso T\u00e9cnico de N\u00edvel M\u00e9dio em Eletr\u00f4nica, do eixo tecnol\u00f3gico&#8230; <\/p>\n","protected":false},"author":1,"featured_media":63,"parent":36,"menu_order":0,"comment_status":"closed","ping_status":"closed","template":"","meta":{"jetpack_post_was_ever_published":false,"footnotes":""},"class_list":["post-62","page","type-page","status-publish","has-post-thumbnail","hentry"],"jetpack_sharing_enabled":true,"jetpack_shortlink":"https:\/\/wp.me\/P9cg66-10","jetpack_likes_enabled":true,"jetpack-related-posts":[{"id":118,"url":"https:\/\/aulanaweb.com\/etefv\/?page_id=118","url_meta":{"origin":62,"position":0},"title":"Oficina de Xadrez","author":"Equipe Diretiva ETEFV","date":"19\/09\/2017","format":false,"excerpt":"Professor Respons\u00e1vel: Roberto Ant\u00f4nio Ferreira de Almeida O xadrez \u00e9 um jogo de est\u00edmulos e respostas para problemas, desenvolvendo assim a capacidade cognitiva do jogador. A oficina de Xadrez da ETEFV busca proporcionar aos alunos a oportunidade de aprender este jogo e competir em diversas competi\u00e7\u00f5es escolares nesta modalidade. A\u2026","rel":"","context":"Post similar","block_context":{"text":"Post similar","link":""},"img":{"alt_text":"","src":"","width":0,"height":0},"classes":[]},{"id":1500,"url":"https:\/\/aulanaweb.com\/etefv\/?page_id=1500","url_meta":{"origin":62,"position":1},"title":"Rela\u00e7\u00e3o de Alunos 2021","author":"Equipe Diretiva ETEFV","date":"30\/03\/2021","format":false,"excerpt":"https:\/\/aulanaweb.com\/etefv\/wp-content\/uploads\/2021\/04\/Turmas2021-Consulta.pdf","rel":"","context":"Post similar","block_context":{"text":"Post similar","link":""},"img":{"alt_text":"","src":"","width":0,"height":0},"classes":[]},{"id":680,"url":"https:\/\/aulanaweb.com\/etefv\/?page_id=680","url_meta":{"origin":62,"position":2},"title":"130 Anos da ETEFV","author":"Equipe Diretiva ETEFV","date":"13\/08\/2018","format":false,"excerpt":"","rel":"","context":"Post similar","block_context":{"text":"Post similar","link":""},"img":{"alt_text":"","src":"","width":0,"height":0},"classes":[]},{"id":77,"url":"https:\/\/aulanaweb.com\/etefv\/?page_id=77","url_meta":{"origin":62,"position":3},"title":"Como Chegar","author":"Equipe Diretiva ETEFV","date":"18\/09\/2017","format":false,"excerpt":"Objetivando auxiliar na busca dos(as) que nos visitam pela primeira vez, buscamos identificar alguns percursos dispon\u00edveis at\u00e9 a ETEFV, para aqueles(as) aqui que desejam estudar, realizar matricula, trabalhar, participar de eventos ou palestras. Esclarecemos que apenas estamos disponibilizando as informa\u00e7\u00f5es que s\u00e3o publicadas pela internet, pois n\u00e3o possuimos qualquer v\u00ednculo\u2026","rel":"","context":"Post similar","block_context":{"text":"Post similar","link":""},"img":{"alt_text":"","src":"","width":0,"height":0},"classes":[]},{"id":748,"url":"https:\/\/aulanaweb.com\/etefv\/?page_id=748","url_meta":{"origin":62,"position":4},"title":"Boletim Escolar","author":"Equipe Diretiva ETEFV","date":"22\/09\/2018","format":false,"excerpt":"(Informa\u00e7\u00f5es para simples confer\u00eancia e n\u00e3o produzem efeitos legais.) \u00a0","rel":"","context":"Post similar","block_context":{"text":"Post similar","link":""},"img":{"alt_text":"","src":"","width":0,"height":0},"classes":[]},{"id":40,"url":"https:\/\/aulanaweb.com\/etefv\/?page_id=40","url_meta":{"origin":62,"position":5},"title":"Setores Escolares","author":"Equipe Diretiva ETEFV","date":"18\/09\/2017","format":false,"excerpt":"Setores Escolares: Supervis\u00e3o Escolar e Orienta\u00e7\u00e3o Educacional Psicologia Escolar Educa\u00e7\u00e3o Especial Setor de Est\u00e1gio Biblioteca","rel":"","context":"Post similar","block_context":{"text":"Post similar","link":""},"img":{"alt_text":"","src":"","width":0,"height":0},"classes":[]}],"_links":{"self":[{"href":"https:\/\/aulanaweb.com\/etefv\/index.php?rest_route=\/wp\/v2\/pages\/62","targetHints":{"allow":["GET"]}}],"collection":[{"href":"https:\/\/aulanaweb.com\/etefv\/index.php?rest_route=\/wp\/v2\/pages"}],"about":[{"href":"https:\/\/aulanaweb.com\/etefv\/index.php?rest_route=\/wp\/v2\/types\/page"}],"author":[{"embeddable":true,"href":"https:\/\/aulanaweb.com\/etefv\/index.php?rest_route=\/wp\/v2\/users\/1"}],"replies":[{"embeddable":true,"href":"https:\/\/aulanaweb.com\/etefv\/index.php?rest_route=%2Fwp%2Fv2%2Fcomments&post=62"}],"version-history":[{"count":6,"href":"https:\/\/aulanaweb.com\/etefv\/index.php?rest_route=\/wp\/v2\/pages\/62\/revisions"}],"predecessor-version":[{"id":3670,"href":"https:\/\/aulanaweb.com\/etefv\/index.php?rest_route=\/wp\/v2\/pages\/62\/revisions\/3670"}],"up":[{"embeddable":true,"href":"https:\/\/aulanaweb.com\/etefv\/index.php?rest_route=\/wp\/v2\/pages\/36"}],"wp:featuredmedia":[{"embeddable":true,"href":"https:\/\/aulanaweb.com\/etefv\/index.php?rest_route=\/wp\/v2\/media\/63"}],"wp:attachment":[{"href":"https:\/\/aulanaweb.com\/etefv\/index.php?rest_route=%2Fwp%2Fv2%2Fmedia&parent=62"}],"curies":[{"name":"wp","href":"https:\/\/api.w.org\/{rel}","templated":true}]}}