{"id":604,"date":"2018-04-24T09:15:00","date_gmt":"2018-04-24T12:15:00","guid":{"rendered":"http:\/\/www.aulanaweb.com\/etefv\/?page_id=604"},"modified":"2019-07-10T21:36:23","modified_gmt":"2019-07-11T00:36:23","slug":"secretaria-escolar-consultas","status":"publish","type":"page","link":"https:\/\/aulanaweb.com\/etefv\/?page_id=604","title":{"rendered":"Acesso restrito"},"content":{"rendered":"<h1 style=\"text-align: center;\"><strong>Secretaria ONLINE<\/strong><\/h1>\n<p>P\u00e1gina para acesso \u00e0s informa\u00e7\u00f5es da Secretaria Escolar da ETEFV. Dados dispon\u00edveis:<\/p>\n\n","protected":false},"excerpt":{"rendered":"<p>Secretaria ONLINE P\u00e1gina para acesso \u00e0s informa\u00e7\u00f5es da Secretaria Escolar da ETEFV. Dados dispon\u00edveis:<\/p>\n","protected":false},"author":1,"featured_media":610,"parent":0,"menu_order":0,"comment_status":"closed","ping_status":"closed","template":"","meta":{"jetpack_post_was_ever_published":false,"footnotes":""},"class_list":["post-604","page","type-page","status-publish","has-post-thumbnail","hentry"],"jetpack_sharing_enabled":true,"jetpack_shortlink":"https:\/\/wp.me\/P9cg66-9K","jetpack_likes_enabled":true,"jetpack-related-posts":[{"id":42,"url":"https:\/\/aulanaweb.com\/etefv\/?page_id=42","url_meta":{"origin":604,"position":0},"title":"Secretaria Escolar","author":"jair","date":"18\/09\/2017","format":false,"excerpt":"Contatos: e-mail: secretaria@etefv.faetec.rj.gov.br ATEN\u00c7\u00c3O: OS TELEFONES DA ESCOLA N\u00c3O EST\u00c3O FUNCIONANDO. UTILIZE O E-MAIL. Equipe: Esther Farias da Silva Jair Seabra da Silva Mariluci Ferreira Fernandes","rel":"","context":"Post similar","block_context":{"text":"Post similar","link":""},"img":{"alt_text":"","src":"","width":0,"height":0},"classes":[]},{"id":748,"url":"https:\/\/aulanaweb.com\/etefv\/?page_id=748","url_meta":{"origin":604,"position":1},"title":"Boletim Escolar","author":"Equipe Diretiva ETEFV","date":"22\/09\/2018","format":false,"excerpt":"(Informa\u00e7\u00f5es para simples confer\u00eancia e n\u00e3o produzem efeitos legais.) \u00a0","rel":"","context":"Post similar","block_context":{"text":"Post similar","link":""},"img":{"alt_text":"","src":"","width":0,"height":0},"classes":[]},{"id":162,"url":"https:\/\/aulanaweb.com\/etefv\/?page_id=162","url_meta":{"origin":604,"position":2},"title":"Centro de Mem\u00f3ria","author":"Equipe Diretiva ETEFV","date":"19\/09\/2017","format":false,"excerpt":"CENTRO DE MEM\u00d3RIA DA ETEFV CONVIDA:OFICINA \"CONHECENDO O ACERVO DA ETEFV ATRAV\u00c9S DA GAMIFICA\u00c7\u00c3O\" (Link) Evento: DATA: 13\/05\/2025 HOR\u00c1RIO: 10h \u00e0s 12h LOCAL: SALA WEB (SALA 137) DESCRI\u00c7\u00c3O: A oficina \u00e9 uma experi\u00eancia pedag\u00f3gica de gamifica\u00e7\u00e3o, que consiste na utiliza\u00e7\u00e3o de jogos como elemento central de aprendizagem. Apresentaremos o jogo\u2026","rel":"","context":"Post similar","block_context":{"text":"Post similar","link":""},"img":{"alt_text":"","src":"https:\/\/i0.wp.com\/aulanaweb.com\/etefv\/wp-content\/uploads\/2024\/06\/imagem_2024-06-26_123845919.png?resize=350%2C200&ssl=1","width":350,"height":200},"classes":[]},{"id":180,"url":"https:\/\/aulanaweb.com\/etefv\/?page_id=180","url_meta":{"origin":604,"position":3},"title":"Fale conosco","author":"Equipe Diretiva ETEFV","date":"20\/09\/2017","format":false,"excerpt":"ATEN\u00c7\u00c3O:\u00a0 OS TELEFONES DA ESCOLA N\u00c3O EST\u00c3O FUNCIONANDO, UTILIZE OS E-MAILS ABAIXO. E-mail da Equipe Diretiva:Dire\u00e7\u00e3o geraldirecao@etefv.faetec.rj.gov.brCoordena\u00e7\u00e3o Adjunta Administrativadirecao.administrativa@etefv.faetec.rj.gov.brCoordena\u00e7\u00e3o Adjunta Pedag\u00f3gicadirecao.pedagogica@etefv.faetec.rj.gov.brCoordena\u00e7\u00e3o Adjunta\u00a0T\u00e9cnicadirecao.tecnica@etefv.faetec.rj.gov.br E-mail da Secretaria Escolar:secretaria@etefv.faetec.rj.gov.br E-mail do N\u00facleo de Pessoal:pessoal@etefv.faetec.rj.gov.br E-mail do Setor de Est\u00e1gio:est\u00e1gio@etefv.faetec.rj.gov.br E-mail dos Coordenadores T\u00e9cnicos ( EMI e Subsequente):\u00a0Coordenador T\u00e9cnico Edifica\u00e7\u00f5es\u00a0coordenacao.edificacoes.emi@etefv.faetec.rj.gov.br\u00a0Coordenador T\u00e9cnico Eletr\u00f4nica\u00a0coordenacao.eletronica.emi@etefv.faetec.rj.gov.br\u00a0Coordenador T\u00e9cnico\u00a0Eletrot\u00e9cnica\u00a0coordenacao.eletrotecnica.emi@etefv.faetec.rj.gov.br\u00a0Coordenador T\u00e9cnico\u2026","rel":"","context":"Post similar","block_context":{"text":"Post similar","link":""},"img":{"alt_text":"","src":"","width":0,"height":0},"classes":[]},{"id":124,"url":"https:\/\/aulanaweb.com\/etefv\/?page_id=124","url_meta":{"origin":604,"position":4},"title":"Supervis\u00e3o Escolar e Orienta\u00e7\u00e3o Educacional","author":"Marta Maria Maciel da Silva","date":"06\/04\/2024","format":false,"excerpt":"Componentes da equipe: Diurno(EMI): EM ATUALIZA\u00c7\u00c3O Noturno (SUBSEQUENTE):Supervis\u00e3o e Orienta\u00e7\u00e3o \u2013 Carolina Em\u00edlia Contatos por e-mail (supervis\u00e3o e orienta\u00e7\u00e3o): EMI: supervisao.edificacoes@etefv.faetec.rj.gov.br supervisao.eletronica@etefv.faetec.rj.gov.br supervisao.mecanica@etefv.faetec.rj.gov.br supervisao.telecomunicacoes@etefv.faetec.rj.gov.br supervisao.eletrotecnica@etefv.faetec.rj.gov.br orientacao.edificacoes@etefv.faetec.rj.gov.br orientacao.eletronica@etefv.faetec.rj.gov.br orientacao.mecanica@etefv.faetec.rj.gov.br orientacao.telecomunicacoes@etefv.faetec.rj.gov.br orientacao.eletrotecnica@etefv.faetec.rj.gov.br Subsequente: supervisao.subsequente@etefv.faetec.rj.gov.br orientacao.subsequente@etefv.faetec.rj.gov.br Principais atribui\u00e7\u00f5es da equipe de Supervis\u00e3o Escolar: Desenvolver pesquisa de campo, promovendo visitas, consultas e debates no\u2026","rel":"","context":"Post similar","block_context":{"text":"Post similar","link":""},"img":{"alt_text":"","src":"","width":0,"height":0},"classes":[]},{"id":740,"url":"https:\/\/aulanaweb.com\/etefv\/?page_id=740","url_meta":{"origin":604,"position":5},"title":"Boletim Escolar","author":"Equipe Diretiva ETEFV","date":"21\/09\/2018","format":false,"excerpt":"O sistema de consulta ao boletim do aluno foi restaurado hoje (21\/09). Para o aluno consultar o seu boletim basta digitar a sua matr\u00edcula e clicar no bot\u00e3o \"Exibir o Boletim Escolar\" na p\u00e1gina inicial do site da ETEFV.","rel":"","context":"Post similar","block_context":{"text":"Post similar","link":""},"img":{"alt_text":"","src":"https:\/\/i0.wp.com\/aulanaweb.com\/etefv\/wp-content\/uploads\/2018\/09\/Boletim.png?fit=800%2C420&ssl=1&resize=350%2C200","width":350,"height":200,"srcset":"https:\/\/i0.wp.com\/aulanaweb.com\/etefv\/wp-content\/uploads\/2018\/09\/Boletim.png?fit=800%2C420&ssl=1&resize=350%2C200 1x, https:\/\/i0.wp.com\/aulanaweb.com\/etefv\/wp-content\/uploads\/2018\/09\/Boletim.png?fit=800%2C420&ssl=1&resize=525%2C300 1.5x, https:\/\/i0.wp.com\/aulanaweb.com\/etefv\/wp-content\/uploads\/2018\/09\/Boletim.png?fit=800%2C420&ssl=1&resize=700%2C400 2x"},"classes":[]}],"_links":{"self":[{"href":"https:\/\/aulanaweb.com\/etefv\/index.php?rest_route=\/wp\/v2\/pages\/604","targetHints":{"allow":["GET"]}}],"collection":[{"href":"https:\/\/aulanaweb.com\/etefv\/index.php?rest_route=\/wp\/v2\/pages"}],"about":[{"href":"https:\/\/aulanaweb.com\/etefv\/index.php?rest_route=\/wp\/v2\/types\/page"}],"author":[{"embeddable":true,"href":"https:\/\/aulanaweb.com\/etefv\/index.php?rest_route=\/wp\/v2\/users\/1"}],"replies":[{"embeddable":true,"href":"https:\/\/aulanaweb.com\/etefv\/index.php?rest_route=%2Fwp%2Fv2%2Fcomments&post=604"}],"version-history":[{"count":0,"href":"https:\/\/aulanaweb.com\/etefv\/index.php?rest_route=\/wp\/v2\/pages\/604\/revisions"}],"wp:featuredmedia":[{"embeddable":true,"href":"https:\/\/aulanaweb.com\/etefv\/index.php?rest_route=\/wp\/v2\/media\/610"}],"wp:attachment":[{"href":"https:\/\/aulanaweb.com\/etefv\/index.php?rest_route=%2Fwp%2Fv2%2Fmedia&parent=604"}],"curies":[{"name":"wp","href":"https:\/\/api.w.org\/{rel}","templated":true}]}}