{"id":590,"date":"2018-04-23T12:31:09","date_gmt":"2018-04-23T15:31:09","guid":{"rendered":"http:\/\/www.aulanaweb.com\/etefv\/?page_id=590"},"modified":"2026-04-08T09:45:30","modified_gmt":"2026-04-08T12:45:30","slug":"calendario-escolar","status":"publish","type":"page","link":"https:\/\/aulanaweb.com\/etefv\/?page_id=590","title":{"rendered":"Calend\u00e1rios Escolares"},"content":{"rendered":"\n<p>Est\u00e3o dispon\u00edveis os calend\u00e1rios para o ano letivo de 2026:<\/p>\n\n\n\n<ul class=\"wp-block-list\">\n<li><strong>Calend\u00e1rio &#8211; Educa\u00e7\u00e3o Profissional T\u00e9cnica de n\u00edvel M\u00e9dio Integrado<\/strong><\/li>\n<\/ul>\n\n\n\n<div data-wp-interactive=\"core\/file\" class=\"wp-block-file\"><object data-wp-bind--hidden=\"!state.hasPdfPreview\" hidden class=\"wp-block-file__embed\" data=\"https:\/\/aulanaweb.com\/etefv\/wp-content\/uploads\/2026\/04\/Calendario___EM_Integrado__2026__1_ETEFV.pdf\" type=\"application\/pdf\" style=\"width:100%;height:600px\" aria-label=\"Incorporado de Calendario___EM_Integrado__2026__1_ETEFV.\"><\/object><a id=\"wp-block-file--media-08bddec8-94c6-41a6-99b8-06064e7a1952\" href=\"https:\/\/aulanaweb.com\/etefv\/wp-content\/uploads\/2026\/04\/Calendario___EM_Integrado__2026__1_ETEFV.pdf\" target=\"_blank\" rel=\"noreferrer noopener\">Calendario___EM_Integrado__2026__1_ETEFV<\/a><a href=\"https:\/\/aulanaweb.com\/etefv\/wp-content\/uploads\/2026\/04\/Calendario___EM_Integrado__2026__1_ETEFV.pdf\" class=\"wp-block-file__button wp-element-button\" download aria-describedby=\"wp-block-file--media-08bddec8-94c6-41a6-99b8-06064e7a1952\">Baixar<\/a><\/div>\n\n\n\n<ul class=\"wp-block-list\">\n<li><strong>Calend\u00e1rio &#8211; Educa\u00e7\u00e3o Profissional T\u00e9cnica de n\u00edvel M\u00e9dio Concomitante Externo \/ Subsequente<\/strong><\/li>\n<\/ul>\n\n\n\n<div data-wp-interactive=\"core\/file\" class=\"wp-block-file\"><object data-wp-bind--hidden=\"!state.hasPdfPreview\" hidden class=\"wp-block-file__embed\" data=\"https:\/\/aulanaweb.com\/etefv\/wp-content\/uploads\/2026\/04\/Calendario___Subsequente__2026__1_ETEFV.pdf\" type=\"application\/pdf\" style=\"width:100%;height:600px\" aria-label=\"Incorporado de Calendario___Subsequente__2026__1_ETEFV.\"><\/object><a id=\"wp-block-file--media-ebc891f7-356a-456d-b957-ba2687ec8824\" href=\"https:\/\/aulanaweb.com\/etefv\/wp-content\/uploads\/2026\/04\/Calendario___Subsequente__2026__1_ETEFV.pdf\" target=\"_blank\" rel=\"noreferrer noopener\">Calendario___Subsequente__2026__1_ETEFV<\/a><a href=\"https:\/\/aulanaweb.com\/etefv\/wp-content\/uploads\/2026\/04\/Calendario___Subsequente__2026__1_ETEFV.pdf\" class=\"wp-block-file__button wp-element-button\" download aria-describedby=\"wp-block-file--media-ebc891f7-356a-456d-b957-ba2687ec8824\">Baixar<\/a><\/div>\n","protected":false},"excerpt":{"rendered":"<p>Est\u00e3o dispon\u00edveis os calend\u00e1rios para o ano letivo de 2026:<\/p>\n","protected":false},"author":1,"featured_media":0,"parent":0,"menu_order":0,"comment_status":"closed","ping_status":"closed","template":"","meta":{"jetpack_post_was_ever_published":false,"footnotes":""},"class_list":["post-590","page","type-page","status-publish","hentry"],"jetpack_sharing_enabled":true,"jetpack_shortlink":"https:\/\/wp.me\/P9cg66-9w","jetpack_likes_enabled":true,"jetpack-related-posts":[],"_links":{"self":[{"href":"https:\/\/aulanaweb.com\/etefv\/index.php?rest_route=\/wp\/v2\/pages\/590","targetHints":{"allow":["GET"]}}],"collection":[{"href":"https:\/\/aulanaweb.com\/etefv\/index.php?rest_route=\/wp\/v2\/pages"}],"about":[{"href":"https:\/\/aulanaweb.com\/etefv\/index.php?rest_route=\/wp\/v2\/types\/page"}],"author":[{"embeddable":true,"href":"https:\/\/aulanaweb.com\/etefv\/index.php?rest_route=\/wp\/v2\/users\/1"}],"replies":[{"embeddable":true,"href":"https:\/\/aulanaweb.com\/etefv\/index.php?rest_route=%2Fwp%2Fv2%2Fcomments&post=590"}],"version-history":[{"count":23,"href":"https:\/\/aulanaweb.com\/etefv\/index.php?rest_route=\/wp\/v2\/pages\/590\/revisions"}],"predecessor-version":[{"id":4710,"href":"https:\/\/aulanaweb.com\/etefv\/index.php?rest_route=\/wp\/v2\/pages\/590\/revisions\/4710"}],"wp:attachment":[{"href":"https:\/\/aulanaweb.com\/etefv\/index.php?rest_route=%2Fwp%2Fv2%2Fmedia&parent=590"}],"curies":[{"name":"wp","href":"https:\/\/api.w.org\/{rel}","templated":true}]}}