{"id":44,"date":"2017-09-18T14:51:31","date_gmt":"2017-09-18T17:51:31","guid":{"rendered":"http:\/\/aulanaweb.com\/etefv\/?page_id=44"},"modified":"2018-06-26T19:19:38","modified_gmt":"2018-06-26T22:19:38","slug":"projetos","status":"publish","type":"page","link":"https:\/\/aulanaweb.com\/etefv\/?page_id=44","title":{"rendered":"Projetos"},"content":{"rendered":"<p>Desculpe-nos, o conte\u00fado desta p\u00e1gina ainda encontra-se em desenvolvimento.<\/p>\n","protected":false},"excerpt":{"rendered":"<p>Desculpe-nos, o conte\u00fado desta p\u00e1gina ainda encontra-se em desenvolvimento.<\/p>\n","protected":false},"author":1,"featured_media":0,"parent":0,"menu_order":0,"comment_status":"closed","ping_status":"closed","template":"","meta":{"footnotes":""},"class_list":["post-44","page","type-page","status-publish","hentry"],"jetpack_sharing_enabled":true,"jetpack_shortlink":"https:\/\/wp.me\/P9cg66-I","jetpack_likes_enabled":true,"jetpack-related-posts":[{"id":112,"url":"https:\/\/aulanaweb.com\/etefv\/?page_id=112","url_meta":{"origin":44,"position":0},"title":"Oficina de Rob\u00f3tica","author":"Equipe Diretiva ETEFV","date":"19\/09\/2017","format":false,"excerpt":"Desculpe-nos, o conte\u00fado desta p\u00e1gina ainda encontra-se em desenvolvimento.","rel":"","context":"Post similar","block_context":{"text":"Post similar","link":""},"img":{"alt_text":"","src":"","width":0,"height":0},"classes":[]},{"id":114,"url":"https:\/\/aulanaweb.com\/etefv\/?page_id=114","url_meta":{"origin":44,"position":1},"title":"Oficina de Marcenaria","author":"Equipe Diretiva ETEFV","date":"19\/09\/2017","format":false,"excerpt":"Desculpe-nos, o conte\u00fado desta p\u00e1gina ainda encontra-se em desenvolvimento.","rel":"","context":"Post similar","block_context":{"text":"Post similar","link":""},"img":{"alt_text":"","src":"","width":0,"height":0},"classes":[]},{"id":134,"url":"https:\/\/aulanaweb.com\/etefv\/?page_id=134","url_meta":{"origin":44,"position":2},"title":"Coordena\u00e7\u00e3o","author":"Equipe Diretiva ETEFV","date":"19\/09\/2017","format":false,"excerpt":"Desculpe-nos, o conte\u00fado desta p\u00e1gina ainda encontra-se em desenvolvimento.","rel":"","context":"Post similar","block_context":{"text":"Post similar","link":""},"img":{"alt_text":"","src":"","width":0,"height":0},"classes":[]},{"id":138,"url":"https:\/\/aulanaweb.com\/etefv\/?page_id=138","url_meta":{"origin":44,"position":3},"title":"Laborat\u00f3rios","author":"Equipe Diretiva ETEFV","date":"19\/09\/2017","format":false,"excerpt":"Desculpe-nos, o conte\u00fado desta p\u00e1gina ainda encontra-se em desenvolvimento.","rel":"","context":"Post similar","block_context":{"text":"Post similar","link":""},"img":{"alt_text":"","src":"","width":0,"height":0},"classes":[]},{"id":140,"url":"https:\/\/aulanaweb.com\/etefv\/?page_id=140","url_meta":{"origin":44,"position":4},"title":"Componentes Curriculares","author":"Equipe Diretiva ETEFV","date":"19\/09\/2017","format":false,"excerpt":"Desculpe-nos, o conte\u00fado desta p\u00e1gina ainda encontra-se em desenvolvimento.","rel":"","context":"Post similar","block_context":{"text":"Post similar","link":""},"img":{"alt_text":"","src":"","width":0,"height":0},"classes":[]},{"id":116,"url":"https:\/\/aulanaweb.com\/etefv\/?page_id=116","url_meta":{"origin":44,"position":5},"title":"Escola de Projetos","author":"Equipe Diretiva ETEFV","date":"19\/09\/2017","format":false,"excerpt":"A Escola de Projetos realiza a orienta\u00e7\u00e3o para o desenvolvimento de projetos para posterior envio a ag\u00eancias de fomento. Esta orienta\u00e7\u00e3o \u00e9 realizada em parceria com outros docentes Mestres e Doutores, atuantes em projetos educacionais, na \u00e1rea da Ci\u00eancia e Tecnologia,\u00a0 em disciplinas do Ensino Profissional ligadas aos cursos nos\u2026","rel":"","context":"Post similar","block_context":{"text":"Post similar","link":""},"img":{"alt_text":"","src":"","width":0,"height":0},"classes":[]}],"_links":{"self":[{"href":"https:\/\/aulanaweb.com\/etefv\/index.php?rest_route=\/wp\/v2\/pages\/44","targetHints":{"allow":["GET"]}}],"collection":[{"href":"https:\/\/aulanaweb.com\/etefv\/index.php?rest_route=\/wp\/v2\/pages"}],"about":[{"href":"https:\/\/aulanaweb.com\/etefv\/index.php?rest_route=\/wp\/v2\/types\/page"}],"author":[{"embeddable":true,"href":"https:\/\/aulanaweb.com\/etefv\/index.php?rest_route=\/wp\/v2\/users\/1"}],"replies":[{"embeddable":true,"href":"https:\/\/aulanaweb.com\/etefv\/index.php?rest_route=%2Fwp%2Fv2%2Fcomments&post=44"}],"version-history":[{"count":0,"href":"https:\/\/aulanaweb.com\/etefv\/index.php?rest_route=\/wp\/v2\/pages\/44\/revisions"}],"wp:attachment":[{"href":"https:\/\/aulanaweb.com\/etefv\/index.php?rest_route=%2Fwp%2Fv2%2Fmedia&parent=44"}],"curies":[{"name":"wp","href":"https:\/\/api.w.org\/{rel}","templated":true}]}}