{"id":4286,"date":"2025-09-26T11:36:51","date_gmt":"2025-09-26T14:36:51","guid":{"rendered":"https:\/\/aulanaweb.com\/etefv\/?page_id=4286"},"modified":"2025-10-06T19:33:01","modified_gmt":"2025-10-06T22:33:01","slug":"matriz-curricular-subsequente","status":"publish","type":"page","link":"https:\/\/aulanaweb.com\/etefv\/?page_id=4286","title":{"rendered":"Matriz Curricular Subsequente"},"content":{"rendered":"\n<div class=\"wp-block-buttons is-layout-flex wp-block-buttons-is-layout-flex\">\n<div class=\"wp-block-button\"><a class=\"wp-block-button__link wp-element-button\" href=\"https:\/\/aulanaweb.com\/etefv\/wp-content\/uploads\/2025\/10\/TECNICO-EDIFICACOES-SUB.pdf\" target=\"_blank\" rel=\"noreferrer noopener\">Edifica\u00e7\u00f5es<\/a><\/div>\n\n\n\n<div class=\"wp-block-button\"><a class=\"wp-block-button__link wp-element-button\" href=\"https:\/\/aulanaweb.com\/etefv\/wp-content\/uploads\/2025\/10\/TECNICO-ELETRONICA-SUB.pdf\" target=\"_blank\" rel=\"noreferrer noopener\">Eletr\u00f4nica<\/a><\/div>\n\n\n\n<div class=\"wp-block-button\"><a class=\"wp-block-button__link wp-element-button\" href=\"https:\/\/aulanaweb.com\/etefv\/wp-content\/uploads\/2025\/10\/TECNICO-ELETROTECNICA-SUB.pdf\" target=\"_blank\" rel=\"noreferrer noopener\">Eletrot\u00e9cnica<\/a><\/div>\n\n\n\n<div class=\"wp-block-button\"><a class=\"wp-block-button__link wp-element-button\" href=\"https:\/\/aulanaweb.com\/etefv\/wp-content\/uploads\/2025\/10\/TECNICO-MECANICA-SUB.pdf\" target=\"_blank\" rel=\"noreferrer noopener\">Mec\u00e2nica<\/a><\/div>\n\n\n\n<div class=\"wp-block-button\"><a class=\"wp-block-button__link wp-element-button\" href=\"https:\/\/aulanaweb.com\/etefv\/wp-content\/uploads\/2025\/10\/TECNICO-TELECOMUNICACOES-SUB.pdf\" target=\"_blank\" rel=\"noreferrer noopener\">Telecomunica\u00e7\u00f5es<\/a><\/div>\n<\/div>\n\n\n","protected":false},"excerpt":{"rendered":"","protected":false},"author":9,"featured_media":0,"parent":0,"menu_order":0,"comment_status":"closed","ping_status":"closed","template":"","meta":{"footnotes":""},"class_list":["post-4286","page","type-page","status-publish","hentry"],"jetpack_sharing_enabled":true,"jetpack_shortlink":"https:\/\/wp.me\/P9cg66-178","jetpack_likes_enabled":true,"jetpack-related-posts":[{"id":4268,"url":"https:\/\/aulanaweb.com\/etefv\/?page_id=4268","url_meta":{"origin":4286,"position":0},"title":"Matriz Curricular EMI (a partir de 2025)","author":"Sebasti\u00e3o Sant\u00b4Anna","date":"26\/09\/2025","format":false,"excerpt":"Edifica\u00e7\u00f5es Eletr\u00f4nica Eletrot\u00e9cnica Mec\u00e2nica Telecomunica\u00e7\u00f5es","rel":"","context":"Post similar","block_context":{"text":"Post similar","link":""},"img":{"alt_text":"","src":"","width":0,"height":0},"classes":[]},{"id":180,"url":"https:\/\/aulanaweb.com\/etefv\/?page_id=180","url_meta":{"origin":4286,"position":1},"title":"Fale conosco","author":"Equipe Diretiva ETEFV","date":"20\/09\/2017","format":false,"excerpt":"ATEN\u00c7\u00c3O:\u00a0 OS TELEFONES DA ESCOLA N\u00c3O EST\u00c3O FUNCIONANDO, UTILIZE OS E-MAILS ABAIXO. E-mail da Equipe Diretiva:Dire\u00e7\u00e3o geraldirecao@etefv.faetec.rj.gov.brCoordena\u00e7\u00e3o Adjunta Administrativadirecao.administrativa@etefv.faetec.rj.gov.brCoordena\u00e7\u00e3o Adjunta Pedag\u00f3gicadirecao.pedagogica@etefv.faetec.rj.gov.brCoordena\u00e7\u00e3o Adjunta\u00a0T\u00e9cnicadirecao.tecnica@etefv.faetec.rj.gov.br E-mail da Secretaria Escolar:secretaria@etefv.faetec.rj.gov.br E-mail do N\u00facleo de Pessoal:pessoal@etefv.faetec.rj.gov.br E-mail do Setor de Est\u00e1gio:est\u00e1gio@etefv.faetec.rj.gov.br E-mail dos Coordenadores T\u00e9cnicos ( EMI e Subsequente):\u00a0Coordenador T\u00e9cnico Edifica\u00e7\u00f5es\u00a0coordenacao.edificacoes.emi@etefv.faetec.rj.gov.br\u00a0Coordenador T\u00e9cnico Eletr\u00f4nica\u00a0coordenacao.eletronica.emi@etefv.faetec.rj.gov.br\u00a0Coordenador T\u00e9cnico\u00a0Eletrot\u00e9cnica\u00a0coordenacao.eletrotecnica.emi@etefv.faetec.rj.gov.br\u00a0Coordenador T\u00e9cnico\u2026","rel":"","context":"Post similar","block_context":{"text":"Post similar","link":""},"img":{"alt_text":"","src":"","width":0,"height":0},"classes":[]},{"id":126,"url":"https:\/\/aulanaweb.com\/etefv\/?page_id=126","url_meta":{"origin":4286,"position":2},"title":"Orienta\u00e7\u00e3o Educacional","author":"Marta Maria Maciel da Silva","date":"19\/09\/2017","format":false,"excerpt":"Componentes da Equipe: Turmas 2023 EMI Supervisoras: SE Maria Rosa: 1111, 1211, 2211, 3111, 1101, 1201, 1202, 2101, 2201, 3101, 3201,1121, 1221 e 2121 SE Patr\u00edcia: 1151, 1151, 1251, 1252, 2151, 3151, 3251, 1141, 1142, 1241, 2241, 3141, 3241,3121 e 3221 Edifica\u00e7\u00f5es (7 turmas)1101 \u2013 C\u00e9lia1201 \u2013 C\u00e9lia1202 \u2013 C\u00e9lia2101\u2026","rel":"","context":"Post similar","block_context":{"text":"Post similar","link":""},"img":{"alt_text":"","src":"","width":0,"height":0},"classes":[]},{"id":1871,"url":"https:\/\/aulanaweb.com\/etefv\/?page_id=1871","url_meta":{"origin":4286,"position":3},"title":"Processo seletivo &#8211; FAETEC 2022","author":"Equipe Diretiva ETEFV","date":"09\/12\/2021","format":false,"excerpt":"PROCESSO SELETIVO DE CANDIDATOS PARA INGRESSO NOS CURSOS DE ENSINO T\u00c9CNICO DE N\u00cdVEL M\u00c9DIO NA FORMA DE ORGANIZA\u00c7\u00c3O ARTICULADA: INTEGRADA Vagas ETEFV (diurno): Edifica\u00e7\u00f5es - Diurno\u00a0 - 45 vagas; Eletr\u00f4nica - Diurno - 55 vagas; Eletrot\u00e9cnica - Diurno - 30 vagas; Mec\u00e2nica - Diurno - 35 vagas; Telecomunica\u00e7\u00f5es - Diurno\u2026","rel":"","context":"Post similar","block_context":{"text":"Post similar","link":""},"img":{"alt_text":"","src":"https:\/\/i0.wp.com\/aulanaweb.com\/etefv\/wp-content\/uploads\/2021\/12\/WhatsApp-Image-2021-12-06-at-10.20.18.jpeg?fit=628%2C393&ssl=1&resize=350%2C200","width":350,"height":200,"srcset":"https:\/\/i0.wp.com\/aulanaweb.com\/etefv\/wp-content\/uploads\/2021\/12\/WhatsApp-Image-2021-12-06-at-10.20.18.jpeg?fit=628%2C393&ssl=1&resize=350%2C200 1x, https:\/\/i0.wp.com\/aulanaweb.com\/etefv\/wp-content\/uploads\/2021\/12\/WhatsApp-Image-2021-12-06-at-10.20.18.jpeg?fit=628%2C393&ssl=1&resize=525%2C300 1.5x"},"classes":[]},{"id":116,"url":"https:\/\/aulanaweb.com\/etefv\/?page_id=116","url_meta":{"origin":4286,"position":4},"title":"Escola de Projetos","author":"Equipe Diretiva ETEFV","date":"19\/09\/2017","format":false,"excerpt":"A Escola de Projetos realiza a orienta\u00e7\u00e3o para o desenvolvimento de projetos para posterior envio a ag\u00eancias de fomento. Esta orienta\u00e7\u00e3o \u00e9 realizada em parceria com outros docentes Mestres e Doutores, atuantes em projetos educacionais, na \u00e1rea da Ci\u00eancia e Tecnologia,\u00a0 em disciplinas do Ensino Profissional ligadas aos cursos nos\u2026","rel":"","context":"Post similar","block_context":{"text":"Post similar","link":""},"img":{"alt_text":"","src":"","width":0,"height":0},"classes":[]},{"id":34,"url":"https:\/\/aulanaweb.com\/etefv\/?page_id=34","url_meta":{"origin":4286,"position":5},"title":"A Escola","author":"Equipe Diretiva ETEFV","date":"18\/09\/2017","format":false,"excerpt":"A ETEFV, unidade de educa\u00e7\u00e3o T\u00e9cnica de n\u00edvel M\u00e9dio mantida pela FAETEC, tem como objetivo formar T\u00e9cnicos de n\u00edvel M\u00e9dio nas \u00e1reas de Edifica\u00e7\u00f5es, Eletr\u00f4nica, Eletrot\u00e9cnica, Mec\u00e2nica, Saneamento e Telecomunica\u00e7\u00f5es, aptos a desenvolver atividades t\u00e9cnicas no mercado de trabalho. Miss\u00e3o: Promover atividades integradas de ensino, visando o desenvolvimento humano-tecnol\u00f3gico, a\u2026","rel":"","context":"Post similar","block_context":{"text":"Post similar","link":""},"img":{"alt_text":"","src":"https:\/\/i0.wp.com\/aulanaweb.com\/etefv\/wp-content\/uploads\/2021\/12\/Imagem2-300x209.png?resize=350%2C200&ssl=1","width":350,"height":200},"classes":[]}],"_links":{"self":[{"href":"https:\/\/aulanaweb.com\/etefv\/index.php?rest_route=\/wp\/v2\/pages\/4286","targetHints":{"allow":["GET"]}}],"collection":[{"href":"https:\/\/aulanaweb.com\/etefv\/index.php?rest_route=\/wp\/v2\/pages"}],"about":[{"href":"https:\/\/aulanaweb.com\/etefv\/index.php?rest_route=\/wp\/v2\/types\/page"}],"author":[{"embeddable":true,"href":"https:\/\/aulanaweb.com\/etefv\/index.php?rest_route=\/wp\/v2\/users\/9"}],"replies":[{"embeddable":true,"href":"https:\/\/aulanaweb.com\/etefv\/index.php?rest_route=%2Fwp%2Fv2%2Fcomments&post=4286"}],"version-history":[{"count":4,"href":"https:\/\/aulanaweb.com\/etefv\/index.php?rest_route=\/wp\/v2\/pages\/4286\/revisions"}],"predecessor-version":[{"id":4334,"href":"https:\/\/aulanaweb.com\/etefv\/index.php?rest_route=\/wp\/v2\/pages\/4286\/revisions\/4334"}],"wp:attachment":[{"href":"https:\/\/aulanaweb.com\/etefv\/index.php?rest_route=%2Fwp%2Fv2%2Fmedia&parent=4286"}],"curies":[{"name":"wp","href":"https:\/\/api.w.org\/{rel}","templated":true}]}}