{"id":42,"date":"2017-09-18T14:51:23","date_gmt":"2017-09-18T17:51:23","guid":{"rendered":"http:\/\/aulanaweb.com\/etefv\/?page_id=42"},"modified":"2026-04-26T18:33:20","modified_gmt":"2026-04-26T21:33:20","slug":"secretaria-escolar","status":"publish","type":"page","link":"https:\/\/aulanaweb.com\/etefv\/?page_id=42","title":{"rendered":"Secretaria Escolar"},"content":{"rendered":"<p><strong>Contatos:<\/strong><br \/>\ne-mail: secretaria@etefv.faetec.rj.gov.br<\/p>\n<p>ATEN\u00c7\u00c3O: <span style=\"color: #ff0000;\">OS TELEFONES DA ESCOLA N\u00c3O EST\u00c3O FUNCIONANDO. <a href=\"https:\/\/aulanaweb.com\/etefv\/?page_id=180\" target=\"_blank\" rel=\"noopener\"><span style=\"text-decoration: underline;\"><strong>UTILIZE O E-MAIL<\/strong><\/span><\/a>.<\/span><\/p>\n<p><strong>Equipe:<\/strong><br \/>\nEsther Farias da Silva<br \/>\nJair Seabra da Silva<br \/>\nMariluci Ferreira Fernandes<\/p>\n","protected":false},"excerpt":{"rendered":"<p>Contatos: e-mail: secretaria@etefv.faetec.rj.gov.br ATEN\u00c7\u00c3O: OS TELEFONES DA ESCOLA N\u00c3O EST\u00c3O FUNCIONANDO. UTILIZE O E-MAIL. Equipe: Esther Farias da Silva Jair Seabra da Silva Mariluci Ferreira Fernandes<\/p>\n","protected":false},"author":3,"featured_media":189,"parent":0,"menu_order":0,"comment_status":"closed","ping_status":"closed","template":"","meta":{"footnotes":""},"class_list":["post-42","page","type-page","status-publish","has-post-thumbnail","hentry"],"jetpack_sharing_enabled":true,"jetpack_shortlink":"https:\/\/wp.me\/P9cg66-G","jetpack_likes_enabled":true,"jetpack-related-posts":[{"id":604,"url":"https:\/\/aulanaweb.com\/etefv\/?page_id=604","url_meta":{"origin":42,"position":0},"title":"Acesso restrito","author":"Equipe Diretiva ETEFV","date":"24\/04\/2018","format":false,"excerpt":"Secretaria ONLINE P\u00e1gina para acesso \u00e0s informa\u00e7\u00f5es da Secretaria Escolar da ETEFV. Dados dispon\u00edveis:","rel":"","context":"Post similar","block_context":{"text":"Post similar","link":""},"img":{"alt_text":"","src":"https:\/\/i0.wp.com\/aulanaweb.com\/etefv\/wp-content\/uploads\/2018\/04\/acesso-restrito.jpg?fit=228%2C228&ssl=1&resize=350%2C200","width":350,"height":200},"classes":[]},{"id":180,"url":"https:\/\/aulanaweb.com\/etefv\/?page_id=180","url_meta":{"origin":42,"position":1},"title":"Fale conosco","author":"Equipe Diretiva ETEFV","date":"20\/09\/2017","format":false,"excerpt":"ATEN\u00c7\u00c3O:\u00a0 OS TELEFONES DA ESCOLA N\u00c3O EST\u00c3O FUNCIONANDO, UTILIZE OS E-MAILS ABAIXO. E-mail da Equipe Diretiva:Dire\u00e7\u00e3o geraldirecao@etefv.faetec.rj.gov.brCoordena\u00e7\u00e3o Adjunta Administrativadirecao.administrativa@etefv.faetec.rj.gov.brCoordena\u00e7\u00e3o Adjunta Pedag\u00f3gicadirecao.pedagogica@etefv.faetec.rj.gov.brCoordena\u00e7\u00e3o Adjunta\u00a0T\u00e9cnicadirecao.tecnica@etefv.faetec.rj.gov.br E-mail da Secretaria Escolar:secretaria@etefv.faetec.rj.gov.br E-mail do N\u00facleo de Pessoal:pessoal@etefv.faetec.rj.gov.br E-mail do Setor de Est\u00e1gio:est\u00e1gio@etefv.faetec.rj.gov.br E-mail dos Coordenadores T\u00e9cnicos ( EMI e Subsequente):\u00a0Coordenador T\u00e9cnico Edifica\u00e7\u00f5es\u00a0coordenacao.edificacoes.emi@etefv.faetec.rj.gov.br\u00a0Coordenador T\u00e9cnico Eletr\u00f4nica\u00a0coordenacao.eletronica.emi@etefv.faetec.rj.gov.br\u00a0Coordenador T\u00e9cnico\u00a0Eletrot\u00e9cnica\u00a0coordenacao.eletrotecnica.emi@etefv.faetec.rj.gov.br\u00a0Coordenador T\u00e9cnico\u2026","rel":"","context":"Post similar","block_context":{"text":"Post similar","link":""},"img":{"alt_text":"","src":"","width":0,"height":0},"classes":[]},{"id":124,"url":"https:\/\/aulanaweb.com\/etefv\/?page_id=124","url_meta":{"origin":42,"position":2},"title":"Supervis\u00e3o Escolar e Orienta\u00e7\u00e3o Educacional","author":"Marta Maria Maciel da Silva","date":"06\/04\/2024","format":false,"excerpt":"Componentes da equipe: Diurno(EMI): EM ATUALIZA\u00c7\u00c3O Noturno (SUBSEQUENTE):Supervis\u00e3o e Orienta\u00e7\u00e3o \u2013 Carolina Em\u00edlia Contatos por e-mail (supervis\u00e3o e orienta\u00e7\u00e3o): EMI: supervisao.edificacoes@etefv.faetec.rj.gov.br supervisao.eletronica@etefv.faetec.rj.gov.br supervisao.mecanica@etefv.faetec.rj.gov.br supervisao.telecomunicacoes@etefv.faetec.rj.gov.br supervisao.eletrotecnica@etefv.faetec.rj.gov.br orientacao.edificacoes@etefv.faetec.rj.gov.br orientacao.eletronica@etefv.faetec.rj.gov.br orientacao.mecanica@etefv.faetec.rj.gov.br orientacao.telecomunicacoes@etefv.faetec.rj.gov.br orientacao.eletrotecnica@etefv.faetec.rj.gov.br Subsequente: supervisao.subsequente@etefv.faetec.rj.gov.br orientacao.subsequente@etefv.faetec.rj.gov.br Principais atribui\u00e7\u00f5es da equipe de Supervis\u00e3o Escolar: Desenvolver pesquisa de campo, promovendo visitas, consultas e debates no\u2026","rel":"","context":"Post similar","block_context":{"text":"Post similar","link":""},"img":{"alt_text":"","src":"","width":0,"height":0},"classes":[]},{"id":175,"url":"https:\/\/aulanaweb.com\/etefv\/?page_id=175","url_meta":{"origin":42,"position":3},"title":"Infraestrutura","author":"Equipe Diretiva ETEFV","date":"20\/09\/2017","format":false,"excerpt":"LABORAT\u00d3RIOS Laborat\u00f3rios de Eletr\u00f4nica: Laborat\u00f3rio 1 \u2013 capacidade para 20 alunos. Laborat\u00f3rio 2 \u2013 capacidade para 20 alunos. Laborat\u00f3rio 3 \u2013 capacidade para 20 alunos. Laborat\u00f3rio 4 \u2013 capacidade para 20 alunos. Laborat\u00f3rio 5 \u2013 capacidade para 20 alunos. Laborat\u00f3rios de Telecomunica\u00e7\u00f5es: Laborat\u00f3rio 1 \u2013 capacidade para 20 alunos. Laborat\u00f3rio\u2026","rel":"","context":"Post similar","block_context":{"text":"Post similar","link":""},"img":{"alt_text":"","src":"","width":0,"height":0},"classes":[]},{"id":2803,"url":"https:\/\/aulanaweb.com\/etefv\/?page_id=2803","url_meta":{"origin":42,"position":4},"title":"Docentes","author":"Equipe Diretiva ETEFV","date":"07\/05\/2023","format":false,"excerpt":"Ailton Hil\u00e1rioTelecomunica\u00e7\u00f5esAjax Antonio RegoTelecomunica\u00e7\u00f5esDanilo da Silva JesusTelecomunica\u00e7\u00f5esEricson Carvalho RibeireteTelecomunica\u00e7\u00f5esJorge Fernando da SilvaTelecomunica\u00e7\u00f5esJos\u00e9 Mauro Campos da SilvaTelecomunica\u00e7\u00f5esLuiz Alberto Costa do AmparoTelecomunica\u00e7\u00f5esLuiz Wagner da Silva PassosTelecomunica\u00e7\u00f5esM\u00e1rcio Roberto Alves LobatoTelecomunica\u00e7\u00f5esMarcus Andr\u00e9 FreichoTelecomunica\u00e7\u00f5esPaulo Pereira LoureiroTelecomunica\u00e7\u00f5esRoque Andr\u00e9 Ciufo PoeysTelecomunica\u00e7\u00f5esS\u00e9rgio Luiz FernandesTelecomunica\u00e7\u00f5esSidney Carlos da CruzTelecomunica\u00e7\u00f5es","rel":"","context":"Post similar","block_context":{"text":"Post similar","link":""},"img":{"alt_text":"","src":"","width":0,"height":0},"classes":[]},{"id":252,"url":"https:\/\/aulanaweb.com\/etefv\/?page_id=252","url_meta":{"origin":42,"position":5},"title":"Geografia","author":"Equipe Diretiva ETEFV","date":"23\/09\/2017","format":false,"excerpt":"Equipe de Professores: ANT\u00d4NIO PAIS DO AMARAL FILHO CLAUDENI ALVES LOUREN\u00c7O JOS\u00c9 ANTONIO RIBAS SOARES LUCIANO DE LIMA SILVA LUIS GUSTAVO MELLO DA SILVA RODOLFO DE OLIVEIRA SOUZA","rel":"","context":"Post similar","block_context":{"text":"Post similar","link":""},"img":{"alt_text":"","src":"","width":0,"height":0},"classes":[]}],"_links":{"self":[{"href":"https:\/\/aulanaweb.com\/etefv\/index.php?rest_route=\/wp\/v2\/pages\/42","targetHints":{"allow":["GET"]}}],"collection":[{"href":"https:\/\/aulanaweb.com\/etefv\/index.php?rest_route=\/wp\/v2\/pages"}],"about":[{"href":"https:\/\/aulanaweb.com\/etefv\/index.php?rest_route=\/wp\/v2\/types\/page"}],"author":[{"embeddable":true,"href":"https:\/\/aulanaweb.com\/etefv\/index.php?rest_route=\/wp\/v2\/users\/3"}],"replies":[{"embeddable":true,"href":"https:\/\/aulanaweb.com\/etefv\/index.php?rest_route=%2Fwp%2Fv2%2Fcomments&post=42"}],"version-history":[{"count":10,"href":"https:\/\/aulanaweb.com\/etefv\/index.php?rest_route=\/wp\/v2\/pages\/42\/revisions"}],"predecessor-version":[{"id":4744,"href":"https:\/\/aulanaweb.com\/etefv\/index.php?rest_route=\/wp\/v2\/pages\/42\/revisions\/4744"}],"wp:featuredmedia":[{"embeddable":true,"href":"https:\/\/aulanaweb.com\/etefv\/index.php?rest_route=\/wp\/v2\/media\/189"}],"wp:attachment":[{"href":"https:\/\/aulanaweb.com\/etefv\/index.php?rest_route=%2Fwp%2Fv2%2Fmedia&parent=42"}],"curies":[{"name":"wp","href":"https:\/\/api.w.org\/{rel}","templated":true}]}}