{"id":40,"date":"2017-09-18T14:51:12","date_gmt":"2017-09-18T17:51:12","guid":{"rendered":"http:\/\/aulanaweb.com\/etefv\/?page_id=40"},"modified":"2024-04-06T19:20:40","modified_gmt":"2024-04-06T22:20:40","slug":"servicos-escolares","status":"publish","type":"page","link":"https:\/\/aulanaweb.com\/etefv\/?page_id=40","title":{"rendered":"Setores Escolares"},"content":{"rendered":"<p>Setores Escolares:<\/p>\n<ul>\n<li><a href=\"https:\/\/aulanaweb.com\/etefv\/?page_id=124\">Supervis\u00e3o Escolar e Orienta\u00e7\u00e3o Educacional<\/a><\/li>\n<li><a href=\"https:\/\/aulanaweb.com\/etefv\/?page_id=151\">Psicologia Escolar<\/a><\/li>\n<li><a href=\"https:\/\/aulanaweb.com\/etefv\/?page_id=238\">Educa\u00e7\u00e3o Especial<\/a><\/li>\n<li><a href=\"https:\/\/aulanaweb.com\/etefv\/?page_id=128\">Setor de Est\u00e1gio<\/a><\/li>\n<li><a href=\"https:\/\/aulanaweb.com\/etefv\/?page_id=154\" data-wplink-edit=\"true\">Biblioteca<\/a><\/li>\n<\/ul>\n","protected":false},"excerpt":{"rendered":"<p>Setores Escolares: Supervis\u00e3o Escolar e Orienta\u00e7\u00e3o Educacional Psicologia Escolar Educa\u00e7\u00e3o Especial Setor de Est\u00e1gio Biblioteca<\/p>\n","protected":false},"author":1,"featured_media":0,"parent":0,"menu_order":0,"comment_status":"closed","ping_status":"closed","template":"","meta":{"jetpack_post_was_ever_published":false,"footnotes":""},"class_list":["post-40","page","type-page","status-publish","hentry"],"jetpack_sharing_enabled":true,"jetpack_shortlink":"https:\/\/wp.me\/P9cg66-E","jetpack_likes_enabled":true,"jetpack-related-posts":[{"id":151,"url":"https:\/\/aulanaweb.com\/etefv\/?page_id=151","url_meta":{"origin":40,"position":0},"title":"Psicologia Escolar","author":"Equipe Diretiva ETEFV","date":"19\/09\/2017","format":false,"excerpt":"Respons\u00e1vel: Psic\u00f3loga Carolina Chagas - psicologia@etefv.faetec.rj.gov.br Principais atividades da equipe de psicologia escolar: Acompanhar e orientar aluno e professores, estudando as rela\u00e7\u00f5es interpessoais nos grupos, aconselhando em car\u00e1ter preventivo; Realizar diagn\u00f3sticos do rendimento escolar, analisando \u2013 os sob o ponto de vista da motiva\u00e7\u00e3o, propondo mudan\u00e7as nos curr\u00edculos escolares e\u2026","rel":"","context":"Post similar","block_context":{"text":"Post similar","link":""},"img":{"alt_text":"","src":"","width":0,"height":0},"classes":[]},{"id":590,"url":"https:\/\/aulanaweb.com\/etefv\/?page_id=590","url_meta":{"origin":40,"position":1},"title":"Calend\u00e1rios Escolares","author":"Equipe Diretiva ETEFV","date":"23\/04\/2018","format":false,"excerpt":"Est\u00e3o dispon\u00edveis os calend\u00e1rios para o ano letivo de 2026: Calend\u00e1rio - Educa\u00e7\u00e3o Profissional T\u00e9cnica de n\u00edvel M\u00e9dio Integrado Calendario___EM_Integrado__2026__1_ETEFVBaixar Calend\u00e1rio - Educa\u00e7\u00e3o Profissional T\u00e9cnica de n\u00edvel M\u00e9dio Concomitante Externo \/ Subsequente Calendario___Subsequente__2026__1_ETEFVBaixar","rel":"","context":"Post similar","block_context":{"text":"Post similar","link":""},"img":{"alt_text":"","src":"","width":0,"height":0},"classes":[]},{"id":34,"url":"https:\/\/aulanaweb.com\/etefv\/?page_id=34","url_meta":{"origin":40,"position":2},"title":"A Escola","author":"Equipe Diretiva ETEFV","date":"18\/09\/2017","format":false,"excerpt":"A ETEFV, unidade de educa\u00e7\u00e3o T\u00e9cnica de n\u00edvel M\u00e9dio mantida pela FAETEC, tem como objetivo formar T\u00e9cnicos de n\u00edvel M\u00e9dio nas \u00e1reas de Edifica\u00e7\u00f5es, Eletr\u00f4nica, Eletrot\u00e9cnica, Mec\u00e2nica, Saneamento e Telecomunica\u00e7\u00f5es, aptos a desenvolver atividades t\u00e9cnicas no mercado de trabalho. Miss\u00e3o: Promover atividades integradas de ensino, visando o desenvolvimento humano-tecnol\u00f3gico, a\u2026","rel":"","context":"Post similar","block_context":{"text":"Post similar","link":""},"img":{"alt_text":"","src":"https:\/\/i0.wp.com\/aulanaweb.com\/etefv\/wp-content\/uploads\/2021\/12\/Imagem2-300x209.png?resize=350%2C200&ssl=1","width":350,"height":200},"classes":[]},{"id":124,"url":"https:\/\/aulanaweb.com\/etefv\/?page_id=124","url_meta":{"origin":40,"position":3},"title":"Supervis\u00e3o Escolar e Orienta\u00e7\u00e3o Educacional","author":"Marta Maria Maciel da Silva","date":"06\/04\/2024","format":false,"excerpt":"Componentes da equipe: Diurno(EMI): EM ATUALIZA\u00c7\u00c3O Noturno (SUBSEQUENTE):Supervis\u00e3o e Orienta\u00e7\u00e3o \u2013 Carolina Em\u00edlia Contatos por e-mail (supervis\u00e3o e orienta\u00e7\u00e3o): EMI: supervisao.edificacoes@etefv.faetec.rj.gov.br supervisao.eletronica@etefv.faetec.rj.gov.br supervisao.mecanica@etefv.faetec.rj.gov.br supervisao.telecomunicacoes@etefv.faetec.rj.gov.br supervisao.eletrotecnica@etefv.faetec.rj.gov.br orientacao.edificacoes@etefv.faetec.rj.gov.br orientacao.eletronica@etefv.faetec.rj.gov.br orientacao.mecanica@etefv.faetec.rj.gov.br orientacao.telecomunicacoes@etefv.faetec.rj.gov.br orientacao.eletrotecnica@etefv.faetec.rj.gov.br Subsequente: supervisao.subsequente@etefv.faetec.rj.gov.br orientacao.subsequente@etefv.faetec.rj.gov.br Principais atribui\u00e7\u00f5es da equipe de Supervis\u00e3o Escolar: Desenvolver pesquisa de campo, promovendo visitas, consultas e debates no\u2026","rel":"","context":"Post similar","block_context":{"text":"Post similar","link":""},"img":{"alt_text":"","src":"","width":0,"height":0},"classes":[]},{"id":126,"url":"https:\/\/aulanaweb.com\/etefv\/?page_id=126","url_meta":{"origin":40,"position":4},"title":"Orienta\u00e7\u00e3o Educacional","author":"Marta Maria Maciel da Silva","date":"19\/09\/2017","format":false,"excerpt":"Componentes da Equipe: Turmas 2023 EMI Supervisoras: SE Maria Rosa: 1111, 1211, 2211, 3111, 1101, 1201, 1202, 2101, 2201, 3101, 3201,1121, 1221 e 2121 SE Patr\u00edcia: 1151, 1151, 1251, 1252, 2151, 3151, 3251, 1141, 1142, 1241, 2241, 3141, 3241,3121 e 3221 Edifica\u00e7\u00f5es (7 turmas)1101 \u2013 C\u00e9lia1201 \u2013 C\u00e9lia1202 \u2013 C\u00e9lia2101\u2026","rel":"","context":"Post similar","block_context":{"text":"Post similar","link":""},"img":{"alt_text":"","src":"","width":0,"height":0},"classes":[]},{"id":238,"url":"https:\/\/aulanaweb.com\/etefv\/?page_id=238","url_meta":{"origin":40,"position":5},"title":"Sala de Recursos","author":"Equipe Diretiva ETEFV","date":"23\/09\/2017","format":false,"excerpt":"Respons\u00e1vel: Professora Maria Cl\u00e1udia Dutra - sala.recursos@etefv.faetec.rj.gov.br","rel":"","context":"Post similar","block_context":{"text":"Post similar","link":""},"img":{"alt_text":"","src":"","width":0,"height":0},"classes":[]}],"_links":{"self":[{"href":"https:\/\/aulanaweb.com\/etefv\/index.php?rest_route=\/wp\/v2\/pages\/40","targetHints":{"allow":["GET"]}}],"collection":[{"href":"https:\/\/aulanaweb.com\/etefv\/index.php?rest_route=\/wp\/v2\/pages"}],"about":[{"href":"https:\/\/aulanaweb.com\/etefv\/index.php?rest_route=\/wp\/v2\/types\/page"}],"author":[{"embeddable":true,"href":"https:\/\/aulanaweb.com\/etefv\/index.php?rest_route=\/wp\/v2\/users\/1"}],"replies":[{"embeddable":true,"href":"https:\/\/aulanaweb.com\/etefv\/index.php?rest_route=%2Fwp%2Fv2%2Fcomments&post=40"}],"version-history":[{"count":3,"href":"https:\/\/aulanaweb.com\/etefv\/index.php?rest_route=\/wp\/v2\/pages\/40\/revisions"}],"predecessor-version":[{"id":3195,"href":"https:\/\/aulanaweb.com\/etefv\/index.php?rest_route=\/wp\/v2\/pages\/40\/revisions\/3195"}],"wp:attachment":[{"href":"https:\/\/aulanaweb.com\/etefv\/index.php?rest_route=%2Fwp%2Fv2%2Fmedia&parent=40"}],"curies":[{"name":"wp","href":"https:\/\/api.w.org\/{rel}","templated":true}]}}