{"id":34,"date":"2017-09-18T14:50:33","date_gmt":"2017-09-18T17:50:33","guid":{"rendered":"http:\/\/aulanaweb.com\/etefv\/?page_id=34"},"modified":"2023-09-14T18:10:41","modified_gmt":"2023-09-14T21:10:41","slug":"institucional","status":"publish","type":"page","link":"https:\/\/aulanaweb.com\/etefv\/?page_id=34","title":{"rendered":"A Escola"},"content":{"rendered":"<p style=\"text-align: justify;\">A ETEFV, unidade de educa\u00e7\u00e3o T\u00e9cnica de n\u00edvel M\u00e9dio mantida pela FAETEC, tem como objetivo formar T\u00e9cnicos de n\u00edvel M\u00e9dio nas \u00e1reas de Edifica\u00e7\u00f5es, Eletr\u00f4nica, Eletrot\u00e9cnica, Mec\u00e2nica, Saneamento e Telecomunica\u00e7\u00f5es, aptos a desenvolver atividades t\u00e9cnicas no mercado de trabalho.<\/p>\n<p><img data-recalc-dims=\"1\" loading=\"lazy\" decoding=\"async\" data-attachment-id=\"1887\" data-permalink=\"https:\/\/aulanaweb.com\/etefv\/?attachment_id=1887\" data-orig-file=\"https:\/\/i0.wp.com\/aulanaweb.com\/etefv\/wp-content\/uploads\/2021\/12\/Imagem2.png?fit=665%2C463&amp;ssl=1\" data-orig-size=\"665,463\" data-comments-opened=\"1\" data-image-meta=\"{&quot;aperture&quot;:&quot;0&quot;,&quot;credit&quot;:&quot;&quot;,&quot;camera&quot;:&quot;&quot;,&quot;caption&quot;:&quot;&quot;,&quot;created_timestamp&quot;:&quot;0&quot;,&quot;copyright&quot;:&quot;&quot;,&quot;focal_length&quot;:&quot;0&quot;,&quot;iso&quot;:&quot;0&quot;,&quot;shutter_speed&quot;:&quot;0&quot;,&quot;title&quot;:&quot;&quot;,&quot;orientation&quot;:&quot;0&quot;}\" data-image-title=\"Imagem2\" data-image-description=\"\" data-image-caption=\"\" data-large-file=\"https:\/\/i0.wp.com\/aulanaweb.com\/etefv\/wp-content\/uploads\/2021\/12\/Imagem2.png?fit=665%2C463&amp;ssl=1\" class=\"size-medium wp-image-1887 aligncenter\" src=\"https:\/\/i0.wp.com\/aulanaweb.com\/etefv\/wp-content\/uploads\/2021\/12\/Imagem2.png?resize=300%2C209&#038;ssl=1\" alt=\"\" width=\"300\" height=\"209\" srcset=\"https:\/\/i0.wp.com\/aulanaweb.com\/etefv\/wp-content\/uploads\/2021\/12\/Imagem2.png?resize=300%2C209&amp;ssl=1 300w, https:\/\/i0.wp.com\/aulanaweb.com\/etefv\/wp-content\/uploads\/2021\/12\/Imagem2.png?w=665&amp;ssl=1 665w\" sizes=\"auto, (max-width: 300px) 100vw, 300px\" \/><\/p>\n<p style=\"text-align: justify;\"><em><strong>Miss\u00e3o:<\/strong><\/em><\/p>\n<p style=\"text-align: justify;\">Promover atividades integradas de ensino, visando o desenvolvimento humano-tecnol\u00f3gico, a capacidade de auto-aprendizado e a responsabilidade socioambiental de toda a comunidade escolar, para o aprimoramento da sociedade e da pr\u00f3pria institui\u00e7\u00e3o<\/p>\n<p style=\"text-align: justify;\"><em><strong>Vis\u00e3o:<\/strong><\/em><\/p>\n<p style=\"text-align: justify;\"><em>\u201cSer reconhecido como uma Escola T\u00e9cnica de refer\u00eancia na \u00e1rea tecnol\u00f3gica\u201d<\/em><\/p>\n<p><img data-recalc-dims=\"1\" loading=\"lazy\" decoding=\"async\" data-attachment-id=\"1888\" data-permalink=\"https:\/\/aulanaweb.com\/etefv\/?attachment_id=1888\" data-orig-file=\"https:\/\/i0.wp.com\/aulanaweb.com\/etefv\/wp-content\/uploads\/2021\/12\/Imagem3.jpg?fit=290%2C183&amp;ssl=1\" data-orig-size=\"290,183\" data-comments-opened=\"1\" data-image-meta=\"{&quot;aperture&quot;:&quot;0&quot;,&quot;credit&quot;:&quot;&quot;,&quot;camera&quot;:&quot;&quot;,&quot;caption&quot;:&quot;&quot;,&quot;created_timestamp&quot;:&quot;0&quot;,&quot;copyright&quot;:&quot;&quot;,&quot;focal_length&quot;:&quot;0&quot;,&quot;iso&quot;:&quot;0&quot;,&quot;shutter_speed&quot;:&quot;0&quot;,&quot;title&quot;:&quot;&quot;,&quot;orientation&quot;:&quot;0&quot;}\" data-image-title=\"Imagem3\" data-image-description=\"\" data-image-caption=\"\" data-large-file=\"https:\/\/i0.wp.com\/aulanaweb.com\/etefv\/wp-content\/uploads\/2021\/12\/Imagem3.jpg?fit=290%2C183&amp;ssl=1\" class=\"size-full wp-image-1888 aligncenter\" src=\"https:\/\/i0.wp.com\/aulanaweb.com\/etefv\/wp-content\/uploads\/2021\/12\/Imagem3.jpg?resize=290%2C183&#038;ssl=1\" alt=\"\" width=\"290\" height=\"183\"><\/p>\n<p style=\"text-align: justify;\"><em><strong>Valores Institucionais:<\/strong><\/em><\/p>\n<p style=\"text-align: justify;\">\u2013 Qualidade de nossas a\u00e7\u00f5es (presteza, respeito, transpar\u00eancia e sinceridade).<br \/>\n\u2013 Coopera\u00e7\u00e3o entre setores (colabora\u00e7\u00e3o).<br \/>\n\u2013 Vis\u00e3o human\u00edstica do gerenciamento.<br \/>\n\u2013 Vis\u00e3o sist\u00eamica da Avalia\u00e7\u00e3o Participativa, integrando disciplinas (Vis\u00e3o Sist\u00eamica da Avalia\u00e7\u00e3o).<br \/>\n\u2013 Integra\u00e7\u00e3o tecnol\u00f3gica com qualidade (Utiliza\u00e7\u00e3o da tecnologia para o benef\u00edcio social).<br \/>\n\u2013 Ambiente que propicie o desenvolvimento humano (Valoriza\u00e7\u00e3o do ambiente de trabalho para a produ\u00e7\u00e3o individual e coletiva).<br \/>\n\u2013 Motiva\u00e7\u00e3o para o desenvolvimento cient\u00edfico.<\/p>\n<p><img data-recalc-dims=\"1\" loading=\"lazy\" decoding=\"async\" data-attachment-id=\"1886\" data-permalink=\"https:\/\/aulanaweb.com\/etefv\/?attachment_id=1886\" data-orig-file=\"https:\/\/i0.wp.com\/aulanaweb.com\/etefv\/wp-content\/uploads\/2021\/12\/Imagem1.png?fit=307%2C385&amp;ssl=1\" data-orig-size=\"307,385\" data-comments-opened=\"1\" data-image-meta=\"{&quot;aperture&quot;:&quot;0&quot;,&quot;credit&quot;:&quot;&quot;,&quot;camera&quot;:&quot;&quot;,&quot;caption&quot;:&quot;&quot;,&quot;created_timestamp&quot;:&quot;0&quot;,&quot;copyright&quot;:&quot;&quot;,&quot;focal_length&quot;:&quot;0&quot;,&quot;iso&quot;:&quot;0&quot;,&quot;shutter_speed&quot;:&quot;0&quot;,&quot;title&quot;:&quot;&quot;,&quot;orientation&quot;:&quot;0&quot;}\" data-image-title=\"Imagem1\" data-image-description=\"\" data-image-caption=\"\" data-large-file=\"https:\/\/i0.wp.com\/aulanaweb.com\/etefv\/wp-content\/uploads\/2021\/12\/Imagem1.png?fit=307%2C385&amp;ssl=1\" class=\" wp-image-1886 aligncenter\" src=\"https:\/\/i0.wp.com\/aulanaweb.com\/etefv\/wp-content\/uploads\/2021\/12\/Imagem1.png?resize=465%2C584&#038;ssl=1\" alt=\"\" width=\"465\" height=\"584\" srcset=\"https:\/\/i0.wp.com\/aulanaweb.com\/etefv\/wp-content\/uploads\/2021\/12\/Imagem1.png?resize=239%2C300&amp;ssl=1 239w, https:\/\/i0.wp.com\/aulanaweb.com\/etefv\/wp-content\/uploads\/2021\/12\/Imagem1.png?w=307&amp;ssl=1 307w\" sizes=\"auto, (max-width: 465px) 100vw, 465px\" \/><\/p>\n","protected":false},"excerpt":{"rendered":"<p>A ETEFV, unidade de educa\u00e7\u00e3o T\u00e9cnica de n\u00edvel M\u00e9dio mantida pela FAETEC, tem como objetivo formar T\u00e9cnicos de n\u00edvel M\u00e9dio nas \u00e1reas de Edifica\u00e7\u00f5es, Eletr\u00f4nica, Eletrot\u00e9cnica, Mec\u00e2nica, Saneamento e Telecomunica\u00e7\u00f5es,&#8230; <\/p>\n","protected":false},"author":1,"featured_media":0,"parent":0,"menu_order":0,"comment_status":"closed","ping_status":"closed","template":"","meta":{"jetpack_post_was_ever_published":false,"footnotes":""},"class_list":["post-34","page","type-page","status-publish","hentry"],"jetpack_sharing_enabled":true,"jetpack_shortlink":"https:\/\/wp.me\/P9cg66-y","jetpack_likes_enabled":true,"jetpack-related-posts":[{"id":31,"url":"https:\/\/aulanaweb.com\/etefv\/?page_id=31","url_meta":{"origin":34,"position":0},"title":"Edifica\u00e7\u00f5es","author":"Equipe Diretiva ETEFV","date":"18\/09\/2017","format":false,"excerpt":"Docentes Coordenadores (EMI e Subsequente): Professores Luiz Fernando Martins J\u00f3ia e F\u00e1bio Cardozo - coordenacao.edificacoes.emi@etefv.faetec.rj.gov.br Orientador de Est\u00e1gio: Prof. Elton Jorge Bragan\u00e7a Ribeiro O Curso T\u00e9cnico de N\u00edvel M\u00e9dio em Edifica\u00e7\u00f5es, do eixo tecnol\u00f3gico de Infraestrutura, visa preparar profissionais cidad\u00e3os com conhecimentos t\u00e9cnicos e \u00e9ticos, possuidores de compet\u00eancias e habilidades\u2026","rel":"","context":"Post similar","block_context":{"text":"Post similar","link":""},"img":{"alt_text":"","src":"https:\/\/i0.wp.com\/aulanaweb.com\/etefv\/wp-content\/uploads\/2017\/09\/imagens_233201691241.jpg?fit=450%2C338&ssl=1&resize=350%2C200","width":350,"height":200},"classes":[]},{"id":349,"url":"https:\/\/aulanaweb.com\/etefv\/?page_id=349","url_meta":{"origin":34,"position":1},"title":"Concurso","author":"Equipe Diretiva ETEFV","date":"21\/10\/2017","format":false,"excerpt":"PROCESSO SELETIVO PARA INGRESSO DE ALUNOS NO ANO LETIVO DE 2018 SORTEIO DE VAGAS NOS CURSOS: \u2013 Educa\u00e7\u00e3o Infantil: 109 vagas \u2013 Ensino Fundamental: 196 vagas \u2013 Ensino M\u00e9dio (Geral e Normal): 110 vagas Data do sorteio: 09\/12\/2017 CURSO DE N\u00cdVEL M\u00c9DIO T\u00c9CNICO: \u2013 N\u00edvel M\u00e9dio T\u00e9cnico Integrado: 2.005 vagas\u2026","rel":"","context":"Post similar","block_context":{"text":"Post similar","link":""},"img":{"alt_text":"","src":"https:\/\/i0.wp.com\/aulanaweb.com\/etefv\/wp-content\/uploads\/2017\/10\/Employee-of-the-Month.png?fit=940%2C788&ssl=1&resize=350%2C200","width":350,"height":200,"srcset":"https:\/\/i0.wp.com\/aulanaweb.com\/etefv\/wp-content\/uploads\/2017\/10\/Employee-of-the-Month.png?fit=940%2C788&ssl=1&resize=350%2C200 1x, https:\/\/i0.wp.com\/aulanaweb.com\/etefv\/wp-content\/uploads\/2017\/10\/Employee-of-the-Month.png?fit=940%2C788&ssl=1&resize=525%2C300 1.5x, https:\/\/i0.wp.com\/aulanaweb.com\/etefv\/wp-content\/uploads\/2017\/10\/Employee-of-the-Month.png?fit=940%2C788&ssl=1&resize=700%2C400 2x"},"classes":[]},{"id":367,"url":"https:\/\/aulanaweb.com\/etefv\/?page_id=367","url_meta":{"origin":34,"position":2},"title":"Coordena\u00e7\u00e3o Adjunta Pedag\u00f3gica","author":"Equipe Diretiva ETEFV","date":"25\/10\/2017","format":false,"excerpt":"Coordena\u00e7\u00e3o Adjunta Pedag\u00f3gica - Denise Nunes Pereira \u201cA escola \u00e9 um espa\u00e7o de encontro - de m\u00faltiplos sujeitos, de ideias; de conflitos \u2013 dos diferentes, dos que pensam diferente e de negocia\u00e7\u00e3o \u2013 dos conflitos, das m\u00faltiplas ideias. \u00c9 nesse l\u00f3cus de conviv\u00eancia das diferen\u00e7as, das tens\u00f5es e negocia\u00e7\u00f5es que\u2026","rel":"","context":"Post similar","block_context":{"text":"Post similar","link":""},"img":{"alt_text":"","src":"","width":0,"height":0},"classes":[]},{"id":124,"url":"https:\/\/aulanaweb.com\/etefv\/?page_id=124","url_meta":{"origin":34,"position":3},"title":"Supervis\u00e3o Escolar e Orienta\u00e7\u00e3o Educacional","author":"Marta Maria Maciel da Silva","date":"06\/04\/2024","format":false,"excerpt":"Componentes da equipe: Diurno(EMI): EM ATUALIZA\u00c7\u00c3O Noturno (SUBSEQUENTE):Supervis\u00e3o e Orienta\u00e7\u00e3o \u2013 Carolina Em\u00edlia Contatos por e-mail (supervis\u00e3o e orienta\u00e7\u00e3o): EMI: supervisao.edificacoes@etefv.faetec.rj.gov.br supervisao.eletronica@etefv.faetec.rj.gov.br supervisao.mecanica@etefv.faetec.rj.gov.br supervisao.telecomunicacoes@etefv.faetec.rj.gov.br supervisao.eletrotecnica@etefv.faetec.rj.gov.br orientacao.edificacoes@etefv.faetec.rj.gov.br orientacao.eletronica@etefv.faetec.rj.gov.br orientacao.mecanica@etefv.faetec.rj.gov.br orientacao.telecomunicacoes@etefv.faetec.rj.gov.br orientacao.eletrotecnica@etefv.faetec.rj.gov.br Subsequente: supervisao.subsequente@etefv.faetec.rj.gov.br orientacao.subsequente@etefv.faetec.rj.gov.br Principais atribui\u00e7\u00f5es da equipe de Supervis\u00e3o Escolar: Desenvolver pesquisa de campo, promovendo visitas, consultas e debates no\u2026","rel":"","context":"Post similar","block_context":{"text":"Post similar","link":""},"img":{"alt_text":"","src":"","width":0,"height":0},"classes":[]},{"id":62,"url":"https:\/\/aulanaweb.com\/etefv\/?page_id=62","url_meta":{"origin":34,"position":4},"title":"Eletr\u00f4nica","author":"Equipe Diretiva ETEFV","date":"18\/09\/2017","format":false,"excerpt":"Coordenadores (EMI e Subsequente): Professores Luis Henrique Castro e Sebasti\u00e3o Sant'Anna \u00a0\u00a0- coordenacao.eletronica.emi@etefv.faetec.rj.gov.br Orientador de Est\u00e1gio: Prof. Victor Lima O Curso T\u00e9cnico de N\u00edvel M\u00e9dio em Eletr\u00f4nica, do eixo tecnol\u00f3gico de Controle e Processos Industriais, visa preparar profissionais cidad\u00e3os com conhecimentos t\u00e9cnicos e \u00e9ticos, possuidores de compet\u00eancias e habilidades administrativas,\u2026","rel":"","context":"Post similar","block_context":{"text":"Post similar","link":""},"img":{"alt_text":"","src":"https:\/\/i0.wp.com\/aulanaweb.com\/etefv\/wp-content\/uploads\/2017\/09\/empresa-manutencao-eletronica-industrial-01.jpg?fit=498%2C280&ssl=1&resize=350%2C200","width":350,"height":200},"classes":[]},{"id":1935,"url":"https:\/\/aulanaweb.com\/etefv\/?page_id=1935","url_meta":{"origin":34,"position":5},"title":"Oficina de Objetos Conectados &#8211; IoT","author":"Equipe Diretiva ETEFV","date":"03\/01\/2022","format":false,"excerpt":"Trata-se de uma oficina de aplica\u00e7\u00e3o do projeto de pesquisa FAPERJ E_11\/2019 que visa \u00e0 adequa\u00e7\u00e3o, \u00e0 moderniza\u00e7\u00e3o e \u00e0 otimiza\u00e7\u00e3o da infraestrutura do Laborat\u00f3rio de Eletr\u00f4nica Especializada, baseado, sobretudo, no emprego do Arduino como ferramenta para a cria\u00e7\u00e3o de experimentos de automa\u00e7\u00e3o e controle. Estes experimentos ser\u00e3o tamb\u00e9m usados\u2026","rel":"","context":"Post similar","block_context":{"text":"Post similar","link":""},"img":{"alt_text":"","src":"https:\/\/i0.wp.com\/aulanaweb.com\/etefv\/wp-content\/uploads\/2022\/01\/assinatura-faetec-_impresso_cor.png?resize=350%2C200&ssl=1","width":350,"height":200,"srcset":"https:\/\/i0.wp.com\/aulanaweb.com\/etefv\/wp-content\/uploads\/2022\/01\/assinatura-faetec-_impresso_cor.png?resize=350%2C200&ssl=1 1x, https:\/\/i0.wp.com\/aulanaweb.com\/etefv\/wp-content\/uploads\/2022\/01\/assinatura-faetec-_impresso_cor.png?resize=525%2C300&ssl=1 1.5x, https:\/\/i0.wp.com\/aulanaweb.com\/etefv\/wp-content\/uploads\/2022\/01\/assinatura-faetec-_impresso_cor.png?resize=700%2C400&ssl=1 2x, https:\/\/i0.wp.com\/aulanaweb.com\/etefv\/wp-content\/uploads\/2022\/01\/assinatura-faetec-_impresso_cor.png?resize=1050%2C600&ssl=1 3x, https:\/\/i0.wp.com\/aulanaweb.com\/etefv\/wp-content\/uploads\/2022\/01\/assinatura-faetec-_impresso_cor.png?resize=1400%2C800&ssl=1 4x"},"classes":[]}],"_links":{"self":[{"href":"https:\/\/aulanaweb.com\/etefv\/index.php?rest_route=\/wp\/v2\/pages\/34","targetHints":{"allow":["GET"]}}],"collection":[{"href":"https:\/\/aulanaweb.com\/etefv\/index.php?rest_route=\/wp\/v2\/pages"}],"about":[{"href":"https:\/\/aulanaweb.com\/etefv\/index.php?rest_route=\/wp\/v2\/types\/page"}],"author":[{"embeddable":true,"href":"https:\/\/aulanaweb.com\/etefv\/index.php?rest_route=\/wp\/v2\/users\/1"}],"replies":[{"embeddable":true,"href":"https:\/\/aulanaweb.com\/etefv\/index.php?rest_route=%2Fwp%2Fv2%2Fcomments&post=34"}],"version-history":[{"count":1,"href":"https:\/\/aulanaweb.com\/etefv\/index.php?rest_route=\/wp\/v2\/pages\/34\/revisions"}],"predecessor-version":[{"id":2635,"href":"https:\/\/aulanaweb.com\/etefv\/index.php?rest_route=\/wp\/v2\/pages\/34\/revisions\/2635"}],"wp:attachment":[{"href":"https:\/\/aulanaweb.com\/etefv\/index.php?rest_route=%2Fwp%2Fv2%2Fmedia&parent=34"}],"curies":[{"name":"wp","href":"https:\/\/api.w.org\/{rel}","templated":true}]}}