{"id":31,"date":"2017-09-18T14:49:44","date_gmt":"2017-09-18T17:49:44","guid":{"rendered":"http:\/\/aulanaweb.com\/etefv\/?page_id=31"},"modified":"2025-02-12T08:37:16","modified_gmt":"2025-02-12T11:37:16","slug":"edificacoes","status":"publish","type":"page","link":"https:\/\/aulanaweb.com\/etefv\/?page_id=31","title":{"rendered":"Edifica\u00e7\u00f5es"},"content":{"rendered":"\n<div class=\"wp-block-buttons is-layout-flex wp-block-buttons-is-layout-flex\">\n<div class=\"wp-block-button has-custom-font-size is-style-fill has-medium-font-size\"><a class=\"wp-block-button__link has-text-color has-background wp-element-button\" href=\"https:\/\/aulanaweb.com\/etefv\/?page_id=2789\" style=\"border-radius:0px;color:#f9f9f9;background-color:#0e078a\" target=\"_blank\" rel=\"noreferrer noopener\">Docentes<\/a><\/div>\n<\/div>\n\n\n\n<div class=\"post-single clearfix\">\n<div>\n<p>Coordenadores (EMI e Subsequente):<\/p>\n<p><span style=\"font-weight: 400;\">Professores Luiz Fernando Martins J\u00f3ia e F\u00e1bio Cardozo<\/span> &#8211; <a href=\"mailto:coordenacao.edificacoes.emi@etefv.faetec.rj.gov.br\">coordenacao.edificacoes.emi@etefv.faetec.rj.gov.br<\/a><\/p>\n\n<p>Orientador de Est\u00e1gio: Prof. Elton Jorge Bragan\u00e7a Ribeiro<\/p>\n<p style=\"text-align: justify;\">O Curso T\u00e9cnico de N\u00edvel M\u00e9dio em Edifica\u00e7\u00f5es, do eixo tecnol\u00f3gico de Infraestrutura, visa preparar profissionais cidad\u00e3os com conhecimentos t\u00e9cnicos e \u00e9ticos, possuidores de compet\u00eancias e habilidades administrativas, proporcionando s\u00f3lida forma\u00e7\u00e3o intelectual, \u00e9tica e t\u00e9cnica, constatada atrav\u00e9s de estudos e sondagens realizados junto \u00e0s oportunidades oferecidas pelo mundo do trabalho. Incentivando a participa\u00e7\u00e3o no mercado de trabalho atual e no pr\u00f3prio neg\u00f3cio, como empreendedor.<\/p>\n<p style=\"text-align: justify;\">Com o curso deseja-se formar um profissional t\u00e9cnico capaz de realizar sua atividade demonstrando dom\u00ednio das ferramentas e tecnologias dispon\u00edveis no mercado, visualizando solu\u00e7\u00f5es otimizadas para a \u00e1rea. Para formar este profissional os professores trabalham as disciplinas de forma integrada, com exemplos e situa\u00e7\u00f5es pr\u00f3ximas \u00e0 realidade vivenciada pelos alunos dentro da \u00e1rea.<\/p>\n<p style=\"text-align: justify;\">O curso visa preparar profissionais-cidad\u00e3os competentes t\u00e9cnica, \u00e9tica e politicamente com um novo perfil de saber aplicar conhecimentos, inovar e participar de atividades de planejamento, execu\u00e7\u00e3o e acompanhamento de obras civis, auxiliando o profissional de n\u00edvel superior. Acompanhar o processo de sondagem para prospec\u00e7\u00e3o do subsolo e coleta de amostras para an\u00e1lise de laborat\u00f3rios. Executar atividades de desenhista de projetos relacionados \u00e0 \u00e1rea de constru\u00e7\u00e3o civil. Realizar levantamentos e loca\u00e7\u00f5es topogr\u00e1ficas. Elaborar relat\u00f3rios de trabalhos da \u00e1rea, em empresas de presta\u00e7\u00e3o de servi\u00e7os e no pr\u00f3prio neg\u00f3cio como empreendedor.<\/p>\n<p style=\"text-align: justify;\">Com esse objetivo pretende-se desenvolver a educa\u00e7\u00e3o profissional integrada \u00e0s diferentes formas de educa\u00e7\u00e3o, ao trabalho, \u00e0 ci\u00eancia e \u00e0 tecnologia, al\u00e9m de oferecer oportunidades para a pr\u00e1tica da educa\u00e7\u00e3o continuada, qualifica\u00e7\u00e3o e habilita\u00e7\u00e3o aos profissionais que j\u00e1 se encontram no mercado de trabalho buscando atualiza\u00e7\u00e3o de conhecimentos tecnol\u00f3gicos integrados ao exerc\u00edcio da cidadania e preocupa\u00e7\u00f5es com o meio ambiente.<\/p>\n<p style=\"text-align: justify;\"><strong>Habilita\u00e7\u00e3o em T\u00e9cnico de N\u00edvel M\u00e9dio em Edifica\u00e7\u00f5es<\/strong><\/p>\n<p style=\"text-align: justify;\">Profissional que executa atividades espec\u00edficas da \u00e1rea, tais como: concep\u00e7\u00e3o de projetos, planejamento e or\u00e7amento de obras, supervis\u00e3o e execu\u00e7\u00e3o de diferentes etapas do processo de constru\u00e7\u00e3o, realiza\u00e7\u00e3o do controle tecnol\u00f3gico de materiais e do solo, conex\u00e3o entre o planejamento e a execu\u00e7\u00e3o de obras, lideran\u00e7a de equipes de trabalho, gerenciamento de canteiros de obras e treinamento de m\u00e3o-de-obra. Possui qualifica\u00e7\u00e3o nas \u00e1reas de desenho, or\u00e7amento, ensaios tecnol\u00f3gicos, levantamentos topogr\u00e1ficos e planialtim\u00e9tricos, bem como acompanhamento de organograma.<\/p>\n<\/div>\n<\/div>\n","protected":false},"excerpt":{"rendered":"<p>Coordenadores (EMI e Subsequente): Professores Luiz Fernando Martins J\u00f3ia e F\u00e1bio Cardozo &#8211; coordenacao.edificacoes.emi@etefv.faetec.rj.gov.br Orientador de Est\u00e1gio: Prof. Elton Jorge Bragan\u00e7a Ribeiro O Curso T\u00e9cnico de N\u00edvel M\u00e9dio em Edifica\u00e7\u00f5es,&#8230; <\/p>\n","protected":false},"author":1,"featured_media":32,"parent":36,"menu_order":0,"comment_status":"closed","ping_status":"closed","template":"page-templates\/fullwidth.php","meta":{"jetpack_post_was_ever_published":false,"footnotes":""},"class_list":["post-31","page","type-page","status-publish","has-post-thumbnail","hentry"],"jetpack_sharing_enabled":true,"jetpack_shortlink":"https:\/\/wp.me\/P9cg66-v","jetpack_likes_enabled":true,"jetpack-related-posts":[{"id":2789,"url":"https:\/\/aulanaweb.com\/etefv\/?page_id=2789","url_meta":{"origin":31,"position":0},"title":"Docentes","author":"Equipe Diretiva ETEFV","date":"07\/05\/2023","format":false,"excerpt":"Ant\u00f4nio Carlos ViannaEdifica\u00e7\u00f5esAnt\u00f4nio Marcos Vilarinho MoraesEdifica\u00e7\u00f5esCarlos Roberto MilletEdifica\u00e7\u00f5esEdson Costa Teixeira Edifica\u00e7\u00f5esElton Jorge Bragan\u00e7a RibeiroEdifica\u00e7\u00f5esJacques HonigbaumEdifica\u00e7\u00f5esLuis C\u00e9sar Peruci do AmaralEdifica\u00e7\u00f5esLuis F\u00e1bio CruzEdifica\u00e7\u00f5esLuiz Dami\u00e3o Teixeira da SilvaEdifica\u00e7\u00f5esLuiz Fernando Martins J\u00f3iaEdifica\u00e7\u00f5esMarcos Borges PereiraEdifica\u00e7\u00f5esMario Ribeiro da CruzEdifica\u00e7\u00f5esMauro S\u00e9rgio Costa ReisEdifica\u00e7\u00f5esMiguel da Fonseca Amaral RibeiroEdifica\u00e7\u00f5esNilton de Souza LimaEdifica\u00e7\u00f5esRaimundo Carlos de AlmeidaEdifica\u00e7\u00f5esReynaldo Andr\u00e9 de CastroEdifica\u00e7\u00f5esS\u00e9rgio Ceolin\u2026","rel":"","context":"Post similar","block_context":{"text":"Post similar","link":""},"img":{"alt_text":"","src":"","width":0,"height":0},"classes":[]},{"id":116,"url":"https:\/\/aulanaweb.com\/etefv\/?page_id=116","url_meta":{"origin":31,"position":1},"title":"Escola de Projetos","author":"Equipe Diretiva ETEFV","date":"19\/09\/2017","format":false,"excerpt":"A Escola de Projetos realiza a orienta\u00e7\u00e3o para o desenvolvimento de projetos para posterior envio a ag\u00eancias de fomento. Esta orienta\u00e7\u00e3o \u00e9 realizada em parceria com outros docentes Mestres e Doutores, atuantes em projetos educacionais, na \u00e1rea da Ci\u00eancia e Tecnologia,\u00a0 em disciplinas do Ensino Profissional ligadas aos cursos nos\u2026","rel":"","context":"Post similar","block_context":{"text":"Post similar","link":""},"img":{"alt_text":"","src":"","width":0,"height":0},"classes":[]},{"id":36,"url":"https:\/\/aulanaweb.com\/etefv\/?page_id=36","url_meta":{"origin":31,"position":2},"title":"Ensino T\u00e9cnico","author":"Equipe Diretiva ETEFV","date":"18\/09\/2017","format":false,"excerpt":"A ETEFV oferece cinco op\u00e7\u00f5es para quem quer cursar o ensino t\u00e9cnico, todas gratuitas! N\u00e3o h\u00e1 pagamento de matr\u00edcula ou mensalidade. Para ingressar em um de nossos cursos, \u00e9 preciso ser aprovado em exame de sele\u00e7\u00e3o, realizado duas vezes ao ano. Cursos T\u00e9cnicos: Edifica\u00e7\u00f5es: Desenvolve e executa projetos de edifica\u00e7\u00f5es\u2026","rel":"","context":"Post similar","block_context":{"text":"Post similar","link":""},"img":{"alt_text":"","src":"","width":0,"height":0},"classes":[]},{"id":180,"url":"https:\/\/aulanaweb.com\/etefv\/?page_id=180","url_meta":{"origin":31,"position":3},"title":"Fale conosco","author":"Equipe Diretiva ETEFV","date":"20\/09\/2017","format":false,"excerpt":"ATEN\u00c7\u00c3O:\u00a0 OS TELEFONES DA ESCOLA N\u00c3O EST\u00c3O FUNCIONANDO, UTILIZE OS E-MAILS ABAIXO. E-mail da Equipe Diretiva:Dire\u00e7\u00e3o geraldirecao@etefv.faetec.rj.gov.brCoordena\u00e7\u00e3o Adjunta Administrativadirecao.administrativa@etefv.faetec.rj.gov.brCoordena\u00e7\u00e3o Adjunta Pedag\u00f3gicadirecao.pedagogica@etefv.faetec.rj.gov.brCoordena\u00e7\u00e3o Adjunta\u00a0T\u00e9cnicadirecao.tecnica@etefv.faetec.rj.gov.br E-mail da Secretaria Escolar:secretaria@etefv.faetec.rj.gov.br E-mail do N\u00facleo de Pessoal:pessoal@etefv.faetec.rj.gov.br E-mail do Setor de Est\u00e1gio:est\u00e1gio@etefv.faetec.rj.gov.br E-mail dos Coordenadores T\u00e9cnicos ( EMI e Subsequente):\u00a0Coordenador T\u00e9cnico Edifica\u00e7\u00f5es\u00a0coordenacao.edificacoes.emi@etefv.faetec.rj.gov.br\u00a0Coordenador T\u00e9cnico Eletr\u00f4nica\u00a0coordenacao.eletronica.emi@etefv.faetec.rj.gov.br\u00a0Coordenador T\u00e9cnico\u00a0Eletrot\u00e9cnica\u00a0coordenacao.eletrotecnica.emi@etefv.faetec.rj.gov.br\u00a0Coordenador T\u00e9cnico\u2026","rel":"","context":"Post similar","block_context":{"text":"Post similar","link":""},"img":{"alt_text":"","src":"","width":0,"height":0},"classes":[]},{"id":126,"url":"https:\/\/aulanaweb.com\/etefv\/?page_id=126","url_meta":{"origin":31,"position":4},"title":"Orienta\u00e7\u00e3o Educacional","author":"Marta Maria Maciel da Silva","date":"19\/09\/2017","format":false,"excerpt":"Componentes da Equipe: Turmas 2023 EMI Supervisoras: SE Maria Rosa: 1111, 1211, 2211, 3111, 1101, 1201, 1202, 2101, 2201, 3101, 3201,1121, 1221 e 2121 SE Patr\u00edcia: 1151, 1151, 1251, 1252, 2151, 3151, 3251, 1141, 1142, 1241, 2241, 3141, 3241,3121 e 3221 Edifica\u00e7\u00f5es (7 turmas)1101 \u2013 C\u00e9lia1201 \u2013 C\u00e9lia1202 \u2013 C\u00e9lia2101\u2026","rel":"","context":"Post similar","block_context":{"text":"Post similar","link":""},"img":{"alt_text":"","src":"","width":0,"height":0},"classes":[]},{"id":1871,"url":"https:\/\/aulanaweb.com\/etefv\/?page_id=1871","url_meta":{"origin":31,"position":5},"title":"Processo seletivo &#8211; FAETEC 2022","author":"Equipe Diretiva ETEFV","date":"09\/12\/2021","format":false,"excerpt":"PROCESSO SELETIVO DE CANDIDATOS PARA INGRESSO NOS CURSOS DE ENSINO T\u00c9CNICO DE N\u00cdVEL M\u00c9DIO NA FORMA DE ORGANIZA\u00c7\u00c3O ARTICULADA: INTEGRADA Vagas ETEFV (diurno): Edifica\u00e7\u00f5es - Diurno\u00a0 - 45 vagas; Eletr\u00f4nica - Diurno - 55 vagas; Eletrot\u00e9cnica - Diurno - 30 vagas; Mec\u00e2nica - Diurno - 35 vagas; Telecomunica\u00e7\u00f5es - Diurno\u2026","rel":"","context":"Post similar","block_context":{"text":"Post similar","link":""},"img":{"alt_text":"","src":"https:\/\/i0.wp.com\/aulanaweb.com\/etefv\/wp-content\/uploads\/2021\/12\/WhatsApp-Image-2021-12-06-at-10.20.18.jpeg?fit=628%2C393&ssl=1&resize=350%2C200","width":350,"height":200,"srcset":"https:\/\/i0.wp.com\/aulanaweb.com\/etefv\/wp-content\/uploads\/2021\/12\/WhatsApp-Image-2021-12-06-at-10.20.18.jpeg?fit=628%2C393&ssl=1&resize=350%2C200 1x, https:\/\/i0.wp.com\/aulanaweb.com\/etefv\/wp-content\/uploads\/2021\/12\/WhatsApp-Image-2021-12-06-at-10.20.18.jpeg?fit=628%2C393&ssl=1&resize=525%2C300 1.5x"},"classes":[]}],"_links":{"self":[{"href":"https:\/\/aulanaweb.com\/etefv\/index.php?rest_route=\/wp\/v2\/pages\/31","targetHints":{"allow":["GET"]}}],"collection":[{"href":"https:\/\/aulanaweb.com\/etefv\/index.php?rest_route=\/wp\/v2\/pages"}],"about":[{"href":"https:\/\/aulanaweb.com\/etefv\/index.php?rest_route=\/wp\/v2\/types\/page"}],"author":[{"embeddable":true,"href":"https:\/\/aulanaweb.com\/etefv\/index.php?rest_route=\/wp\/v2\/users\/1"}],"replies":[{"embeddable":true,"href":"https:\/\/aulanaweb.com\/etefv\/index.php?rest_route=%2Fwp%2Fv2%2Fcomments&post=31"}],"version-history":[{"count":8,"href":"https:\/\/aulanaweb.com\/etefv\/index.php?rest_route=\/wp\/v2\/pages\/31\/revisions"}],"predecessor-version":[{"id":3660,"href":"https:\/\/aulanaweb.com\/etefv\/index.php?rest_route=\/wp\/v2\/pages\/31\/revisions\/3660"}],"up":[{"embeddable":true,"href":"https:\/\/aulanaweb.com\/etefv\/index.php?rest_route=\/wp\/v2\/pages\/36"}],"wp:featuredmedia":[{"embeddable":true,"href":"https:\/\/aulanaweb.com\/etefv\/index.php?rest_route=\/wp\/v2\/media\/32"}],"wp:attachment":[{"href":"https:\/\/aulanaweb.com\/etefv\/index.php?rest_route=%2Fwp%2Fv2%2Fmedia&parent=31"}],"curies":[{"name":"wp","href":"https:\/\/api.w.org\/{rel}","templated":true}]}}