{"id":283,"date":"2017-09-26T06:50:04","date_gmt":"2017-09-26T09:50:04","guid":{"rendered":"http:\/\/www.aulanaweb.com\/etefv\/?page_id=283"},"modified":"2023-04-25T16:04:57","modified_gmt":"2023-04-25T19:04:57","slug":"espanhol","status":"publish","type":"page","link":"https:\/\/aulanaweb.com\/etefv\/?page_id=283","title":{"rendered":"Espanhol"},"content":{"rendered":"<p><strong>Caros pais e alunos<\/strong><\/p>\n<p style=\"text-align: justify;\">H\u00e1 muito se sabe da import\u00e2ncia de aprender um idioma. E por que o espanhol?<br \/>\nA l\u00edngua espanhola \u00e9 a segunda mais falada no mundo. S\u00e3o aproximadamente 406 milh\u00f5es de falantes nativos, uma das l\u00ednguas mais populares na Europa, a segunda mais falada nos Estados Unidos e \u00e9 a l\u00edngua de nossos vizinhos da Am\u00e9rica latina.<br \/>\nO MERCOSUL e a NAFTA provam que o Espanhol se tornou fundamental para quem deseja ter melhores oportunidades comerciais, econ\u00f4micas, culturais e acad\u00eamicas, pois o tr\u00e2nsito entre os pa\u00edses \u00e9 facilitado e pode render bons resultados para o mercado de trabalho.<br \/>\nNo mercado de trabalho, a l\u00edngua espanhola \u00e9 muito importante para o setor de Administra\u00e7\u00e3o, Engenharia Civil e quem aposta no segmento de vin\u00edcolas, a\u00e7\u00facar e \u00e1lcool, assim como no setor de vendas tamb\u00e9m.<br \/>\nNas \u00e1reas de Direito, Economia, Engenharia e Medicina, por exemplo, os cursos de p\u00f3s-gradua\u00e7\u00e3o t\u00eam extensas bibliografias em l\u00edngua espanhola. A import\u00e2ncia acad\u00eamica e cultural desta l\u00edngua refor\u00e7a a imprescindibilidade de inclu\u00ed-la no curr\u00edculo do Ensino M\u00e9dio.<br \/>\nPortanto, o objetivo do aprendizado de espanhol na ETEFV \u00e9 desenvolver habilidades e compet\u00eancias para que o aluno possa compreender a l\u00edngua de forma interativa, gramatical e textual, criticando e refletindo seu conte\u00fado e utilizando as suas estruturas orais e escritas simples em situa\u00e7\u00f5es de trabalho.<br \/>\nVale ressaltar que o sucesso do aluno vai depender do seu interesse e empenho.<br \/>\nA equipe de espanhol apresenta abaixo links de dicion\u00e1rios e sites que podem ajudar no seu estudo.<br \/>\nhttp:\/\/dle.rae.es\/?w=diccionario<br \/>\nhttp:\/\/michaelis.uol.com.br\/escolar-espanhol\/<br \/>\nhttps:\/\/pt.bab.la\/dicionario\/espanhol-portugues\/<br \/>\nhttps:\/\/aprenderespanol.org\/<br \/>\nhttp:\/\/soespanhol.com.br\/<br \/>\nhttp:\/\/www.guiapraticodeespanhol.com.br\/<\/p>\n<p><strong>Equipe de Professores:<\/strong><\/p>\n<p>AYDANO DE ALMEIDA PIMENTEL NETO<br \/>\nDENISE NUNES PEREIRA<br \/>\nM\u00c1RCIA REGINA DE SOUZA<br \/>\nMARIA FERNANDA FERREIRA CAMPOS<br \/>\nVIVIANE PEREIRA CASCARDO<\/p>\n","protected":false},"excerpt":{"rendered":"<p>Caros pais e alunos H\u00e1 muito se sabe da import\u00e2ncia de aprender um idioma. E por que o espanhol? A l\u00edngua espanhola \u00e9 a segunda mais falada no mundo. S\u00e3o&#8230; <\/p>\n","protected":false},"author":1,"featured_media":0,"parent":38,"menu_order":0,"comment_status":"closed","ping_status":"closed","template":"","meta":{"jetpack_post_was_ever_published":false,"footnotes":""},"class_list":["post-283","page","type-page","status-publish","hentry"],"jetpack_sharing_enabled":true,"jetpack_shortlink":"https:\/\/wp.me\/P9cg66-4z","jetpack_likes_enabled":true,"jetpack-related-posts":[{"id":72,"url":"https:\/\/aulanaweb.com\/etefv\/?page_id=72","url_meta":{"origin":283,"position":0},"title":"Eletrot\u00e9cnica","author":"Equipe Diretiva ETEFV","date":"18\/09\/2017","format":false,"excerpt":"Docentes Coordenadores (EMI e Subsequente): Professores Margareth Nunes Silva e Ant\u00f4nio Carlos Calil Ferreira - \u00a0coordenacao.eletrotecnica.emi@etefv.faetec.rj.gov.br\u00a0 Orientador de Est\u00e1gio: Professor Jefferson Silveira de Azeredo. O Curso T\u00e9cnico de N\u00edvel M\u00e9dio em Eletrot\u00e9cnica, do eixo tecnol\u00f3gico de Controle e Processos Industriais, visa preparar profissionais cidad\u00e3os com conhecimentos t\u00e9cnicos e \u00e9ticos, possuidores\u2026","rel":"","context":"Post similar","block_context":{"text":"Post similar","link":""},"img":{"alt_text":"","src":"https:\/\/i0.wp.com\/aulanaweb.com\/etefv\/wp-content\/uploads\/2017\/09\/d8ca1e6a5787c5ff309aa82961b03a31.jpg?fit=774%2C551&ssl=1&resize=350%2C200","width":350,"height":200,"srcset":"https:\/\/i0.wp.com\/aulanaweb.com\/etefv\/wp-content\/uploads\/2017\/09\/d8ca1e6a5787c5ff309aa82961b03a31.jpg?fit=774%2C551&ssl=1&resize=350%2C200 1x, https:\/\/i0.wp.com\/aulanaweb.com\/etefv\/wp-content\/uploads\/2017\/09\/d8ca1e6a5787c5ff309aa82961b03a31.jpg?fit=774%2C551&ssl=1&resize=525%2C300 1.5x, https:\/\/i0.wp.com\/aulanaweb.com\/etefv\/wp-content\/uploads\/2017\/09\/d8ca1e6a5787c5ff309aa82961b03a31.jpg?fit=774%2C551&ssl=1&resize=700%2C400 2x"},"classes":[]},{"id":128,"url":"https:\/\/aulanaweb.com\/etefv\/?page_id=128","url_meta":{"origin":283,"position":1},"title":"Setor de Est\u00e1gio","author":"Leila Pereira","date":"19\/09\/2017","format":false,"excerpt":"E-mail:estagio@etefv.faetec.rj.gov.br Equipe: Agente administrativo: Eliane Silva de Oliveira Professor colaborador: Ant\u00f4nio Jorge Souza de Freitas Informa\u00e7\u00f5es importantes: PER\u00cdODO E FINALIZA\u00c7\u00c3O DO EST\u00c1GIO O est\u00e1gio ter\u00e1 um per\u00edodo de 1 (um) semestre letivo, podendo ser prorrogado por at\u00e9 2 (dois) anos; A carga hor\u00e1ria m\u00e1xima di\u00e1ria de est\u00e1gio \u00e9 de 6\u2026","rel":"","context":"Post similar","block_context":{"text":"Post similar","link":""},"img":{"alt_text":"","src":"","width":0,"height":0},"classes":[]},{"id":1935,"url":"https:\/\/aulanaweb.com\/etefv\/?page_id=1935","url_meta":{"origin":283,"position":2},"title":"Oficina de Objetos Conectados &#8211; IoT","author":"Equipe Diretiva ETEFV","date":"03\/01\/2022","format":false,"excerpt":"Trata-se de uma oficina de aplica\u00e7\u00e3o do projeto de pesquisa FAPERJ E_11\/2019 que visa \u00e0 adequa\u00e7\u00e3o, \u00e0 moderniza\u00e7\u00e3o e \u00e0 otimiza\u00e7\u00e3o da infraestrutura do Laborat\u00f3rio de Eletr\u00f4nica Especializada, baseado, sobretudo, no emprego do Arduino como ferramenta para a cria\u00e7\u00e3o de experimentos de automa\u00e7\u00e3o e controle. Estes experimentos ser\u00e3o tamb\u00e9m usados\u2026","rel":"","context":"Post similar","block_context":{"text":"Post similar","link":""},"img":{"alt_text":"","src":"https:\/\/i0.wp.com\/aulanaweb.com\/etefv\/wp-content\/uploads\/2022\/01\/assinatura-faetec-_impresso_cor.png?resize=350%2C200&ssl=1","width":350,"height":200,"srcset":"https:\/\/i0.wp.com\/aulanaweb.com\/etefv\/wp-content\/uploads\/2022\/01\/assinatura-faetec-_impresso_cor.png?resize=350%2C200&ssl=1 1x, https:\/\/i0.wp.com\/aulanaweb.com\/etefv\/wp-content\/uploads\/2022\/01\/assinatura-faetec-_impresso_cor.png?resize=525%2C300&ssl=1 1.5x, https:\/\/i0.wp.com\/aulanaweb.com\/etefv\/wp-content\/uploads\/2022\/01\/assinatura-faetec-_impresso_cor.png?resize=700%2C400&ssl=1 2x, https:\/\/i0.wp.com\/aulanaweb.com\/etefv\/wp-content\/uploads\/2022\/01\/assinatura-faetec-_impresso_cor.png?resize=1050%2C600&ssl=1 3x, https:\/\/i0.wp.com\/aulanaweb.com\/etefv\/wp-content\/uploads\/2022\/01\/assinatura-faetec-_impresso_cor.png?resize=1400%2C800&ssl=1 4x"},"classes":[]},{"id":85,"url":"https:\/\/aulanaweb.com\/etefv\/?page_id=85","url_meta":{"origin":283,"position":3},"title":"Telecomunica\u00e7\u00f5es","author":"Equipe Diretiva ETEFV","date":"19\/09\/2017","format":false,"excerpt":"Docentes Coordenadores (EMI e Subsequente): Professores Ajax Rego, Ericson Ribeiret e Jorge Fernando da Silva - coordenacao.telecomunicacoes.emi@etefv.faetec.rj.gov.br Orientador de Est\u00e1gio: Prof. Sergio Luiz Fernandes O Curso T\u00e9cnico de N\u00edvel M\u00e9dio em Telecomunica\u00e7\u00f5es, do eixo tecnol\u00f3gico de Informa\u00e7\u00e3o e Comunica\u00e7\u00e3o, visa preparar profissionais cidad\u00e3os com conhecimentos t\u00e9cnicos e \u00e9ticos, possuidores de\u2026","rel":"","context":"Post similar","block_context":{"text":"Post similar","link":""},"img":{"alt_text":"","src":"","width":0,"height":0},"classes":[]},{"id":62,"url":"https:\/\/aulanaweb.com\/etefv\/?page_id=62","url_meta":{"origin":283,"position":4},"title":"Eletr\u00f4nica","author":"Equipe Diretiva ETEFV","date":"18\/09\/2017","format":false,"excerpt":"Coordenadores (EMI e Subsequente): Professores Luis Henrique Castro e Sebasti\u00e3o Sant'Anna \u00a0\u00a0- coordenacao.eletronica.emi@etefv.faetec.rj.gov.br Orientador de Est\u00e1gio: Prof. Victor Lima O Curso T\u00e9cnico de N\u00edvel M\u00e9dio em Eletr\u00f4nica, do eixo tecnol\u00f3gico de Controle e Processos Industriais, visa preparar profissionais cidad\u00e3os com conhecimentos t\u00e9cnicos e \u00e9ticos, possuidores de compet\u00eancias e habilidades administrativas,\u2026","rel":"","context":"Post similar","block_context":{"text":"Post similar","link":""},"img":{"alt_text":"","src":"https:\/\/i0.wp.com\/aulanaweb.com\/etefv\/wp-content\/uploads\/2017\/09\/empresa-manutencao-eletronica-industrial-01.jpg?fit=498%2C280&ssl=1&resize=350%2C200","width":350,"height":200},"classes":[]},{"id":124,"url":"https:\/\/aulanaweb.com\/etefv\/?page_id=124","url_meta":{"origin":283,"position":5},"title":"Supervis\u00e3o Escolar e Orienta\u00e7\u00e3o Educacional","author":"Marta Maria Maciel da Silva","date":"06\/04\/2024","format":false,"excerpt":"Componentes da equipe: Diurno(EMI): EM ATUALIZA\u00c7\u00c3O Noturno (SUBSEQUENTE):Supervis\u00e3o e Orienta\u00e7\u00e3o \u2013 Carolina Em\u00edlia Contatos por e-mail (supervis\u00e3o e orienta\u00e7\u00e3o): EMI: supervisao.edificacoes@etefv.faetec.rj.gov.br supervisao.eletronica@etefv.faetec.rj.gov.br supervisao.mecanica@etefv.faetec.rj.gov.br supervisao.telecomunicacoes@etefv.faetec.rj.gov.br supervisao.eletrotecnica@etefv.faetec.rj.gov.br orientacao.edificacoes@etefv.faetec.rj.gov.br orientacao.eletronica@etefv.faetec.rj.gov.br orientacao.mecanica@etefv.faetec.rj.gov.br orientacao.telecomunicacoes@etefv.faetec.rj.gov.br orientacao.eletrotecnica@etefv.faetec.rj.gov.br Subsequente: supervisao.subsequente@etefv.faetec.rj.gov.br orientacao.subsequente@etefv.faetec.rj.gov.br Principais atribui\u00e7\u00f5es da equipe de Supervis\u00e3o Escolar: Desenvolver pesquisa de campo, promovendo visitas, consultas e debates no\u2026","rel":"","context":"Post similar","block_context":{"text":"Post similar","link":""},"img":{"alt_text":"","src":"","width":0,"height":0},"classes":[]}],"_links":{"self":[{"href":"https:\/\/aulanaweb.com\/etefv\/index.php?rest_route=\/wp\/v2\/pages\/283","targetHints":{"allow":["GET"]}}],"collection":[{"href":"https:\/\/aulanaweb.com\/etefv\/index.php?rest_route=\/wp\/v2\/pages"}],"about":[{"href":"https:\/\/aulanaweb.com\/etefv\/index.php?rest_route=\/wp\/v2\/types\/page"}],"author":[{"embeddable":true,"href":"https:\/\/aulanaweb.com\/etefv\/index.php?rest_route=\/wp\/v2\/users\/1"}],"replies":[{"embeddable":true,"href":"https:\/\/aulanaweb.com\/etefv\/index.php?rest_route=%2Fwp%2Fv2%2Fcomments&post=283"}],"version-history":[{"count":1,"href":"https:\/\/aulanaweb.com\/etefv\/index.php?rest_route=\/wp\/v2\/pages\/283\/revisions"}],"predecessor-version":[{"id":2595,"href":"https:\/\/aulanaweb.com\/etefv\/index.php?rest_route=\/wp\/v2\/pages\/283\/revisions\/2595"}],"up":[{"embeddable":true,"href":"https:\/\/aulanaweb.com\/etefv\/index.php?rest_route=\/wp\/v2\/pages\/38"}],"wp:attachment":[{"href":"https:\/\/aulanaweb.com\/etefv\/index.php?rest_route=%2Fwp%2Fv2%2Fmedia&parent=283"}],"curies":[{"name":"wp","href":"https:\/\/api.w.org\/{rel}","templated":true}]}}