{"id":2799,"date":"2023-05-07T22:42:14","date_gmt":"2023-05-08T01:42:14","guid":{"rendered":"https:\/\/aulanaweb.com\/etefv\/?page_id=2799"},"modified":"2025-02-12T08:59:53","modified_gmt":"2025-02-12T11:59:53","slug":"docentes-3","status":"publish","type":"page","link":"https:\/\/aulanaweb.com\/etefv\/?page_id=2799","title":{"rendered":"Docentes"},"content":{"rendered":"\n<figure class=\"wp-block-table\"><table><tbody><tr><td>Danilo Ab\u00edlio Correa Gon\u00e7alves<\/td><td>Mec\u00e2nica<\/td><\/tr><tr><td>Debora Braga Barros Ferreira<\/td><td>Mec\u00e2nica<\/td><\/tr><tr><td>Evandro Paulo de Oliveira<\/td><td>Mec\u00e2nica<\/td><\/tr><tr><td>Fausto Jos\u00e9 Machay de Oliveira<\/td><td>Mec\u00e2nica <\/td><\/tr><tr><td>Jos\u00e9 Norberto Vieira Lanes<\/td><td>Mec\u00e2nica <\/td><\/tr><tr><td>Marcelo Lopes Ferraz<\/td><td>Mec\u00e2nica<\/td><\/tr><tr><td>Nelson Roberto de Albuquerque Bezerra<\/td><td>Organiza\u00e7\u00e3o e Normas<\/td><\/tr><tr><td>Paulo Eduardo Trindade Feij\u00f3<\/td><td>Mec\u00e2nica<\/td><\/tr><tr><td>Rubens Rodrigues Junior<\/td><td>Mec\u00e2nica<\/td><\/tr><\/tbody><\/table><\/figure>\n","protected":false},"excerpt":{"rendered":"<p>Danilo Ab\u00edlio Correa Gon\u00e7alves Mec\u00e2nica Debora Braga Barros Ferreira Mec\u00e2nica Evandro Paulo de Oliveira Mec\u00e2nica Fausto Jos\u00e9 Machay de Oliveira Mec\u00e2nica Jos\u00e9 Norberto Vieira Lanes Mec\u00e2nica Marcelo Lopes Ferraz Mec\u00e2nica&#8230; <\/p>\n","protected":false},"author":1,"featured_media":0,"parent":0,"menu_order":0,"comment_status":"closed","ping_status":"closed","template":"","meta":{"footnotes":""},"class_list":["post-2799","page","type-page","status-publish","hentry"],"jetpack_sharing_enabled":true,"jetpack_shortlink":"https:\/\/wp.me\/P9cg66-J9","jetpack_likes_enabled":true,"jetpack-related-posts":[{"id":250,"url":"https:\/\/aulanaweb.com\/etefv\/?page_id=250","url_meta":{"origin":2799,"position":0},"title":"F\u00edsica","author":"Equipe Diretiva ETEFV","date":"23\/09\/2017","format":false,"excerpt":"Equipe de Professores: ANDREA REIS ALBINO CESAR AUGUSTO RANGEL BASTOS CL\u00c1UDIA COSTA LOPES GON\u00c7ALVES SOSINHO CRISTIANO DA SILVA VIDAL EDUARDO COSTA NUNES FERREIRA JOS\u00c9 GUILHERME MONFORT DE MELLO JOS\u00c9 JORGE DE OLIVEIRA BITTENCOURT LUCIANO DA COSTA PIRES LUCIANO MORAES BARBOZA MARCELO DINIZ SANTA MARINHA RAMATON RAMON ROBERTO ANTONIO FERREIRA DE\u2026","rel":"","context":"Post similar","block_context":{"text":"Post similar","link":""},"img":{"alt_text":"","src":"","width":0,"height":0},"classes":[]},{"id":2795,"url":"https:\/\/aulanaweb.com\/etefv\/?page_id=2795","url_meta":{"origin":2799,"position":1},"title":"Docentes","author":"Equipe Diretiva ETEFV","date":"07\/05\/2023","format":false,"excerpt":"Alexandre Castro de Toledo SantosEletricidadeAnt\u00f4nio Carlos Calil FerreiraEletricidade Delirose Ramos Veras Lima Eletrot\u00e9cnicaF\u00e1bio Noronha TeixeiraEletricidade F\u00e1bio Pimentel RabelloEletricidadeGabriel \u00c2ngelo de Barros VieiraEletrot\u00e9cnicaJefferson Silveira de AzeredoEletricidade Jorge Jos\u00e9 Gomes de SouzaEletrot\u00e9cnicaLuiz Alberto de Faria GomesEletricidadeMargareth Nunes SilvaEletrot\u00e9cnicaNeilson Mariano CeiaEletrot\u00e9cnicaRog\u00e9rio Jos\u00e9 de RezendeEletricidade","rel":"","context":"Post similar","block_context":{"text":"Post similar","link":""},"img":{"alt_text":"","src":"","width":0,"height":0},"classes":[]},{"id":685,"url":"https:\/\/aulanaweb.com\/etefv\/?page_id=685","url_meta":{"origin":2799,"position":2},"title":"ETEFV &#8211; Comemora\u00e7\u00e3o dos 130 ANOS","author":"Equipe Diretiva ETEFV","date":"13\/08\/2018","format":false,"excerpt":"Escola T\u00e9cnica Estadual Ferreira Viana Centro de Mem\u00f3ria, Centro de Lutas e AAFEV COMEMORA\u00c7\u00c3O DOS 130 ANOS Da aboli\u00e7\u00e3o \u00e0 Casa de S\u00e3o Jos\u00e9: Hist\u00f3rias Cruzadas Agosto de 2018 Dia 21 de agosto \u2013 ter\u00e7a-feira 9h \u00e0s 12h - Local: Sagu\u00e3o de acesso ao 2\u00ba andar Atividades: Exposi\u00e7\u00e3o de banners\u2026","rel":"","context":"Post similar","block_context":{"text":"Post similar","link":""},"img":{"alt_text":"","src":"https:\/\/i0.wp.com\/aulanaweb.com\/etefv\/wp-content\/uploads\/2018\/08\/ETEFV-Antes-e-depois.png?fit=800%2C420&ssl=1&resize=350%2C200","width":350,"height":200,"srcset":"https:\/\/i0.wp.com\/aulanaweb.com\/etefv\/wp-content\/uploads\/2018\/08\/ETEFV-Antes-e-depois.png?fit=800%2C420&ssl=1&resize=350%2C200 1x, https:\/\/i0.wp.com\/aulanaweb.com\/etefv\/wp-content\/uploads\/2018\/08\/ETEFV-Antes-e-depois.png?fit=800%2C420&ssl=1&resize=525%2C300 1.5x, https:\/\/i0.wp.com\/aulanaweb.com\/etefv\/wp-content\/uploads\/2018\/08\/ETEFV-Antes-e-depois.png?fit=800%2C420&ssl=1&resize=700%2C400 2x"},"classes":[]},{"id":264,"url":"https:\/\/aulanaweb.com\/etefv\/?page_id=264","url_meta":{"origin":2799,"position":3},"title":"Qu\u00edmica","author":"Equipe Diretiva ETEFV","date":"23\/09\/2017","format":false,"excerpt":"Equipe de Professores: ALEXANDRE FREITAS NOGUEIRAANDREA DOS SANTOS RODRIGUESCARLA SISMIL BONZOUMETJOS\u00c9 JORGE REZENDE PEREIRAL\u00daCIA MENEZES PINTO DAMASCENOPAULO ROBERTO COELHO","rel":"","context":"Post similar","block_context":{"text":"Post similar","link":""},"img":{"alt_text":"","src":"","width":0,"height":0},"classes":[]},{"id":252,"url":"https:\/\/aulanaweb.com\/etefv\/?page_id=252","url_meta":{"origin":2799,"position":4},"title":"Geografia","author":"Equipe Diretiva ETEFV","date":"23\/09\/2017","format":false,"excerpt":"Equipe de Professores: ANT\u00d4NIO PAIS DO AMARAL FILHO CLAUDENI ALVES LOUREN\u00c7O JOS\u00c9 ANTONIO RIBAS SOARES LUCIANO DE LIMA SILVA LUIS GUSTAVO MELLO DA SILVA RODOLFO DE OLIVEIRA SOUZA","rel":"","context":"Post similar","block_context":{"text":"Post similar","link":""},"img":{"alt_text":"","src":"","width":0,"height":0},"classes":[]},{"id":248,"url":"https:\/\/aulanaweb.com\/etefv\/?page_id=248","url_meta":{"origin":2799,"position":5},"title":"Filosofia","author":"Equipe Diretiva ETEFV","date":"23\/09\/2017","format":false,"excerpt":"Equipe de Professores: ANA MARIA DE SOUZA RICHA ANDREA RANGEL RIBEIRO ANDR\u00c9IA LIMA CAMPOS ANTONIO JORGE SOUZA DE FREITAS GRACIA M\u00d4NICA MASSELLI HARDMAN VIANNA MARIA JOS\u00c9 DE OLIVEIRA TELMA MARIA SILVA REGO","rel":"","context":"Post similar","block_context":{"text":"Post similar","link":""},"img":{"alt_text":"","src":"","width":0,"height":0},"classes":[]}],"_links":{"self":[{"href":"https:\/\/aulanaweb.com\/etefv\/index.php?rest_route=\/wp\/v2\/pages\/2799","targetHints":{"allow":["GET"]}}],"collection":[{"href":"https:\/\/aulanaweb.com\/etefv\/index.php?rest_route=\/wp\/v2\/pages"}],"about":[{"href":"https:\/\/aulanaweb.com\/etefv\/index.php?rest_route=\/wp\/v2\/types\/page"}],"author":[{"embeddable":true,"href":"https:\/\/aulanaweb.com\/etefv\/index.php?rest_route=\/wp\/v2\/users\/1"}],"replies":[{"embeddable":true,"href":"https:\/\/aulanaweb.com\/etefv\/index.php?rest_route=%2Fwp%2Fv2%2Fcomments&post=2799"}],"version-history":[{"count":2,"href":"https:\/\/aulanaweb.com\/etefv\/index.php?rest_route=\/wp\/v2\/pages\/2799\/revisions"}],"predecessor-version":[{"id":3674,"href":"https:\/\/aulanaweb.com\/etefv\/index.php?rest_route=\/wp\/v2\/pages\/2799\/revisions\/3674"}],"wp:attachment":[{"href":"https:\/\/aulanaweb.com\/etefv\/index.php?rest_route=%2Fwp%2Fv2%2Fmedia&parent=2799"}],"curies":[{"name":"wp","href":"https:\/\/api.w.org\/{rel}","templated":true}]}}