{"id":2789,"date":"2023-05-07T22:24:04","date_gmt":"2023-05-08T01:24:04","guid":{"rendered":"https:\/\/aulanaweb.com\/etefv\/?page_id=2789"},"modified":"2025-02-12T08:46:09","modified_gmt":"2025-02-12T11:46:09","slug":"docentes","status":"publish","type":"page","link":"https:\/\/aulanaweb.com\/etefv\/?page_id=2789","title":{"rendered":"Docentes"},"content":{"rendered":"\n<figure class=\"wp-block-table is-style-regular\"><table><tbody><tr><td>Ant\u00f4nio Carlos Vianna<\/td><td class=\"has-text-align-left\" data-align=\"left\">Edifica\u00e7\u00f5es<\/td><\/tr><tr><td>Ant\u00f4nio Marcos Vilarinho Moraes<\/td><td class=\"has-text-align-left\" data-align=\"left\">Edifica\u00e7\u00f5es<\/td><\/tr><tr><td>Carlos Roberto Millet<\/td><td class=\"has-text-align-left\" data-align=\"left\">Edifica\u00e7\u00f5es<\/td><\/tr><tr><td>Edson Costa Teixeira<\/td><td class=\"has-text-align-left\" data-align=\"left\">   Edifica\u00e7\u00f5es<\/td><\/tr><tr><td>Elton Jorge Bragan\u00e7a Ribeiro<\/td><td class=\"has-text-align-left\" data-align=\"left\">Edifica\u00e7\u00f5es<\/td><\/tr><tr><td>Jacques Honigbaum<\/td><td class=\"has-text-align-left\" data-align=\"left\">Edifica\u00e7\u00f5es<\/td><\/tr><tr><td>Luis C\u00e9sar Peruci do Amaral<\/td><td class=\"has-text-align-left\" data-align=\"left\">Edifica\u00e7\u00f5es<\/td><\/tr><tr><td>Luis F\u00e1bio Cruz<\/td><td class=\"has-text-align-left\" data-align=\"left\">Edifica\u00e7\u00f5es<\/td><\/tr><tr><td>Luiz Dami\u00e3o Teixeira da Silva<\/td><td class=\"has-text-align-left\" data-align=\"left\">Edifica\u00e7\u00f5es<\/td><\/tr><tr><td>Luiz Fernando Martins J\u00f3ia<\/td><td class=\"has-text-align-left\" data-align=\"left\">Edifica\u00e7\u00f5es<\/td><\/tr><tr><td>Marcos Borges Pereira<\/td><td class=\"has-text-align-left\" data-align=\"left\">Edifica\u00e7\u00f5es<\/td><\/tr><tr><td>Mario Ribeiro da Cruz<\/td><td class=\"has-text-align-left\" data-align=\"left\">Edifica\u00e7\u00f5es<\/td><\/tr><tr><td>Mauro S\u00e9rgio Costa Reis<\/td><td class=\"has-text-align-left\" data-align=\"left\">Edifica\u00e7\u00f5es<\/td><\/tr><tr><td>Miguel da Fonseca Amaral Ribeiro<\/td><td class=\"has-text-align-left\" data-align=\"left\">Edifica\u00e7\u00f5es<\/td><\/tr><tr><td>Nilton de Souza Lima<\/td><td class=\"has-text-align-left\" data-align=\"left\">Edifica\u00e7\u00f5es<\/td><\/tr><tr><td>Raimundo Carlos de Almeida<\/td><td class=\"has-text-align-left\" data-align=\"left\">Edifica\u00e7\u00f5es<\/td><\/tr><tr><td>Reynaldo Andr\u00e9 de Castro<\/td><td class=\"has-text-align-left\" data-align=\"left\">Edifica\u00e7\u00f5es<\/td><\/tr><tr><td>S\u00e9rgio Ceolin Lamas<\/td><td class=\"has-text-align-left\" data-align=\"left\">Edifica\u00e7\u00f5es<\/td><\/tr><tr><td>S\u00e9rgio Roberto de Andrade<\/td><td class=\"has-text-align-left\" data-align=\"left\">Edifica\u00e7\u00f5es<\/td><\/tr><tr><td>Sonia Dique Fragozo<\/td><td class=\"has-text-align-left\" data-align=\"left\">Edifica\u00e7\u00f5es<\/td><\/tr><tr><td>Zenildo Ferreira de Oliveira<\/td><td class=\"has-text-align-left\" data-align=\"left\">Edifica\u00e7\u00f5es<\/td><\/tr><\/tbody><\/table><\/figure>\n","protected":false},"excerpt":{"rendered":"<p>Ant\u00f4nio Carlos Vianna Edifica\u00e7\u00f5es Ant\u00f4nio Marcos Vilarinho Moraes Edifica\u00e7\u00f5es Carlos Roberto Millet Edifica\u00e7\u00f5es Edson Costa Teixeira Edifica\u00e7\u00f5es Elton Jorge Bragan\u00e7a Ribeiro Edifica\u00e7\u00f5es Jacques Honigbaum Edifica\u00e7\u00f5es Luis C\u00e9sar Peruci do Amaral&#8230; <\/p>\n","protected":false},"author":1,"featured_media":0,"parent":0,"menu_order":0,"comment_status":"closed","ping_status":"closed","template":"","meta":{"jetpack_post_was_ever_published":false,"footnotes":""},"class_list":["post-2789","page","type-page","status-publish","hentry"],"jetpack_sharing_enabled":true,"jetpack_shortlink":"https:\/\/wp.me\/P9cg66-IZ","jetpack_likes_enabled":true,"jetpack-related-posts":[{"id":2795,"url":"https:\/\/aulanaweb.com\/etefv\/?page_id=2795","url_meta":{"origin":2789,"position":0},"title":"Docentes","author":"Equipe Diretiva ETEFV","date":"07\/05\/2023","format":false,"excerpt":"Alexandre Castro de Toledo SantosEletricidadeAnt\u00f4nio Carlos Calil FerreiraEletricidade Delirose Ramos Veras Lima Eletrot\u00e9cnicaF\u00e1bio Noronha TeixeiraEletricidade F\u00e1bio Pimentel RabelloEletricidadeGabriel \u00c2ngelo de Barros VieiraEletrot\u00e9cnicaJefferson Silveira de AzeredoEletricidade Jorge Jos\u00e9 Gomes de SouzaEletrot\u00e9cnicaLuiz Alberto de Faria GomesEletricidadeMargareth Nunes SilvaEletrot\u00e9cnicaNeilson Mariano CeiaEletrot\u00e9cnicaRog\u00e9rio Jos\u00e9 de RezendeEletricidade","rel":"","context":"Post similar","block_context":{"text":"Post similar","link":""},"img":{"alt_text":"","src":"","width":0,"height":0},"classes":[]}],"_links":{"self":[{"href":"https:\/\/aulanaweb.com\/etefv\/index.php?rest_route=\/wp\/v2\/pages\/2789","targetHints":{"allow":["GET"]}}],"collection":[{"href":"https:\/\/aulanaweb.com\/etefv\/index.php?rest_route=\/wp\/v2\/pages"}],"about":[{"href":"https:\/\/aulanaweb.com\/etefv\/index.php?rest_route=\/wp\/v2\/types\/page"}],"author":[{"embeddable":true,"href":"https:\/\/aulanaweb.com\/etefv\/index.php?rest_route=\/wp\/v2\/users\/1"}],"replies":[{"embeddable":true,"href":"https:\/\/aulanaweb.com\/etefv\/index.php?rest_route=%2Fwp%2Fv2%2Fcomments&post=2789"}],"version-history":[{"count":3,"href":"https:\/\/aulanaweb.com\/etefv\/index.php?rest_route=\/wp\/v2\/pages\/2789\/revisions"}],"predecessor-version":[{"id":3665,"href":"https:\/\/aulanaweb.com\/etefv\/index.php?rest_route=\/wp\/v2\/pages\/2789\/revisions\/3665"}],"wp:attachment":[{"href":"https:\/\/aulanaweb.com\/etefv\/index.php?rest_route=%2Fwp%2Fv2%2Fmedia&parent=2789"}],"curies":[{"name":"wp","href":"https:\/\/api.w.org\/{rel}","templated":true}]}}