{"id":260,"date":"2017-09-23T20:08:57","date_gmt":"2017-09-23T23:08:57","guid":{"rendered":"http:\/\/www.aulanaweb.com\/etefv\/?page_id=260"},"modified":"2023-04-25T16:40:23","modified_gmt":"2023-04-25T19:40:23","slug":"literatura","status":"publish","type":"page","link":"https:\/\/aulanaweb.com\/etefv\/?page_id=260","title":{"rendered":"Literatura"},"content":{"rendered":"<p><strong>Equipe de Professores:<\/strong><\/p>\n<p>ANA L\u00cdGIA MATOS DE ALMEIDA<br \/>\nCL\u00c1UDIA FABIANA DE OLIVEIRA CARDOSO<br \/>\nPATR\u00cdCIA CAMARGO<\/p>\n","protected":false},"excerpt":{"rendered":"<p>Equipe de Professores: ANA L\u00cdGIA MATOS DE ALMEIDA CL\u00c1UDIA FABIANA DE OLIVEIRA CARDOSO PATR\u00cdCIA CAMARGO<\/p>\n","protected":false},"author":1,"featured_media":0,"parent":38,"menu_order":0,"comment_status":"closed","ping_status":"closed","template":"","meta":{"jetpack_post_was_ever_published":false,"footnotes":""},"class_list":["post-260","page","type-page","status-publish","hentry"],"jetpack_sharing_enabled":true,"jetpack_shortlink":"https:\/\/wp.me\/P9cg66-4c","jetpack_likes_enabled":true,"jetpack-related-posts":[{"id":250,"url":"https:\/\/aulanaweb.com\/etefv\/?page_id=250","url_meta":{"origin":260,"position":0},"title":"F\u00edsica","author":"Equipe Diretiva ETEFV","date":"23\/09\/2017","format":false,"excerpt":"Equipe de Professores: ANDREA REIS ALBINO CESAR AUGUSTO RANGEL BASTOS CL\u00c1UDIA COSTA LOPES GON\u00c7ALVES SOSINHO CRISTIANO DA SILVA VIDAL EDUARDO COSTA NUNES FERREIRA JOS\u00c9 GUILHERME MONFORT DE MELLO JOS\u00c9 JORGE DE OLIVEIRA BITTENCOURT LUCIANO DA COSTA PIRES LUCIANO MORAES BARBOZA MARCELO DINIZ SANTA MARINHA RAMATON RAMON ROBERTO ANTONIO FERREIRA DE\u2026","rel":"","context":"Post similar","block_context":{"text":"Post similar","link":""},"img":{"alt_text":"","src":"","width":0,"height":0},"classes":[]},{"id":258,"url":"https:\/\/aulanaweb.com\/etefv\/?page_id=258","url_meta":{"origin":260,"position":1},"title":"L\u00edngua Portuguesa","author":"Equipe Diretiva ETEFV","date":"23\/09\/2017","format":false,"excerpt":"Equipe de Professores: ANA L\u00daCIA NERY DE CASTRO FERNANDO ALFREDO XAVIER PEREIRA JAQUELINE GARCIA DA SILVA PATR\u00cdCIA RIBEIRO DE ANDRADE ROBERTO DA FRAN\u00c7A NEVES V\u00c2NIA PATALANO HENRIQUES VIVIANE DE OLIVEIRA BISPO WANDA RODRIGUES DE LIMA","rel":"","context":"Post similar","block_context":{"text":"Post similar","link":""},"img":{"alt_text":"","src":"","width":0,"height":0},"classes":[]},{"id":246,"url":"https:\/\/aulanaweb.com\/etefv\/?page_id=246","url_meta":{"origin":260,"position":2},"title":"Educa\u00e7\u00e3o F\u00edsica","author":"Equipe Diretiva ETEFV","date":"23\/09\/2017","format":false,"excerpt":"Equipe de Professores e instrutores: Deivid Sebasti\u00e3o de Oliveira MeloMarcus Augusto Vidal de Oliveira (instrutor)Lu\u00eds Fl\u00e1vio Fonseca Proven\u00e7anoClaudia Fernandes BandeiraRaul Carlos Raposo da Silva J\u00faniorLuiz Fernando Moreira Pe\u00e7anha (instrutor)Carlos Eduardo Bressa Pe\u00e7anhaHernandes Eduardo Marques (instrutor)","rel":"","context":"Post similar","block_context":{"text":"Post similar","link":""},"img":{"alt_text":"","src":"","width":0,"height":0},"classes":[]},{"id":248,"url":"https:\/\/aulanaweb.com\/etefv\/?page_id=248","url_meta":{"origin":260,"position":3},"title":"Filosofia","author":"Equipe Diretiva ETEFV","date":"23\/09\/2017","format":false,"excerpt":"Equipe de Professores: ANA MARIA DE SOUZA RICHA ANDREA RANGEL RIBEIRO ANDR\u00c9IA LIMA CAMPOS ANTONIO JORGE SOUZA DE FREITAS GRACIA M\u00d4NICA MASSELLI HARDMAN VIANNA MARIA JOS\u00c9 DE OLIVEIRA TELMA MARIA SILVA REGO","rel":"","context":"Post similar","block_context":{"text":"Post similar","link":""},"img":{"alt_text":"","src":"","width":0,"height":0},"classes":[]},{"id":254,"url":"https:\/\/aulanaweb.com\/etefv\/?page_id=254","url_meta":{"origin":260,"position":4},"title":"Hist\u00f3ria","author":"Equipe Diretiva ETEFV","date":"23\/09\/2017","format":false,"excerpt":"Equipe de Professores: ELISA GOLDMAN LUIZ ALBERTO DA PENHA MARIANA FERREIRA DE MELO T\u00c2NIA REGINA SAMPAIO MARIOSA PARENTE VIRG\u00cdNIA SENA BARRADAS VLADIMIR RODRIGUES DE OLIVEIRA","rel":"","context":"Post similar","block_context":{"text":"Post similar","link":""},"img":{"alt_text":"","src":"","width":0,"height":0},"classes":[]},{"id":252,"url":"https:\/\/aulanaweb.com\/etefv\/?page_id=252","url_meta":{"origin":260,"position":5},"title":"Geografia","author":"Equipe Diretiva ETEFV","date":"23\/09\/2017","format":false,"excerpt":"Equipe de Professores: ANT\u00d4NIO PAIS DO AMARAL FILHO CLAUDENI ALVES LOUREN\u00c7O JOS\u00c9 ANTONIO RIBAS SOARES LUCIANO DE LIMA SILVA LUIS GUSTAVO MELLO DA SILVA RODOLFO DE OLIVEIRA SOUZA","rel":"","context":"Post similar","block_context":{"text":"Post similar","link":""},"img":{"alt_text":"","src":"","width":0,"height":0},"classes":[]}],"_links":{"self":[{"href":"https:\/\/aulanaweb.com\/etefv\/index.php?rest_route=\/wp\/v2\/pages\/260","targetHints":{"allow":["GET"]}}],"collection":[{"href":"https:\/\/aulanaweb.com\/etefv\/index.php?rest_route=\/wp\/v2\/pages"}],"about":[{"href":"https:\/\/aulanaweb.com\/etefv\/index.php?rest_route=\/wp\/v2\/types\/page"}],"author":[{"embeddable":true,"href":"https:\/\/aulanaweb.com\/etefv\/index.php?rest_route=\/wp\/v2\/users\/1"}],"replies":[{"embeddable":true,"href":"https:\/\/aulanaweb.com\/etefv\/index.php?rest_route=%2Fwp%2Fv2%2Fcomments&post=260"}],"version-history":[{"count":1,"href":"https:\/\/aulanaweb.com\/etefv\/index.php?rest_route=\/wp\/v2\/pages\/260\/revisions"}],"predecessor-version":[{"id":2614,"href":"https:\/\/aulanaweb.com\/etefv\/index.php?rest_route=\/wp\/v2\/pages\/260\/revisions\/2614"}],"up":[{"embeddable":true,"href":"https:\/\/aulanaweb.com\/etefv\/index.php?rest_route=\/wp\/v2\/pages\/38"}],"wp:attachment":[{"href":"https:\/\/aulanaweb.com\/etefv\/index.php?rest_route=%2Fwp%2Fv2%2Fmedia&parent=260"}],"curies":[{"name":"wp","href":"https:\/\/api.w.org\/{rel}","templated":true}]}}