{"id":258,"date":"2017-09-23T20:08:38","date_gmt":"2017-09-23T23:08:38","guid":{"rendered":"http:\/\/www.aulanaweb.com\/etefv\/?page_id=258"},"modified":"2023-04-25T16:39:19","modified_gmt":"2023-04-25T19:39:19","slug":"lingua-portuguesa","status":"publish","type":"page","link":"https:\/\/aulanaweb.com\/etefv\/?page_id=258","title":{"rendered":"L\u00edngua Portuguesa"},"content":{"rendered":"<p><strong>Equipe de Professores:<\/strong><\/p>\n<p>ANA L\u00daCIA NERY DE CASTRO<br \/>\nFERNANDO ALFREDO XAVIER PEREIRA<br \/>\nJAQUELINE GARCIA DA SILVA<br \/>\nPATR\u00cdCIA RIBEIRO DE ANDRADE<br \/>\nROBERTO DA FRAN\u00c7A NEVES<br \/>\nV\u00c2NIA PATALANO HENRIQUES<br \/>\nVIVIANE DE OLIVEIRA BISPO<br \/>\nWANDA RODRIGUES DE LIMA<\/p>\n","protected":false},"excerpt":{"rendered":"<p>Equipe de Professores: ANA L\u00daCIA NERY DE CASTRO FERNANDO ALFREDO XAVIER PEREIRA JAQUELINE GARCIA DA SILVA PATR\u00cdCIA RIBEIRO DE ANDRADE ROBERTO DA FRAN\u00c7A NEVES V\u00c2NIA PATALANO HENRIQUES VIVIANE DE OLIVEIRA&#8230; <\/p>\n","protected":false},"author":1,"featured_media":0,"parent":38,"menu_order":0,"comment_status":"closed","ping_status":"closed","template":"","meta":{"footnotes":""},"class_list":["post-258","page","type-page","status-publish","hentry"],"jetpack_sharing_enabled":true,"jetpack_shortlink":"https:\/\/wp.me\/P9cg66-4a","jetpack_likes_enabled":true,"jetpack-related-posts":[{"id":162,"url":"https:\/\/aulanaweb.com\/etefv\/?page_id=162","url_meta":{"origin":258,"position":0},"title":"Centro de Mem\u00f3ria","author":"Equipe Diretiva ETEFV","date":"19\/09\/2017","format":false,"excerpt":"CENTRO DE MEM\u00d3RIA DA ETEFV CONVIDA:OFICINA \"CONHECENDO O ACERVO DA ETEFV ATRAV\u00c9S DA GAMIFICA\u00c7\u00c3O\" (Link) Evento: DATA: 13\/05\/2025 HOR\u00c1RIO: 10h \u00e0s 12h LOCAL: SALA WEB (SALA 137) DESCRI\u00c7\u00c3O: A oficina \u00e9 uma experi\u00eancia pedag\u00f3gica de gamifica\u00e7\u00e3o, que consiste na utiliza\u00e7\u00e3o de jogos como elemento central de aprendizagem. Apresentaremos o jogo\u2026","rel":"","context":"Post similar","block_context":{"text":"Post similar","link":""},"img":{"alt_text":"","src":"https:\/\/i0.wp.com\/aulanaweb.com\/etefv\/wp-content\/uploads\/2024\/06\/imagem_2024-06-26_123845919.png?resize=350%2C200&ssl=1","width":350,"height":200},"classes":[]},{"id":685,"url":"https:\/\/aulanaweb.com\/etefv\/?page_id=685","url_meta":{"origin":258,"position":1},"title":"ETEFV &#8211; Comemora\u00e7\u00e3o dos 130 ANOS","author":"Equipe Diretiva ETEFV","date":"13\/08\/2018","format":false,"excerpt":"Escola T\u00e9cnica Estadual Ferreira Viana Centro de Mem\u00f3ria, Centro de Lutas e AAFEV COMEMORA\u00c7\u00c3O DOS 130 ANOS Da aboli\u00e7\u00e3o \u00e0 Casa de S\u00e3o Jos\u00e9: Hist\u00f3rias Cruzadas Agosto de 2018 Dia 21 de agosto \u2013 ter\u00e7a-feira 9h \u00e0s 12h - Local: Sagu\u00e3o de acesso ao 2\u00ba andar Atividades: Exposi\u00e7\u00e3o de banners\u2026","rel":"","context":"Post similar","block_context":{"text":"Post similar","link":""},"img":{"alt_text":"","src":"https:\/\/i0.wp.com\/aulanaweb.com\/etefv\/wp-content\/uploads\/2018\/08\/ETEFV-Antes-e-depois.png?fit=800%2C420&ssl=1&resize=350%2C200","width":350,"height":200,"srcset":"https:\/\/i0.wp.com\/aulanaweb.com\/etefv\/wp-content\/uploads\/2018\/08\/ETEFV-Antes-e-depois.png?fit=800%2C420&ssl=1&resize=350%2C200 1x, https:\/\/i0.wp.com\/aulanaweb.com\/etefv\/wp-content\/uploads\/2018\/08\/ETEFV-Antes-e-depois.png?fit=800%2C420&ssl=1&resize=525%2C300 1.5x, https:\/\/i0.wp.com\/aulanaweb.com\/etefv\/wp-content\/uploads\/2018\/08\/ETEFV-Antes-e-depois.png?fit=800%2C420&ssl=1&resize=700%2C400 2x"},"classes":[]},{"id":124,"url":"https:\/\/aulanaweb.com\/etefv\/?page_id=124","url_meta":{"origin":258,"position":2},"title":"Supervis\u00e3o Escolar e Orienta\u00e7\u00e3o Educacional","author":"Marta Maria Maciel da Silva","date":"06\/04\/2024","format":false,"excerpt":"Componentes da equipe: Diurno(EMI): EM ATUALIZA\u00c7\u00c3O Noturno (SUBSEQUENTE):Supervis\u00e3o e Orienta\u00e7\u00e3o \u2013 Carolina Em\u00edlia Contatos por e-mail (supervis\u00e3o e orienta\u00e7\u00e3o): EMI: supervisao.edificacoes@etefv.faetec.rj.gov.br supervisao.eletronica@etefv.faetec.rj.gov.br supervisao.mecanica@etefv.faetec.rj.gov.br supervisao.telecomunicacoes@etefv.faetec.rj.gov.br supervisao.eletrotecnica@etefv.faetec.rj.gov.br orientacao.edificacoes@etefv.faetec.rj.gov.br orientacao.eletronica@etefv.faetec.rj.gov.br orientacao.mecanica@etefv.faetec.rj.gov.br orientacao.telecomunicacoes@etefv.faetec.rj.gov.br orientacao.eletrotecnica@etefv.faetec.rj.gov.br Subsequente: supervisao.subsequente@etefv.faetec.rj.gov.br orientacao.subsequente@etefv.faetec.rj.gov.br Principais atribui\u00e7\u00f5es da equipe de Supervis\u00e3o Escolar: Desenvolver pesquisa de campo, promovendo visitas, consultas e debates no\u2026","rel":"","context":"Post similar","block_context":{"text":"Post similar","link":""},"img":{"alt_text":"","src":"","width":0,"height":0},"classes":[]},{"id":2803,"url":"https:\/\/aulanaweb.com\/etefv\/?page_id=2803","url_meta":{"origin":258,"position":3},"title":"Docentes","author":"Equipe Diretiva ETEFV","date":"07\/05\/2023","format":false,"excerpt":"Ailton Hil\u00e1rioTelecomunica\u00e7\u00f5esAjax Antonio RegoTelecomunica\u00e7\u00f5esDanilo da Silva JesusTelecomunica\u00e7\u00f5esEricson Carvalho RibeireteTelecomunica\u00e7\u00f5esJorge Fernando da SilvaTelecomunica\u00e7\u00f5esJos\u00e9 Mauro Campos da SilvaTelecomunica\u00e7\u00f5esLuiz Alberto Costa do AmparoTelecomunica\u00e7\u00f5esLuiz Wagner da Silva PassosTelecomunica\u00e7\u00f5esM\u00e1rcio Roberto Alves LobatoTelecomunica\u00e7\u00f5esMarcus Andr\u00e9 FreichoTelecomunica\u00e7\u00f5esPaulo Pereira LoureiroTelecomunica\u00e7\u00f5esRoque Andr\u00e9 Ciufo PoeysTelecomunica\u00e7\u00f5esS\u00e9rgio Luiz FernandesTelecomunica\u00e7\u00f5esSidney Carlos da CruzTelecomunica\u00e7\u00f5es","rel":"","context":"Post similar","block_context":{"text":"Post similar","link":""},"img":{"alt_text":"","src":"","width":0,"height":0},"classes":[]},{"id":675,"url":"https:\/\/aulanaweb.com\/etefv\/?page_id=675","url_meta":{"origin":258,"position":4},"title":"AAFEV &#8211; 130 anos da ETEFV","author":"Equipe Diretiva ETEFV","date":"13\/08\/2018","format":false,"excerpt":"O dia 09 de agosto de 2018 \u00e9 muito significativo para todos n\u00f3s, que vivemos grande parte de nossas vidas, plantando o que h\u00e1 de mais importante nas mentes e cora\u00e7\u00f5es do ser humano. Plantamos o saber , mas tamb\u00e9m procuramos passar valores, para que nossos alunos se tornem pessoas\u2026","rel":"","context":"Post similar","block_context":{"text":"Post similar","link":""},"img":{"alt_text":"","src":"https:\/\/i0.wp.com\/aulanaweb.com\/etefv\/wp-content\/uploads\/2018\/08\/AAFEV-130-anos-de-ETEFV.png?fit=800%2C420&ssl=1&resize=350%2C200","width":350,"height":200,"srcset":"https:\/\/i0.wp.com\/aulanaweb.com\/etefv\/wp-content\/uploads\/2018\/08\/AAFEV-130-anos-de-ETEFV.png?fit=800%2C420&ssl=1&resize=350%2C200 1x, https:\/\/i0.wp.com\/aulanaweb.com\/etefv\/wp-content\/uploads\/2018\/08\/AAFEV-130-anos-de-ETEFV.png?fit=800%2C420&ssl=1&resize=525%2C300 1.5x, https:\/\/i0.wp.com\/aulanaweb.com\/etefv\/wp-content\/uploads\/2018\/08\/AAFEV-130-anos-de-ETEFV.png?fit=800%2C420&ssl=1&resize=700%2C400 2x"},"classes":[]},{"id":680,"url":"https:\/\/aulanaweb.com\/etefv\/?page_id=680","url_meta":{"origin":258,"position":5},"title":"130 Anos da ETEFV","author":"Equipe Diretiva ETEFV","date":"13\/08\/2018","format":false,"excerpt":"","rel":"","context":"Post similar","block_context":{"text":"Post similar","link":""},"img":{"alt_text":"","src":"","width":0,"height":0},"classes":[]}],"_links":{"self":[{"href":"https:\/\/aulanaweb.com\/etefv\/index.php?rest_route=\/wp\/v2\/pages\/258","targetHints":{"allow":["GET"]}}],"collection":[{"href":"https:\/\/aulanaweb.com\/etefv\/index.php?rest_route=\/wp\/v2\/pages"}],"about":[{"href":"https:\/\/aulanaweb.com\/etefv\/index.php?rest_route=\/wp\/v2\/types\/page"}],"author":[{"embeddable":true,"href":"https:\/\/aulanaweb.com\/etefv\/index.php?rest_route=\/wp\/v2\/users\/1"}],"replies":[{"embeddable":true,"href":"https:\/\/aulanaweb.com\/etefv\/index.php?rest_route=%2Fwp%2Fv2%2Fcomments&post=258"}],"version-history":[{"count":2,"href":"https:\/\/aulanaweb.com\/etefv\/index.php?rest_route=\/wp\/v2\/pages\/258\/revisions"}],"predecessor-version":[{"id":2613,"href":"https:\/\/aulanaweb.com\/etefv\/index.php?rest_route=\/wp\/v2\/pages\/258\/revisions\/2613"}],"up":[{"embeddable":true,"href":"https:\/\/aulanaweb.com\/etefv\/index.php?rest_route=\/wp\/v2\/pages\/38"}],"wp:attachment":[{"href":"https:\/\/aulanaweb.com\/etefv\/index.php?rest_route=%2Fwp%2Fv2%2Fmedia&parent=258"}],"curies":[{"name":"wp","href":"https:\/\/api.w.org\/{rel}","templated":true}]}}