{"id":256,"date":"2017-09-23T20:08:13","date_gmt":"2017-09-23T23:08:13","guid":{"rendered":"http:\/\/www.aulanaweb.com\/etefv\/?page_id=256"},"modified":"2023-04-25T16:36:01","modified_gmt":"2023-04-25T19:36:01","slug":"lingua-estrangeira","status":"publish","type":"page","link":"https:\/\/aulanaweb.com\/etefv\/?page_id=256","title":{"rendered":"Ingl\u00eas"},"content":{"rendered":"<p><strong>Equipe de Professores:<\/strong><\/p>\n<p>DENISE PINTO DUARTE<br \/>\nDEISE MARA FERREIRA FONSECA<br \/>\nELIANE MARIANO DE OLIVEIRA DE ALBUQUERQUE<br \/>\nFELIPE GUSTAVO COSTA DE OLIVEIRA<br \/>\nGEORGIA MONTEIRO DE OLIVEIRA<br \/>\nMARIA FILOMENA CORREIA DO REGO<\/p>\n<p><strong>Aos Alunos:<\/strong><\/p>\n<p>Caro(a) aluno(a),<\/p>\n<p>Apresentamos algumas sugest\u00f5es para voc\u00ea desenvolver e aprimorar o seu ingl\u00eas. Lembre-se de que a aprendizagem de uma l\u00edngua n\u00e3o acontece s\u00f3 na escola. Para ser bem sucedido (a) voc\u00ea precisa dedicar um pouco do seu tempo ao contato com a l\u00edngua que voc\u00ea deseja aprender. Hoje em dia a internet fornece in\u00fameras oportunidades para voc\u00ea aprender de gra\u00e7a.<\/p>\n<p>Para come\u00e7ar selecionamos alguns sites de dicion\u00e1rios que voc\u00ea pode consultar em caso de d\u00favidas quanto ao significado de palavras desconhecidas. Os v\u00eddeos do <em>YOUTUBE<\/em> abordam temas atuais e situa\u00e7\u00f5es do cotidiano e o <em>site<\/em> com as primeiras p\u00e1ginas dos jornais ajudar\u00e1 voc\u00ea a ficar informado sobre o que acontece no mundo. H\u00e1 tamb\u00e9m sugest\u00f5es de sites sobre tecnologia onde voc\u00ea poder\u00e1 encontrar assuntos da sua \u00e1rea de estudo.<\/p>\n<p>Bom proveito!<\/p>\n<table style=\"border-color: #000000;\" border=\"1\" cellspacing=\"1\">\n<tbody>\n<tr>\n<td style=\"border-color: #000000;\"><strong>DICION\u00c1RIOS ONLINE<\/strong><\/p>\n<p><a href=\"http:\/\/dictionary.cambridge.org\/pt\/dicionario\/ingles-portugues\/\">http:\/\/dictionary.cambridge.org\/pt\/dicionario\/ingles-portugues\/<\/a><\/p>\n<p><a href=\"http:\/\/www.wordreference.com\/enpt\/\">http:\/\/www.wordreference.com\/enpt\/<\/a><\/td>\n<\/tr>\n<tr>\n<td style=\"border-color: #000000;\"><strong>CANAIS DO YOUTUBE<\/strong><\/p>\n<p>&#8211; VIDEO VOCAB\u00a0 &#8211; ENGLISH FOR TECHNOLOGY , BUSINESS, ETC \u2013 <strong><em>WATCH THE MOVIE ON\u00a0 ARTIFICIAL INTELIGENCE ! <\/em><\/strong><\/p>\n<p>&#8211; AMERICAN\u00a0 ENGLISH<\/p>\n<p>AMERICAN ENGLISH \u2013 baseado em situa\u00e7\u00f5es comunicativas do dia a dia.<\/p>\n<p>\u2013 BRITISH ENGLISH<\/p>\n<p>&#8211; CRASH COURSEVideo classes on many subjects, including: computer science, film, sociology,philosophy, physics, astronomy, world mythology, etc.<\/p>\n<p>Dicas de ingl\u00eas r\u00e1pidas e divertidas\u00a0 com o Gavin.<\/td>\n<\/tr>\n<tr>\n<td style=\"border-color: #000000;\"><strong>LEIA AS PRIMEIRAS P\u00c1GINAS DOS JORNAIS DO MUNDO TODO!<\/strong><\/p>\n<p><a href=\"http:\/\/www.newseum.org\/todaysfrontpages\/\">http:\/\/www.newseum.org\/todaysfrontpages\/<\/a><\/td>\n<\/tr>\n<tr>\n<td style=\"border-color: #000000;\"><strong>SITES SOBRE TECNOLOGIA<\/strong><\/p>\n<p>Para voc\u00ea aprofundar a sua \u00e1rea de estudo.<\/p>\n<p><a href=\"https:\/\/spectrum.ieee.org\/\">https:\/\/spectrum.ieee.org\/<\/a><\/p>\n<p><a href=\"http:\/\/spectrum.ieee.org\/magazine\/\">http:\/\/spectrum.ieee.org\/magazine\/<\/a><\/p>\n<p><a href=\"http:\/\/www.howstuffworks.com\/\">http:\/\/www.howstuffworks.com\/<\/a><\/p>\n<p><a href=\"http:\/\/www.understandconstruction.com\/construction-technology.html\">http:\/\/www.understandconstruction.com\/construction-technology.html<\/a><\/p>\n<p><a href=\"https:\/\/www.mckinsey.com\/industries\/capital-projects-and-infrastructure\/our-insights\/the-new-age-of-engineering-and-construction-technology\">https:\/\/www.mckinsey.com\/industries\/capital-projects-and-infrastructure\/our-insights\/the-new-age-of-engineering-and-construction-technology<\/a><\/p>\n<p><a href=\"http:\/\/www.elp.com\/transmission-and-distribution.html\">http:\/\/www.elp.com\/transmission-and-distribution.html<\/a><\/td>\n<\/tr>\n<\/tbody>\n<\/table>\n","protected":false},"excerpt":{"rendered":"<p>Equipe de Professores: DENISE PINTO DUARTE DEISE MARA FERREIRA FONSECA ELIANE MARIANO DE OLIVEIRA DE ALBUQUERQUE FELIPE GUSTAVO COSTA DE OLIVEIRA GEORGIA MONTEIRO DE OLIVEIRA MARIA FILOMENA CORREIA DO REGO&#8230; <\/p>\n","protected":false},"author":1,"featured_media":0,"parent":38,"menu_order":0,"comment_status":"closed","ping_status":"closed","template":"","meta":{"jetpack_post_was_ever_published":false,"footnotes":""},"class_list":["post-256","page","type-page","status-publish","hentry"],"jetpack_sharing_enabled":true,"jetpack_shortlink":"https:\/\/wp.me\/P9cg66-48","jetpack_likes_enabled":true,"jetpack-related-posts":[{"id":128,"url":"https:\/\/aulanaweb.com\/etefv\/?page_id=128","url_meta":{"origin":256,"position":0},"title":"Setor de Est\u00e1gio","author":"Leila Pereira","date":"19\/09\/2017","format":false,"excerpt":"E-mail:estagio@etefv.faetec.rj.gov.br Equipe: Agente administrativo: Eliane Silva de Oliveira Professor colaborador: Ant\u00f4nio Jorge Souza de Freitas Informa\u00e7\u00f5es importantes: PER\u00cdODO E FINALIZA\u00c7\u00c3O DO EST\u00c1GIO O est\u00e1gio ter\u00e1 um per\u00edodo de 1 (um) semestre letivo, podendo ser prorrogado por at\u00e9 2 (dois) anos; A carga hor\u00e1ria m\u00e1xima di\u00e1ria de est\u00e1gio \u00e9 de 6\u2026","rel":"","context":"Post similar","block_context":{"text":"Post similar","link":""},"img":{"alt_text":"","src":"","width":0,"height":0},"classes":[]},{"id":2,"url":"https:\/\/aulanaweb.com\/etefv\/?page_id=2","url_meta":{"origin":256,"position":1},"title":"P\u00e1gina de exemplo","author":"Equipe Diretiva ETEFV","date":"17\/09\/2017","format":false,"excerpt":"Este \u00e9 o exemplo de uma p\u00e1gina. \u00c9 diferente de um post de blog porque \u00e9 est\u00e1tica e pode aparecer em menus de navega\u00e7\u00e3o (na maioria dos temas). A maioria das pessoas come\u00e7am com uma p\u00e1gina 'Sobre' que as apresenta aos potenciais visitantes do site. Voc\u00ea pode usar algo como:\u2026","rel":"","context":"Post similar","block_context":{"text":"Post similar","link":""},"img":{"alt_text":"","src":"","width":0,"height":0},"classes":[]},{"id":283,"url":"https:\/\/aulanaweb.com\/etefv\/?page_id=283","url_meta":{"origin":256,"position":2},"title":"Espanhol","author":"Equipe Diretiva ETEFV","date":"26\/09\/2017","format":false,"excerpt":"Caros pais e alunos H\u00e1 muito se sabe da import\u00e2ncia de aprender um idioma. E por que o espanhol? A l\u00edngua espanhola \u00e9 a segunda mais falada no mundo. S\u00e3o aproximadamente 406 milh\u00f5es de falantes nativos, uma das l\u00ednguas mais populares na Europa, a segunda mais falada nos Estados Unidos\u2026","rel":"","context":"Post similar","block_context":{"text":"Post similar","link":""},"img":{"alt_text":"","src":"","width":0,"height":0},"classes":[]},{"id":162,"url":"https:\/\/aulanaweb.com\/etefv\/?page_id=162","url_meta":{"origin":256,"position":3},"title":"Centro de Mem\u00f3ria","author":"Equipe Diretiva ETEFV","date":"19\/09\/2017","format":false,"excerpt":"CENTRO DE MEM\u00d3RIA DA ETEFV CONVIDA:OFICINA \"CONHECENDO O ACERVO DA ETEFV ATRAV\u00c9S DA GAMIFICA\u00c7\u00c3O\" (Link) Evento: DATA: 13\/05\/2025 HOR\u00c1RIO: 10h \u00e0s 12h LOCAL: SALA WEB (SALA 137) DESCRI\u00c7\u00c3O: A oficina \u00e9 uma experi\u00eancia pedag\u00f3gica de gamifica\u00e7\u00e3o, que consiste na utiliza\u00e7\u00e3o de jogos como elemento central de aprendizagem. Apresentaremos o jogo\u2026","rel":"","context":"Post similar","block_context":{"text":"Post similar","link":""},"img":{"alt_text":"","src":"https:\/\/i0.wp.com\/aulanaweb.com\/etefv\/wp-content\/uploads\/2024\/06\/imagem_2024-06-26_123845919.png?resize=350%2C200&ssl=1","width":350,"height":200},"classes":[]},{"id":258,"url":"https:\/\/aulanaweb.com\/etefv\/?page_id=258","url_meta":{"origin":256,"position":4},"title":"L\u00edngua Portuguesa","author":"Equipe Diretiva ETEFV","date":"23\/09\/2017","format":false,"excerpt":"Equipe de Professores: ANA L\u00daCIA NERY DE CASTRO FERNANDO ALFREDO XAVIER PEREIRA JAQUELINE GARCIA DA SILVA PATR\u00cdCIA RIBEIRO DE ANDRADE ROBERTO DA FRAN\u00c7A NEVES V\u00c2NIA PATALANO HENRIQUES VIVIANE DE OLIVEIRA BISPO WANDA RODRIGUES DE LIMA","rel":"","context":"Post similar","block_context":{"text":"Post similar","link":""},"img":{"alt_text":"","src":"","width":0,"height":0},"classes":[]},{"id":79,"url":"https:\/\/aulanaweb.com\/etefv\/?page_id=79","url_meta":{"origin":256,"position":5},"title":"Mec\u00e2nica","author":"Equipe Diretiva ETEFV","date":"19\/09\/2017","format":false,"excerpt":"Docentes Coordenadores (EMI e Subsequente): Professores Arnaldo Costa Freitas, Evandro Paulo de Oliveira e Nelson Roberto de Albuquerque Bezerra - coordenacao.mecanica.emi@etefv.faetec.rj.gov.br Orientador de Est\u00e1gio: Prof.\u00a0Pedro Paulo Barbosa Leite. O Curso T\u00e9cnico de N\u00edvel M\u00e9dio em Mec\u00e2nica, do eixo tecnol\u00f3gico de Controle e Processos Industriais, visa preparar profissionais cidad\u00e3os com conhecimentos\u2026","rel":"","context":"Post similar","block_context":{"text":"Post similar","link":""},"img":{"alt_text":"","src":"https:\/\/i0.wp.com\/aulanaweb.com\/etefv\/wp-content\/uploads\/2017\/09\/desenho-mec%C3%A2nico.jpg?fit=640%2C339&ssl=1&resize=350%2C200","width":350,"height":200,"srcset":"https:\/\/i0.wp.com\/aulanaweb.com\/etefv\/wp-content\/uploads\/2017\/09\/desenho-mec%C3%A2nico.jpg?fit=640%2C339&ssl=1&resize=350%2C200 1x, https:\/\/i0.wp.com\/aulanaweb.com\/etefv\/wp-content\/uploads\/2017\/09\/desenho-mec%C3%A2nico.jpg?fit=640%2C339&ssl=1&resize=525%2C300 1.5x"},"classes":[]}],"_links":{"self":[{"href":"https:\/\/aulanaweb.com\/etefv\/index.php?rest_route=\/wp\/v2\/pages\/256","targetHints":{"allow":["GET"]}}],"collection":[{"href":"https:\/\/aulanaweb.com\/etefv\/index.php?rest_route=\/wp\/v2\/pages"}],"about":[{"href":"https:\/\/aulanaweb.com\/etefv\/index.php?rest_route=\/wp\/v2\/types\/page"}],"author":[{"embeddable":true,"href":"https:\/\/aulanaweb.com\/etefv\/index.php?rest_route=\/wp\/v2\/users\/1"}],"replies":[{"embeddable":true,"href":"https:\/\/aulanaweb.com\/etefv\/index.php?rest_route=%2Fwp%2Fv2%2Fcomments&post=256"}],"version-history":[{"count":2,"href":"https:\/\/aulanaweb.com\/etefv\/index.php?rest_route=\/wp\/v2\/pages\/256\/revisions"}],"predecessor-version":[{"id":2611,"href":"https:\/\/aulanaweb.com\/etefv\/index.php?rest_route=\/wp\/v2\/pages\/256\/revisions\/2611"}],"up":[{"embeddable":true,"href":"https:\/\/aulanaweb.com\/etefv\/index.php?rest_route=\/wp\/v2\/pages\/38"}],"wp:attachment":[{"href":"https:\/\/aulanaweb.com\/etefv\/index.php?rest_route=%2Fwp%2Fv2%2Fmedia&parent=256"}],"curies":[{"name":"wp","href":"https:\/\/api.w.org\/{rel}","templated":true}]}}