{"id":250,"date":"2017-09-23T20:07:20","date_gmt":"2017-09-23T23:07:20","guid":{"rendered":"http:\/\/www.aulanaweb.com\/etefv\/?page_id=250"},"modified":"2023-04-25T16:13:00","modified_gmt":"2023-04-25T19:13:00","slug":"fisica","status":"publish","type":"page","link":"https:\/\/aulanaweb.com\/etefv\/?page_id=250","title":{"rendered":"F\u00edsica"},"content":{"rendered":"<p><strong>Equipe de Professores:<\/strong><\/p>\n<p>ANDREA REIS ALBINO<br \/>\nCESAR AUGUSTO RANGEL BASTOS<br \/>\nCL\u00c1UDIA COSTA LOPES GON\u00c7ALVES SOSINHO<br \/>\nCRISTIANO DA SILVA VIDAL<br \/>\nEDUARDO COSTA NUNES FERREIRA<br \/>\nJOS\u00c9 GUILHERME MONFORT DE MELLO<br \/>\nJOS\u00c9 JORGE DE OLIVEIRA BITTENCOURT<br \/>\nLUCIANO DA COSTA PIRES<br \/>\nLUCIANO MORAES BARBOZA<br \/>\nMARCELO DINIZ SANTA MARINHA<br \/>\nRAMATON RAMON<br \/>\nROBERTO ANTONIO FERREIRA DE ALMEIDA<\/p>\n<p><strong>Contato com a equipe:<\/strong><\/p>\n<p><span style=\"color: #20124d; font-family: verdana,sans-serif;\"><a href=\"mailto:coordfisicaetefv@gmail.com\" target=\"_blank\" rel=\"noopener\">coordfisicaetefv@gmail.com<\/a><\/span><\/p>\n","protected":false},"excerpt":{"rendered":"<p>Equipe de Professores: ANDREA REIS ALBINO CESAR AUGUSTO RANGEL BASTOS CL\u00c1UDIA COSTA LOPES GON\u00c7ALVES SOSINHO CRISTIANO DA SILVA VIDAL EDUARDO COSTA NUNES FERREIRA JOS\u00c9 GUILHERME MONFORT DE MELLO JOS\u00c9 JORGE&#8230; <\/p>\n","protected":false},"author":1,"featured_media":0,"parent":38,"menu_order":0,"comment_status":"closed","ping_status":"closed","template":"","meta":{"footnotes":""},"class_list":["post-250","page","type-page","status-publish","hentry"],"jetpack_sharing_enabled":true,"jetpack_shortlink":"https:\/\/wp.me\/P9cg66-42","jetpack_likes_enabled":true,"jetpack-related-posts":[{"id":252,"url":"https:\/\/aulanaweb.com\/etefv\/?page_id=252","url_meta":{"origin":250,"position":0},"title":"Geografia","author":"Equipe Diretiva ETEFV","date":"23\/09\/2017","format":false,"excerpt":"Equipe de Professores: ANT\u00d4NIO PAIS DO AMARAL FILHO CLAUDENI ALVES LOUREN\u00c7O JOS\u00c9 ANTONIO RIBAS SOARES LUCIANO DE LIMA SILVA LUIS GUSTAVO MELLO DA SILVA RODOLFO DE OLIVEIRA SOUZA","rel":"","context":"Post similar","block_context":{"text":"Post similar","link":""},"img":{"alt_text":"","src":"","width":0,"height":0},"classes":[]},{"id":2789,"url":"https:\/\/aulanaweb.com\/etefv\/?page_id=2789","url_meta":{"origin":250,"position":1},"title":"Docentes","author":"Equipe Diretiva ETEFV","date":"07\/05\/2023","format":false,"excerpt":"Ant\u00f4nio Carlos ViannaEdifica\u00e7\u00f5esAnt\u00f4nio Marcos Vilarinho MoraesEdifica\u00e7\u00f5esCarlos Roberto MilletEdifica\u00e7\u00f5esEdson Costa Teixeira Edifica\u00e7\u00f5esElton Jorge Bragan\u00e7a RibeiroEdifica\u00e7\u00f5esJacques HonigbaumEdifica\u00e7\u00f5esLuis C\u00e9sar Peruci do AmaralEdifica\u00e7\u00f5esLuis F\u00e1bio CruzEdifica\u00e7\u00f5esLuiz Dami\u00e3o Teixeira da SilvaEdifica\u00e7\u00f5esLuiz Fernando Martins J\u00f3iaEdifica\u00e7\u00f5esMarcos Borges PereiraEdifica\u00e7\u00f5esMario Ribeiro da CruzEdifica\u00e7\u00f5esMauro S\u00e9rgio Costa ReisEdifica\u00e7\u00f5esMiguel da Fonseca Amaral RibeiroEdifica\u00e7\u00f5esNilton de Souza LimaEdifica\u00e7\u00f5esRaimundo Carlos de AlmeidaEdifica\u00e7\u00f5esReynaldo Andr\u00e9 de CastroEdifica\u00e7\u00f5esS\u00e9rgio Ceolin\u2026","rel":"","context":"Post similar","block_context":{"text":"Post similar","link":""},"img":{"alt_text":"","src":"","width":0,"height":0},"classes":[]},{"id":162,"url":"https:\/\/aulanaweb.com\/etefv\/?page_id=162","url_meta":{"origin":250,"position":2},"title":"Centro de Mem\u00f3ria","author":"Equipe Diretiva ETEFV","date":"19\/09\/2017","format":false,"excerpt":"CENTRO DE MEM\u00d3RIA DA ETEFV CONVIDA:OFICINA \"CONHECENDO O ACERVO DA ETEFV ATRAV\u00c9S DA GAMIFICA\u00c7\u00c3O\" (Link) Evento: DATA: 13\/05\/2025 HOR\u00c1RIO: 10h \u00e0s 12h LOCAL: SALA WEB (SALA 137) DESCRI\u00c7\u00c3O: A oficina \u00e9 uma experi\u00eancia pedag\u00f3gica de gamifica\u00e7\u00e3o, que consiste na utiliza\u00e7\u00e3o de jogos como elemento central de aprendizagem. Apresentaremos o jogo\u2026","rel":"","context":"Post similar","block_context":{"text":"Post similar","link":""},"img":{"alt_text":"","src":"https:\/\/i0.wp.com\/aulanaweb.com\/etefv\/wp-content\/uploads\/2024\/06\/imagem_2024-06-26_123845919.png?resize=350%2C200&ssl=1","width":350,"height":200},"classes":[]},{"id":262,"url":"https:\/\/aulanaweb.com\/etefv\/?page_id=262","url_meta":{"origin":250,"position":3},"title":"Matem\u00e1tica","author":"Equipe Diretiva ETEFV","date":"23\/09\/2017","format":false,"excerpt":"Equipe de Professores: ANNA MARIA SOTERO DA SILVA NETO CL\u00c1UDIO HENRIQUE AFONSECA DE SOUZA CL\u00d3VIS REIS DOS SANTOS FL\u00c1VIA FERREIRA DOS SANTOS DE SOUZA JOS\u00c9 DE DEUS DE LIMA KATIA MARIA PEREIRA DUTRA MADALENA THIRY PENNA FIRME VIEIRA NEIDE XAVIER DE SOUZA PAULO C\u00c9SAR ALVES ARA\u00daJO S\u00c9RGIO DE CASTRO DIAS","rel":"","context":"Post similar","block_context":{"text":"Post similar","link":""},"img":{"alt_text":"","src":"","width":0,"height":0},"classes":[]},{"id":685,"url":"https:\/\/aulanaweb.com\/etefv\/?page_id=685","url_meta":{"origin":250,"position":4},"title":"ETEFV &#8211; Comemora\u00e7\u00e3o dos 130 ANOS","author":"Equipe Diretiva ETEFV","date":"13\/08\/2018","format":false,"excerpt":"Escola T\u00e9cnica Estadual Ferreira Viana Centro de Mem\u00f3ria, Centro de Lutas e AAFEV COMEMORA\u00c7\u00c3O DOS 130 ANOS Da aboli\u00e7\u00e3o \u00e0 Casa de S\u00e3o Jos\u00e9: Hist\u00f3rias Cruzadas Agosto de 2018 Dia 21 de agosto \u2013 ter\u00e7a-feira 9h \u00e0s 12h - Local: Sagu\u00e3o de acesso ao 2\u00ba andar Atividades: Exposi\u00e7\u00e3o de banners\u2026","rel":"","context":"Post similar","block_context":{"text":"Post similar","link":""},"img":{"alt_text":"","src":"https:\/\/i0.wp.com\/aulanaweb.com\/etefv\/wp-content\/uploads\/2018\/08\/ETEFV-Antes-e-depois.png?fit=800%2C420&ssl=1&resize=350%2C200","width":350,"height":200,"srcset":"https:\/\/i0.wp.com\/aulanaweb.com\/etefv\/wp-content\/uploads\/2018\/08\/ETEFV-Antes-e-depois.png?fit=800%2C420&ssl=1&resize=350%2C200 1x, https:\/\/i0.wp.com\/aulanaweb.com\/etefv\/wp-content\/uploads\/2018\/08\/ETEFV-Antes-e-depois.png?fit=800%2C420&ssl=1&resize=525%2C300 1.5x, https:\/\/i0.wp.com\/aulanaweb.com\/etefv\/wp-content\/uploads\/2018\/08\/ETEFV-Antes-e-depois.png?fit=800%2C420&ssl=1&resize=700%2C400 2x"},"classes":[]},{"id":2799,"url":"https:\/\/aulanaweb.com\/etefv\/?page_id=2799","url_meta":{"origin":250,"position":5},"title":"Docentes","author":"Equipe Diretiva ETEFV","date":"07\/05\/2023","format":false,"excerpt":"Danilo Ab\u00edlio Correa Gon\u00e7alvesMec\u00e2nicaDebora Braga Barros FerreiraMec\u00e2nicaEvandro Paulo de OliveiraMec\u00e2nicaFausto Jos\u00e9 Machay de OliveiraMec\u00e2nica Jos\u00e9 Norberto Vieira LanesMec\u00e2nica Marcelo Lopes FerrazMec\u00e2nicaNelson Roberto de Albuquerque BezerraOrganiza\u00e7\u00e3o e NormasPaulo Eduardo Trindade Feij\u00f3Mec\u00e2nicaRubens Rodrigues JuniorMec\u00e2nica","rel":"","context":"Post similar","block_context":{"text":"Post similar","link":""},"img":{"alt_text":"","src":"","width":0,"height":0},"classes":[]}],"_links":{"self":[{"href":"https:\/\/aulanaweb.com\/etefv\/index.php?rest_route=\/wp\/v2\/pages\/250","targetHints":{"allow":["GET"]}}],"collection":[{"href":"https:\/\/aulanaweb.com\/etefv\/index.php?rest_route=\/wp\/v2\/pages"}],"about":[{"href":"https:\/\/aulanaweb.com\/etefv\/index.php?rest_route=\/wp\/v2\/types\/page"}],"author":[{"embeddable":true,"href":"https:\/\/aulanaweb.com\/etefv\/index.php?rest_route=\/wp\/v2\/users\/1"}],"replies":[{"embeddable":true,"href":"https:\/\/aulanaweb.com\/etefv\/index.php?rest_route=%2Fwp%2Fv2%2Fcomments&post=250"}],"version-history":[{"count":3,"href":"https:\/\/aulanaweb.com\/etefv\/index.php?rest_route=\/wp\/v2\/pages\/250\/revisions"}],"predecessor-version":[{"id":2599,"href":"https:\/\/aulanaweb.com\/etefv\/index.php?rest_route=\/wp\/v2\/pages\/250\/revisions\/2599"}],"up":[{"embeddable":true,"href":"https:\/\/aulanaweb.com\/etefv\/index.php?rest_route=\/wp\/v2\/pages\/38"}],"wp:attachment":[{"href":"https:\/\/aulanaweb.com\/etefv\/index.php?rest_route=%2Fwp%2Fv2%2Fmedia&parent=250"}],"curies":[{"name":"wp","href":"https:\/\/api.w.org\/{rel}","templated":true}]}}