{"id":248,"date":"2017-09-23T20:06:52","date_gmt":"2017-09-23T23:06:52","guid":{"rendered":"http:\/\/www.aulanaweb.com\/etefv\/?page_id=248"},"modified":"2020-09-14T14:20:50","modified_gmt":"2020-09-14T17:20:50","slug":"filosofia","status":"publish","type":"page","link":"https:\/\/aulanaweb.com\/etefv\/?page_id=248","title":{"rendered":"Filosofia"},"content":{"rendered":"<p><strong>Equipe de Professores:<\/strong><\/p>\n<p>ANA MARIA DE SOUZA RICHA<br \/>\nANDREA RANGEL RIBEIRO<br \/>\nANDR\u00c9IA LIMA CAMPOS<br \/>\nANTONIO JORGE SOUZA DE FREITAS<br \/>\nGRACIA M\u00d4NICA MASSELLI HARDMAN VIANNA<br \/>\nMARIA JOS\u00c9 DE OLIVEIRA<br \/>\nTELMA MARIA SILVA REGO<\/p>\n","protected":false},"excerpt":{"rendered":"<p>Equipe de Professores: ANA MARIA DE SOUZA RICHA ANDREA RANGEL RIBEIRO ANDR\u00c9IA LIMA CAMPOS ANTONIO JORGE SOUZA DE FREITAS GRACIA M\u00d4NICA MASSELLI HARDMAN VIANNA MARIA JOS\u00c9 DE OLIVEIRA TELMA MARIA&#8230; <\/p>\n","protected":false},"author":1,"featured_media":0,"parent":38,"menu_order":0,"comment_status":"closed","ping_status":"closed","template":"","meta":{"footnotes":""},"class_list":["post-248","page","type-page","status-publish","hentry"],"jetpack_sharing_enabled":true,"jetpack_shortlink":"https:\/\/wp.me\/P9cg66-40","jetpack_likes_enabled":true,"jetpack-related-posts":[{"id":262,"url":"https:\/\/aulanaweb.com\/etefv\/?page_id=262","url_meta":{"origin":248,"position":0},"title":"Matem\u00e1tica","author":"Equipe Diretiva ETEFV","date":"23\/09\/2017","format":false,"excerpt":"Equipe de Professores: ANNA MARIA SOTERO DA SILVA NETO CL\u00c1UDIO HENRIQUE AFONSECA DE SOUZA CL\u00d3VIS REIS DOS SANTOS FL\u00c1VIA FERREIRA DOS SANTOS DE SOUZA JOS\u00c9 DE DEUS DE LIMA KATIA MARIA PEREIRA DUTRA MADALENA THIRY PENNA FIRME VIEIRA NEIDE XAVIER DE SOUZA PAULO C\u00c9SAR ALVES ARA\u00daJO S\u00c9RGIO DE CASTRO DIAS","rel":"","context":"Post similar","block_context":{"text":"Post similar","link":""},"img":{"alt_text":"","src":"","width":0,"height":0},"classes":[]},{"id":244,"url":"https:\/\/aulanaweb.com\/etefv\/?page_id=244","url_meta":{"origin":248,"position":1},"title":"Biologia","author":"Equipe Diretiva ETEFV","date":"23\/09\/2017","format":false,"excerpt":"Equipe de Professores: CINTIA DOS SANTOS DE SOUZA ISABELLE GARCIA PINA LEILA DE HOLANDA SCHUMIDT THIAGO HENRIQUE SOUZA DOS SANTOS GOMES VITOR OTTONI PASTORE","rel":"","context":"Post similar","block_context":{"text":"Post similar","link":""},"img":{"alt_text":"","src":"","width":0,"height":0},"classes":[]},{"id":283,"url":"https:\/\/aulanaweb.com\/etefv\/?page_id=283","url_meta":{"origin":248,"position":2},"title":"Espanhol","author":"Equipe Diretiva ETEFV","date":"26\/09\/2017","format":false,"excerpt":"Caros pais e alunos H\u00e1 muito se sabe da import\u00e2ncia de aprender um idioma. E por que o espanhol? A l\u00edngua espanhola \u00e9 a segunda mais falada no mundo. S\u00e3o aproximadamente 406 milh\u00f5es de falantes nativos, uma das l\u00ednguas mais populares na Europa, a segunda mais falada nos Estados Unidos\u2026","rel":"","context":"Post similar","block_context":{"text":"Post similar","link":""},"img":{"alt_text":"","src":"","width":0,"height":0},"classes":[]},{"id":252,"url":"https:\/\/aulanaweb.com\/etefv\/?page_id=252","url_meta":{"origin":248,"position":3},"title":"Geografia","author":"Equipe Diretiva ETEFV","date":"23\/09\/2017","format":false,"excerpt":"Equipe de Professores: ANT\u00d4NIO PAIS DO AMARAL FILHO CLAUDENI ALVES LOUREN\u00c7O JOS\u00c9 ANTONIO RIBAS SOARES LUCIANO DE LIMA SILVA LUIS GUSTAVO MELLO DA SILVA RODOLFO DE OLIVEIRA SOUZA","rel":"","context":"Post similar","block_context":{"text":"Post similar","link":""},"img":{"alt_text":"","src":"","width":0,"height":0},"classes":[]},{"id":2795,"url":"https:\/\/aulanaweb.com\/etefv\/?page_id=2795","url_meta":{"origin":248,"position":4},"title":"Docentes","author":"Equipe Diretiva ETEFV","date":"07\/05\/2023","format":false,"excerpt":"Alexandre Castro de Toledo SantosEletricidadeAnt\u00f4nio Carlos Calil FerreiraEletricidade Delirose Ramos Veras Lima Eletrot\u00e9cnicaF\u00e1bio Noronha TeixeiraEletricidade F\u00e1bio Pimentel RabelloEletricidadeGabriel \u00c2ngelo de Barros VieiraEletrot\u00e9cnicaJefferson Silveira de AzeredoEletricidade Jorge Jos\u00e9 Gomes de SouzaEletrot\u00e9cnicaLuiz Alberto de Faria GomesEletricidadeMargareth Nunes SilvaEletrot\u00e9cnicaNeilson Mariano CeiaEletrot\u00e9cnicaRog\u00e9rio Jos\u00e9 de RezendeEletricidade","rel":"","context":"Post similar","block_context":{"text":"Post similar","link":""},"img":{"alt_text":"","src":"","width":0,"height":0},"classes":[]},{"id":2789,"url":"https:\/\/aulanaweb.com\/etefv\/?page_id=2789","url_meta":{"origin":248,"position":5},"title":"Docentes","author":"Equipe Diretiva ETEFV","date":"07\/05\/2023","format":false,"excerpt":"Ant\u00f4nio Carlos ViannaEdifica\u00e7\u00f5esAnt\u00f4nio Marcos Vilarinho MoraesEdifica\u00e7\u00f5esCarlos Roberto MilletEdifica\u00e7\u00f5esEdson Costa Teixeira Edifica\u00e7\u00f5esElton Jorge Bragan\u00e7a RibeiroEdifica\u00e7\u00f5esJacques HonigbaumEdifica\u00e7\u00f5esLuis C\u00e9sar Peruci do AmaralEdifica\u00e7\u00f5esLuis F\u00e1bio CruzEdifica\u00e7\u00f5esLuiz Dami\u00e3o Teixeira da SilvaEdifica\u00e7\u00f5esLuiz Fernando Martins J\u00f3iaEdifica\u00e7\u00f5esMarcos Borges PereiraEdifica\u00e7\u00f5esMario Ribeiro da CruzEdifica\u00e7\u00f5esMauro S\u00e9rgio Costa ReisEdifica\u00e7\u00f5esMiguel da Fonseca Amaral RibeiroEdifica\u00e7\u00f5esNilton de Souza LimaEdifica\u00e7\u00f5esRaimundo Carlos de AlmeidaEdifica\u00e7\u00f5esReynaldo Andr\u00e9 de CastroEdifica\u00e7\u00f5esS\u00e9rgio Ceolin\u2026","rel":"","context":"Post similar","block_context":{"text":"Post similar","link":""},"img":{"alt_text":"","src":"","width":0,"height":0},"classes":[]}],"_links":{"self":[{"href":"https:\/\/aulanaweb.com\/etefv\/index.php?rest_route=\/wp\/v2\/pages\/248","targetHints":{"allow":["GET"]}}],"collection":[{"href":"https:\/\/aulanaweb.com\/etefv\/index.php?rest_route=\/wp\/v2\/pages"}],"about":[{"href":"https:\/\/aulanaweb.com\/etefv\/index.php?rest_route=\/wp\/v2\/types\/page"}],"author":[{"embeddable":true,"href":"https:\/\/aulanaweb.com\/etefv\/index.php?rest_route=\/wp\/v2\/users\/1"}],"replies":[{"embeddable":true,"href":"https:\/\/aulanaweb.com\/etefv\/index.php?rest_route=%2Fwp%2Fv2%2Fcomments&post=248"}],"version-history":[{"count":0,"href":"https:\/\/aulanaweb.com\/etefv\/index.php?rest_route=\/wp\/v2\/pages\/248\/revisions"}],"up":[{"embeddable":true,"href":"https:\/\/aulanaweb.com\/etefv\/index.php?rest_route=\/wp\/v2\/pages\/38"}],"wp:attachment":[{"href":"https:\/\/aulanaweb.com\/etefv\/index.php?rest_route=%2Fwp%2Fv2%2Fmedia&parent=248"}],"curies":[{"name":"wp","href":"https:\/\/api.w.org\/{rel}","templated":true}]}}