{"id":244,"date":"2017-09-23T20:06:20","date_gmt":"2017-09-23T23:06:20","guid":{"rendered":"http:\/\/www.aulanaweb.com\/etefv\/?page_id=244"},"modified":"2023-04-25T16:30:12","modified_gmt":"2023-04-25T19:30:12","slug":"biologia","status":"publish","type":"page","link":"https:\/\/aulanaweb.com\/etefv\/?page_id=244","title":{"rendered":"Biologia"},"content":{"rendered":"<p><strong>Equipe de Professores:<\/strong><\/p>\n<p>CINTIA DOS SANTOS DE SOUZA<br \/>\nISABELLE GARCIA PINA<br \/>\nLEILA DE HOLANDA SCHUMIDT<br \/>\nTHIAGO HENRIQUE SOUZA DOS SANTOS GOMES<br \/>\nVITOR OTTONI PASTORE<\/p>\n","protected":false},"excerpt":{"rendered":"<p>Equipe de Professores: CINTIA DOS SANTOS DE SOUZA ISABELLE GARCIA PINA LEILA DE HOLANDA SCHUMIDT THIAGO HENRIQUE SOUZA DOS SANTOS GOMES VITOR OTTONI PASTORE<\/p>\n","protected":false},"author":1,"featured_media":0,"parent":38,"menu_order":0,"comment_status":"closed","ping_status":"closed","template":"","meta":{"jetpack_post_was_ever_published":false,"footnotes":""},"class_list":["post-244","page","type-page","status-publish","hentry"],"jetpack_sharing_enabled":true,"jetpack_shortlink":"https:\/\/wp.me\/P9cg66-3W","jetpack_likes_enabled":true,"jetpack-related-posts":[{"id":262,"url":"https:\/\/aulanaweb.com\/etefv\/?page_id=262","url_meta":{"origin":244,"position":0},"title":"Matem\u00e1tica","author":"Equipe Diretiva ETEFV","date":"23\/09\/2017","format":false,"excerpt":"Equipe de Professores: ANNA MARIA SOTERO DA SILVA NETO CL\u00c1UDIO HENRIQUE AFONSECA DE SOUZA CL\u00d3VIS REIS DOS SANTOS FL\u00c1VIA FERREIRA DOS SANTOS DE SOUZA JOS\u00c9 DE DEUS DE LIMA KATIA MARIA PEREIRA DUTRA MADALENA THIRY PENNA FIRME VIEIRA NEIDE XAVIER DE SOUZA PAULO C\u00c9SAR ALVES ARA\u00daJO S\u00c9RGIO DE CASTRO DIAS","rel":"","context":"Post similar","block_context":{"text":"Post similar","link":""},"img":{"alt_text":"","src":"","width":0,"height":0},"classes":[]},{"id":2795,"url":"https:\/\/aulanaweb.com\/etefv\/?page_id=2795","url_meta":{"origin":244,"position":1},"title":"Docentes","author":"Equipe Diretiva ETEFV","date":"07\/05\/2023","format":false,"excerpt":"Alexandre Castro de Toledo SantosEletricidadeAnt\u00f4nio Carlos Calil FerreiraEletricidade Delirose Ramos Veras Lima Eletrot\u00e9cnicaF\u00e1bio Noronha TeixeiraEletricidade F\u00e1bio Pimentel RabelloEletricidadeGabriel \u00c2ngelo de Barros VieiraEletrot\u00e9cnicaJefferson Silveira de AzeredoEletricidade Jorge Jos\u00e9 Gomes de SouzaEletrot\u00e9cnicaLuiz Alberto de Faria GomesEletricidadeMargareth Nunes SilvaEletrot\u00e9cnicaNeilson Mariano CeiaEletrot\u00e9cnicaRog\u00e9rio Jos\u00e9 de RezendeEletricidade","rel":"","context":"Post similar","block_context":{"text":"Post similar","link":""},"img":{"alt_text":"","src":"","width":0,"height":0},"classes":[]},{"id":266,"url":"https:\/\/aulanaweb.com\/etefv\/?page_id=266","url_meta":{"origin":244,"position":2},"title":"Sociologia","author":"Equipe Diretiva ETEFV","date":"23\/09\/2017","format":false,"excerpt":"Equipe de Professores: ADRIANA BATALHA DOS SANTOS DORCELINA AIRES ROSA JORGE CUST\u00d3DIO KARINA DA MOTTA NAVARRO SEMERARO MARIA FABIANA SALES TRINDADE S\u00c9RGIO BAPTISTA DOS SANTOS VANDERLEY PEREIRA M. DO NASCIMENTO","rel":"","context":"Post similar","block_context":{"text":"Post similar","link":""},"img":{"alt_text":"","src":"","width":0,"height":0},"classes":[]},{"id":248,"url":"https:\/\/aulanaweb.com\/etefv\/?page_id=248","url_meta":{"origin":244,"position":3},"title":"Filosofia","author":"Equipe Diretiva ETEFV","date":"23\/09\/2017","format":false,"excerpt":"Equipe de Professores: ANA MARIA DE SOUZA RICHA ANDREA RANGEL RIBEIRO ANDR\u00c9IA LIMA CAMPOS ANTONIO JORGE SOUZA DE FREITAS GRACIA M\u00d4NICA MASSELLI HARDMAN VIANNA MARIA JOS\u00c9 DE OLIVEIRA TELMA MARIA SILVA REGO","rel":"","context":"Post similar","block_context":{"text":"Post similar","link":""},"img":{"alt_text":"","src":"","width":0,"height":0},"classes":[]},{"id":264,"url":"https:\/\/aulanaweb.com\/etefv\/?page_id=264","url_meta":{"origin":244,"position":4},"title":"Qu\u00edmica","author":"Equipe Diretiva ETEFV","date":"23\/09\/2017","format":false,"excerpt":"Equipe de Professores: ALEXANDRE FREITAS NOGUEIRAANDREA DOS SANTOS RODRIGUESCARLA SISMIL BONZOUMETJOS\u00c9 JORGE REZENDE PEREIRAL\u00daCIA MENEZES PINTO DAMASCENOPAULO ROBERTO COELHO","rel":"","context":"Post similar","block_context":{"text":"Post similar","link":""},"img":{"alt_text":"","src":"","width":0,"height":0},"classes":[]},{"id":252,"url":"https:\/\/aulanaweb.com\/etefv\/?page_id=252","url_meta":{"origin":244,"position":5},"title":"Geografia","author":"Equipe Diretiva ETEFV","date":"23\/09\/2017","format":false,"excerpt":"Equipe de Professores: ANT\u00d4NIO PAIS DO AMARAL FILHO CLAUDENI ALVES LOUREN\u00c7O JOS\u00c9 ANTONIO RIBAS SOARES LUCIANO DE LIMA SILVA LUIS GUSTAVO MELLO DA SILVA RODOLFO DE OLIVEIRA SOUZA","rel":"","context":"Post similar","block_context":{"text":"Post similar","link":""},"img":{"alt_text":"","src":"","width":0,"height":0},"classes":[]}],"_links":{"self":[{"href":"https:\/\/aulanaweb.com\/etefv\/index.php?rest_route=\/wp\/v2\/pages\/244","targetHints":{"allow":["GET"]}}],"collection":[{"href":"https:\/\/aulanaweb.com\/etefv\/index.php?rest_route=\/wp\/v2\/pages"}],"about":[{"href":"https:\/\/aulanaweb.com\/etefv\/index.php?rest_route=\/wp\/v2\/types\/page"}],"author":[{"embeddable":true,"href":"https:\/\/aulanaweb.com\/etefv\/index.php?rest_route=\/wp\/v2\/users\/1"}],"replies":[{"embeddable":true,"href":"https:\/\/aulanaweb.com\/etefv\/index.php?rest_route=%2Fwp%2Fv2%2Fcomments&post=244"}],"version-history":[{"count":4,"href":"https:\/\/aulanaweb.com\/etefv\/index.php?rest_route=\/wp\/v2\/pages\/244\/revisions"}],"predecessor-version":[{"id":2606,"href":"https:\/\/aulanaweb.com\/etefv\/index.php?rest_route=\/wp\/v2\/pages\/244\/revisions\/2606"}],"up":[{"embeddable":true,"href":"https:\/\/aulanaweb.com\/etefv\/index.php?rest_route=\/wp\/v2\/pages\/38"}],"wp:attachment":[{"href":"https:\/\/aulanaweb.com\/etefv\/index.php?rest_route=%2Fwp%2Fv2%2Fmedia&parent=244"}],"curies":[{"name":"wp","href":"https:\/\/api.w.org\/{rel}","templated":true}]}}