{"id":242,"date":"2017-09-23T20:06:01","date_gmt":"2017-09-23T23:06:01","guid":{"rendered":"http:\/\/www.aulanaweb.com\/etefv\/?page_id=242"},"modified":"2023-04-26T12:13:39","modified_gmt":"2023-04-26T15:13:39","slug":"artes","status":"publish","type":"page","link":"https:\/\/aulanaweb.com\/etefv\/?page_id=242","title":{"rendered":"Artes"},"content":{"rendered":"<p><strong>Equipe de Professores:<\/strong><\/p>\n<p>PATR\u00cdCIA MATTOS DE ANDRADE LAGARES<br \/>\n<span style=\"color: initial; font-size: revert;\">SORAYA BRIGGS FERREIRA<\/span><\/p>\n","protected":false},"excerpt":{"rendered":"<p>Equipe de Professores: PATR\u00cdCIA MATTOS DE ANDRADE LAGARES SORAYA BRIGGS FERREIRA<\/p>\n","protected":false},"author":1,"featured_media":0,"parent":38,"menu_order":0,"comment_status":"closed","ping_status":"closed","template":"","meta":{"footnotes":""},"class_list":["post-242","page","type-page","status-publish","hentry"],"jetpack_sharing_enabled":true,"jetpack_shortlink":"https:\/\/wp.me\/P9cg66-3U","jetpack_likes_enabled":true,"jetpack-related-posts":[{"id":258,"url":"https:\/\/aulanaweb.com\/etefv\/?page_id=258","url_meta":{"origin":242,"position":0},"title":"L\u00edngua Portuguesa","author":"Equipe Diretiva ETEFV","date":"23\/09\/2017","format":false,"excerpt":"Equipe de Professores: ANA L\u00daCIA NERY DE CASTRO FERNANDO ALFREDO XAVIER PEREIRA JAQUELINE GARCIA DA SILVA PATR\u00cdCIA RIBEIRO DE ANDRADE ROBERTO DA FRAN\u00c7A NEVES V\u00c2NIA PATALANO HENRIQUES VIVIANE DE OLIVEIRA BISPO WANDA RODRIGUES DE LIMA","rel":"","context":"Post similar","block_context":{"text":"Post similar","link":""},"img":{"alt_text":"","src":"","width":0,"height":0},"classes":[]},{"id":250,"url":"https:\/\/aulanaweb.com\/etefv\/?page_id=250","url_meta":{"origin":242,"position":1},"title":"F\u00edsica","author":"Equipe Diretiva ETEFV","date":"23\/09\/2017","format":false,"excerpt":"Equipe de Professores: ANDREA REIS ALBINO CESAR AUGUSTO RANGEL BASTOS CL\u00c1UDIA COSTA LOPES GON\u00c7ALVES SOSINHO CRISTIANO DA SILVA VIDAL EDUARDO COSTA NUNES FERREIRA JOS\u00c9 GUILHERME MONFORT DE MELLO JOS\u00c9 JORGE DE OLIVEIRA BITTENCOURT LUCIANO DA COSTA PIRES LUCIANO MORAES BARBOZA MARCELO DINIZ SANTA MARINHA RAMATON RAMON ROBERTO ANTONIO FERREIRA DE\u2026","rel":"","context":"Post similar","block_context":{"text":"Post similar","link":""},"img":{"alt_text":"","src":"","width":0,"height":0},"classes":[]},{"id":254,"url":"https:\/\/aulanaweb.com\/etefv\/?page_id=254","url_meta":{"origin":242,"position":2},"title":"Hist\u00f3ria","author":"Equipe Diretiva ETEFV","date":"23\/09\/2017","format":false,"excerpt":"Equipe de Professores: ELISA GOLDMAN LUIZ ALBERTO DA PENHA MARIANA FERREIRA DE MELO T\u00c2NIA REGINA SAMPAIO MARIOSA PARENTE VIRG\u00cdNIA SENA BARRADAS VLADIMIR RODRIGUES DE OLIVEIRA","rel":"","context":"Post similar","block_context":{"text":"Post similar","link":""},"img":{"alt_text":"","src":"","width":0,"height":0},"classes":[]},{"id":940,"url":"https:\/\/aulanaweb.com\/etefv\/?page_id=940","url_meta":{"origin":242,"position":3},"title":"Livros did\u00e1ticos","author":"Equipe Diretiva ETEFV","date":"08\/03\/2019","format":false,"excerpt":"MANH\u00c3 1\u00b0 GRUPO: DIAS: 13\/3 E 20\/3 (4\u00aa F) \u2013 Prof\u00aa. M\u00f4nica TURMAS HOR\u00c1RIO PROFESSOR 1101 8:15 Leila (Bio) 1111 9:00 Luciano (Geo) 1142 10:15 V\u00e2nia P. (LP) 1141 10:40 Alessandro\/Marcelo (LEle) 1121 11:30 Gracia M. (Fil.) 2\u00b0 GRUPO: DIAS: 14\/3 E 21\/3 (5\u00aa F) \u2013 Prof\u00aa. M\u00f4nica TURMAS HOR\u00c1RIO\u2026","rel":"","context":"Post similar","block_context":{"text":"Post similar","link":""},"img":{"alt_text":"","src":"https:\/\/i0.wp.com\/aulanaweb.com\/etefv\/wp-content\/uploads\/2019\/03\/Distribui%C3%A7%C3%A3o-dos-Livros-Did%C3%A1ticos-2019.png?fit=780%2C400&ssl=1&resize=350%2C200","width":350,"height":200,"srcset":"https:\/\/i0.wp.com\/aulanaweb.com\/etefv\/wp-content\/uploads\/2019\/03\/Distribui%C3%A7%C3%A3o-dos-Livros-Did%C3%A1ticos-2019.png?fit=780%2C400&ssl=1&resize=350%2C200 1x, https:\/\/i0.wp.com\/aulanaweb.com\/etefv\/wp-content\/uploads\/2019\/03\/Distribui%C3%A7%C3%A3o-dos-Livros-Did%C3%A1ticos-2019.png?fit=780%2C400&ssl=1&resize=525%2C300 1.5x, https:\/\/i0.wp.com\/aulanaweb.com\/etefv\/wp-content\/uploads\/2019\/03\/Distribui%C3%A7%C3%A3o-dos-Livros-Did%C3%A1ticos-2019.png?fit=780%2C400&ssl=1&resize=700%2C400 2x"},"classes":[]},{"id":262,"url":"https:\/\/aulanaweb.com\/etefv\/?page_id=262","url_meta":{"origin":242,"position":4},"title":"Matem\u00e1tica","author":"Equipe Diretiva ETEFV","date":"23\/09\/2017","format":false,"excerpt":"Equipe de Professores: ANNA MARIA SOTERO DA SILVA NETO CL\u00c1UDIO HENRIQUE AFONSECA DE SOUZA CL\u00d3VIS REIS DOS SANTOS FL\u00c1VIA FERREIRA DOS SANTOS DE SOUZA JOS\u00c9 DE DEUS DE LIMA KATIA MARIA PEREIRA DUTRA MADALENA THIRY PENNA FIRME VIEIRA NEIDE XAVIER DE SOUZA PAULO C\u00c9SAR ALVES ARA\u00daJO S\u00c9RGIO DE CASTRO DIAS","rel":"","context":"Post similar","block_context":{"text":"Post similar","link":""},"img":{"alt_text":"","src":"","width":0,"height":0},"classes":[]},{"id":260,"url":"https:\/\/aulanaweb.com\/etefv\/?page_id=260","url_meta":{"origin":242,"position":5},"title":"Literatura","author":"Equipe Diretiva ETEFV","date":"23\/09\/2017","format":false,"excerpt":"Equipe de Professores: ANA L\u00cdGIA MATOS DE ALMEIDA CL\u00c1UDIA FABIANA DE OLIVEIRA CARDOSO PATR\u00cdCIA CAMARGO","rel":"","context":"Post similar","block_context":{"text":"Post similar","link":""},"img":{"alt_text":"","src":"","width":0,"height":0},"classes":[]}],"_links":{"self":[{"href":"https:\/\/aulanaweb.com\/etefv\/index.php?rest_route=\/wp\/v2\/pages\/242","targetHints":{"allow":["GET"]}}],"collection":[{"href":"https:\/\/aulanaweb.com\/etefv\/index.php?rest_route=\/wp\/v2\/pages"}],"about":[{"href":"https:\/\/aulanaweb.com\/etefv\/index.php?rest_route=\/wp\/v2\/types\/page"}],"author":[{"embeddable":true,"href":"https:\/\/aulanaweb.com\/etefv\/index.php?rest_route=\/wp\/v2\/users\/1"}],"replies":[{"embeddable":true,"href":"https:\/\/aulanaweb.com\/etefv\/index.php?rest_route=%2Fwp%2Fv2%2Fcomments&post=242"}],"version-history":[{"count":3,"href":"https:\/\/aulanaweb.com\/etefv\/index.php?rest_route=\/wp\/v2\/pages\/242\/revisions"}],"predecessor-version":[{"id":2629,"href":"https:\/\/aulanaweb.com\/etefv\/index.php?rest_route=\/wp\/v2\/pages\/242\/revisions\/2629"}],"up":[{"embeddable":true,"href":"https:\/\/aulanaweb.com\/etefv\/index.php?rest_route=\/wp\/v2\/pages\/38"}],"wp:attachment":[{"href":"https:\/\/aulanaweb.com\/etefv\/index.php?rest_route=%2Fwp%2Fv2%2Fmedia&parent=242"}],"curies":[{"name":"wp","href":"https:\/\/api.w.org\/{rel}","templated":true}]}}