{"id":238,"date":"2017-09-23T20:02:06","date_gmt":"2017-09-23T23:02:06","guid":{"rendered":"http:\/\/www.aulanaweb.com\/etefv\/?page_id=238"},"modified":"2024-04-09T14:19:18","modified_gmt":"2024-04-09T17:19:18","slug":"educacao-especial","status":"publish","type":"page","link":"https:\/\/aulanaweb.com\/etefv\/?page_id=238","title":{"rendered":"Sala de Recursos"},"content":{"rendered":"<p><strong>Respons\u00e1vel: Professora Maria Cl\u00e1udia Dutra &#8211; <a href=\"mailto:sala.recursos@etefv.faetec.rj.gov.br\">sala.recursos@etefv.faetec.rj.gov.br<\/a><br \/>\n<\/strong><\/p>\n","protected":false},"excerpt":{"rendered":"<p>Respons\u00e1vel: Professora Maria Cl\u00e1udia Dutra &#8211; sala.recursos@etefv.faetec.rj.gov.br<\/p>\n","protected":false},"author":1,"featured_media":0,"parent":40,"menu_order":0,"comment_status":"closed","ping_status":"closed","template":"","meta":{"footnotes":""},"class_list":["post-238","page","type-page","status-publish","hentry"],"jetpack_sharing_enabled":true,"jetpack_shortlink":"https:\/\/wp.me\/P9cg66-3Q","jetpack_likes_enabled":true,"jetpack-related-posts":[{"id":178,"url":"https:\/\/aulanaweb.com\/etefv\/?page_id=178","url_meta":{"origin":238,"position":0},"title":"Dire\u00e7\u00e3o","author":"Equipe Diretiva ETEFV","date":"20\/09\/2017","format":false,"excerpt":"Diretora Geral:Gabriela Farah Dias - Professor I - Qu\u00edmica - direcao@etefv.faetec.rj.gov.br Equipe: K\u00e1tia Maria Pereira Dutra - Professora I - Matem\u00e1tica - Cogestor - direcao.administrativa@etefv.faetec.rj.gov.br Luis Henrique Monteiro de Castro - Professor I - Eletr\u00f4nica - Coordenador Adjunto T\u00e9cnico - direcao.tecnica@etefv.faetec.rj.gov.br Cl\u00f3vis e Ana Maria - Coordenador Adjunto Pedag\u00f3gico -\u2026","rel":"","context":"Post similar","block_context":{"text":"Post similar","link":""},"img":{"alt_text":"","src":"","width":0,"height":0},"classes":[]},{"id":154,"url":"https:\/\/aulanaweb.com\/etefv\/?page_id=154","url_meta":{"origin":238,"position":1},"title":"Biblioteca","author":"Equipe Diretiva ETEFV","date":"19\/09\/2017","format":false,"excerpt":"Equipe: Professora Cl\u00e1udia Moreira Professora Maria de Lourdes Rumbelsperger Hor\u00e1rio de funcionamento: Segundas, quartas e sextas das 7h \u00e0s 15h Ter\u00e7a-feira e quinta-feira, de 7h \u00e0s 13h.","rel":"","context":"Post similar","block_context":{"text":"Post similar","link":""},"img":{"alt_text":"","src":"","width":0,"height":0},"classes":[]},{"id":124,"url":"https:\/\/aulanaweb.com\/etefv\/?page_id=124","url_meta":{"origin":238,"position":2},"title":"Supervis\u00e3o Escolar e Orienta\u00e7\u00e3o Educacional","author":"Marta Maria Maciel da Silva","date":"06\/04\/2024","format":false,"excerpt":"Componentes da equipe: Diurno(EMI): EM ATUALIZA\u00c7\u00c3O Noturno (SUBSEQUENTE):Supervis\u00e3o e Orienta\u00e7\u00e3o \u2013 Carolina Em\u00edlia Contatos por e-mail (supervis\u00e3o e orienta\u00e7\u00e3o): EMI: supervisao.edificacoes@etefv.faetec.rj.gov.br supervisao.eletronica@etefv.faetec.rj.gov.br supervisao.mecanica@etefv.faetec.rj.gov.br supervisao.telecomunicacoes@etefv.faetec.rj.gov.br supervisao.eletrotecnica@etefv.faetec.rj.gov.br orientacao.edificacoes@etefv.faetec.rj.gov.br orientacao.eletronica@etefv.faetec.rj.gov.br orientacao.mecanica@etefv.faetec.rj.gov.br orientacao.telecomunicacoes@etefv.faetec.rj.gov.br orientacao.eletrotecnica@etefv.faetec.rj.gov.br Subsequente: supervisao.subsequente@etefv.faetec.rj.gov.br orientacao.subsequente@etefv.faetec.rj.gov.br Principais atribui\u00e7\u00f5es da equipe de Supervis\u00e3o Escolar: Desenvolver pesquisa de campo, promovendo visitas, consultas e debates no\u2026","rel":"","context":"Post similar","block_context":{"text":"Post similar","link":""},"img":{"alt_text":"","src":"","width":0,"height":0},"classes":[]},{"id":126,"url":"https:\/\/aulanaweb.com\/etefv\/?page_id=126","url_meta":{"origin":238,"position":3},"title":"Orienta\u00e7\u00e3o Educacional","author":"Marta Maria Maciel da Silva","date":"19\/09\/2017","format":false,"excerpt":"Componentes da Equipe: Turmas 2023 EMI Supervisoras: SE Maria Rosa: 1111, 1211, 2211, 3111, 1101, 1201, 1202, 2101, 2201, 3101, 3201,1121, 1221 e 2121 SE Patr\u00edcia: 1151, 1151, 1251, 1252, 2151, 3151, 3251, 1141, 1142, 1241, 2241, 3141, 3241,3121 e 3221 Edifica\u00e7\u00f5es (7 turmas)1101 \u2013 C\u00e9lia1201 \u2013 C\u00e9lia1202 \u2013 C\u00e9lia2101\u2026","rel":"","context":"Post similar","block_context":{"text":"Post similar","link":""},"img":{"alt_text":"","src":"","width":0,"height":0},"classes":[]},{"id":173,"url":"https:\/\/aulanaweb.com\/etefv\/?page_id=173","url_meta":{"origin":238,"position":4},"title":"Hist\u00f3ria","author":"Equipe Diretiva ETEFV","date":"20\/09\/2017","format":false,"excerpt":"O que hoje \u00e9 escola, come\u00e7ou como lar de crian\u00e7as abandonadas. Em janeiro de 1888, a imprensa da corte publicou denuncia de que crian\u00e7as estavam convivendo com criminosos e doentes no Asilo de Mendicidade. O asilo ficava onde hoje \u00e9 o Hospital S\u00e3o Francisco de Assis, na Cidade Nova, segundo\u2026","rel":"","context":"Post similar","block_context":{"text":"Post similar","link":""},"img":{"alt_text":"","src":"","width":0,"height":0},"classes":[]},{"id":262,"url":"https:\/\/aulanaweb.com\/etefv\/?page_id=262","url_meta":{"origin":238,"position":5},"title":"Matem\u00e1tica","author":"Equipe Diretiva ETEFV","date":"23\/09\/2017","format":false,"excerpt":"Equipe de Professores: ANNA MARIA SOTERO DA SILVA NETO CL\u00c1UDIO HENRIQUE AFONSECA DE SOUZA CL\u00d3VIS REIS DOS SANTOS FL\u00c1VIA FERREIRA DOS SANTOS DE SOUZA JOS\u00c9 DE DEUS DE LIMA KATIA MARIA PEREIRA DUTRA MADALENA THIRY PENNA FIRME VIEIRA NEIDE XAVIER DE SOUZA PAULO C\u00c9SAR ALVES ARA\u00daJO S\u00c9RGIO DE CASTRO DIAS","rel":"","context":"Post similar","block_context":{"text":"Post similar","link":""},"img":{"alt_text":"","src":"","width":0,"height":0},"classes":[]}],"_links":{"self":[{"href":"https:\/\/aulanaweb.com\/etefv\/index.php?rest_route=\/wp\/v2\/pages\/238","targetHints":{"allow":["GET"]}}],"collection":[{"href":"https:\/\/aulanaweb.com\/etefv\/index.php?rest_route=\/wp\/v2\/pages"}],"about":[{"href":"https:\/\/aulanaweb.com\/etefv\/index.php?rest_route=\/wp\/v2\/types\/page"}],"author":[{"embeddable":true,"href":"https:\/\/aulanaweb.com\/etefv\/index.php?rest_route=\/wp\/v2\/users\/1"}],"replies":[{"embeddable":true,"href":"https:\/\/aulanaweb.com\/etefv\/index.php?rest_route=%2Fwp%2Fv2%2Fcomments&post=238"}],"version-history":[{"count":1,"href":"https:\/\/aulanaweb.com\/etefv\/index.php?rest_route=\/wp\/v2\/pages\/238\/revisions"}],"predecessor-version":[{"id":3229,"href":"https:\/\/aulanaweb.com\/etefv\/index.php?rest_route=\/wp\/v2\/pages\/238\/revisions\/3229"}],"up":[{"embeddable":true,"href":"https:\/\/aulanaweb.com\/etefv\/index.php?rest_route=\/wp\/v2\/pages\/40"}],"wp:attachment":[{"href":"https:\/\/aulanaweb.com\/etefv\/index.php?rest_route=%2Fwp%2Fv2%2Fmedia&parent=238"}],"curies":[{"name":"wp","href":"https:\/\/api.w.org\/{rel}","templated":true}]}}