{"id":180,"date":"2017-09-20T20:00:41","date_gmt":"2017-09-20T23:00:41","guid":{"rendered":"http:\/\/www.aulanaweb.com\/etefv\/?page_id=180"},"modified":"2025-08-20T11:04:03","modified_gmt":"2025-08-20T14:04:03","slug":"fale-conosco","status":"publish","type":"page","link":"https:\/\/aulanaweb.com\/etefv\/?page_id=180","title":{"rendered":"Fale conosco"},"content":{"rendered":"\n<p><\/p>\n\n\n\n<p>ATEN\u00c7\u00c3O:&nbsp; <span style=\"color: #ff0000;\"><strong>OS TELEFONES DA ESCOLA N\u00c3O EST\u00c3O FUNCIONANDO, UTILIZE OS E-MAILS ABAIXO.<\/strong><\/span><\/p>\n\n\n\n<div class=\"wp-block-group\"><div class=\"wp-block-group__inner-container is-layout-constrained wp-block-group-is-layout-constrained\">\n<div class=\"wp-block-group\"><div class=\"wp-block-group__inner-container is-layout-constrained wp-block-group-is-layout-constrained\">\n<div class=\"wp-block-group is-vertical is-layout-flex wp-container-core-group-is-layout-8cf370e7 wp-block-group-is-layout-flex\">\n<div class=\"wp-block-group is-vertical is-layout-flex wp-container-core-group-is-layout-b7faace9 wp-block-group-is-layout-flex\">\n<div class=\"wp-block-group is-nowrap is-layout-flex wp-container-core-group-is-layout-ad2f72ca wp-block-group-is-layout-flex\">\n<div class=\"wp-block-group is-vertical is-layout-flex wp-container-core-group-is-layout-68afab4e wp-block-group-is-layout-flex\">\n<div class=\"wp-block-group\"><div class=\"wp-block-group__inner-container is-layout-constrained wp-block-group-is-layout-constrained\">\n<figure class=\"wp-block-table\"><table><tbody><tr><td><strong><h2>E-mail da Equipe Diretiva:<\/h2><\/strong><\/td><\/tr><tr><td>Dire\u00e7\u00e3o geral<\/td><td>direcao@etefv.faetec.rj.gov.br<\/td><\/tr><tr><td>Coordena\u00e7\u00e3o Adjunta Administrativa<\/td><td>direcao.administrativa@etefv.faetec.rj.gov.br<\/td><\/tr><tr><td>Coordena\u00e7\u00e3o Adjunta Pedag\u00f3gica<\/td><td>direcao.pedagogica@etefv.faetec.rj.gov.br<\/td><\/tr><tr><td>Coordena\u00e7\u00e3o Adjunta&nbsp;T\u00e9cnica<\/td><td>direcao.tecnica@etefv.faetec.rj.gov.br<\/td><\/tr><\/tbody><\/table><\/figure>\n<\/div><\/div>\n<\/div>\n<\/div>\n<\/div>\n<\/div>\n<\/div><\/div>\n<\/div><\/div>\n\n\n\n<figure class=\"wp-block-table\"><table><tbody><tr><td><strong><h2>E-mail da Secretaria Escolar:<\/h2><\/strong><\/td><td>secretaria@etefv.faetec.rj.gov.br<\/td><\/tr><\/tbody><\/table><\/figure>\n\n\n\n<p><\/p>\n\n\n\n<div class=\"wp-block-group\"><div class=\"wp-block-group__inner-container is-layout-constrained wp-block-group-is-layout-constrained\">\n<figure class=\"wp-block-table\"><table><tbody><tr><td><strong><strong><h2>E-mail do N\u00facleo de Pessoal:<\/h2><\/strong><\/strong><\/td><td>pessoal@etefv.faetec.rj.gov.br<\/td><\/tr><\/tbody><\/table><\/figure>\n\n\n\n<p><\/p>\n\n\n\n<figure class=\"wp-block-table\"><table><tbody><tr><td><strong><h2>E-mail do Setor de Est\u00e1gio:<\/h2><\/strong><\/td><td>est\u00e1gio@etefv.faetec.rj.gov.br<\/td><\/tr><\/tbody><\/table><\/figure>\n\n\n\n<figure class=\"wp-block-table\"><table><tbody><tr><td><strong><h2>E-mail dos Coordenadores T\u00e9cnicos ( EMI e Subsequente):<\/h2><\/strong><\/td><\/tr><tr><td>&nbsp;Coordenador T\u00e9cnico Edifica\u00e7\u00f5es<\/td><td>&nbsp;coordenacao.edificacoes.emi@etefv.faetec.rj.gov.br<\/td><\/tr><tr><td>&nbsp;Coordenador T\u00e9cnico Eletr\u00f4nica<\/td><td>&nbsp;coordenacao.eletronica.emi@etefv.faetec.rj.gov.br<\/td><\/tr><tr><td>&nbsp;Coordenador T\u00e9cnico&nbsp;Eletrot\u00e9cnica<\/td><td>&nbsp;coordenacao.eletrotecnica.emi@etefv.faetec.rj.gov.br<\/td><\/tr><tr><td>&nbsp;Coordenador T\u00e9cnico Mec\u00e2nica<\/td><td>&nbsp;coordenacao.mecanica.emi@etefv.faetec.rj.gov.br<\/td><\/tr><tr><td>&nbsp;Coordenador T\u00e9cnico Telecomunica\u00e7\u00f5es<\/td><td>&nbsp;coordenacao.telecomunicacoes.emi@etefv.faetec.rj.gov.br<\/td><\/tr><\/tbody><\/table><\/figure>\n<\/div><\/div>\n\n\n\n<div class=\"wp-block-group\"><div class=\"wp-block-group__inner-container is-layout-constrained wp-block-group-is-layout-constrained\"><\/div><\/div>\n\n\n\n<div class=\"wp-block-group\"><div class=\"wp-block-group__inner-container is-layout-constrained wp-block-group-is-layout-constrained\"><\/div><\/div>\n\n\n\n<div class=\"wp-block-group\"><div class=\"wp-block-group__inner-container is-layout-constrained wp-block-group-is-layout-constrained\">\n<figure class=\"wp-block-table\"><table><tbody><tr><td><h2>E-mail dos Coordenadores de \u00c1rea:<\/h2><\/td><\/tr><tr><td>Ci\u00eancias da natureza (Biologia, F\u00edsica e Qu\u00edmica) <\/td><td>coordenacao.natureza@etefv.faetec.rj.gov.br<\/td><\/tr><tr><td>Linguagens (LP, Literatura, L\u00edngua Estrangeira, Artes e Educa\u00e7\u00e3o F\u00edsica) <\/td><td>coordenacao.linguagens@etefv.faetec.rj.gov.br<\/td><\/tr><tr><td>Humanas (Geografia, Hist\u00f3ria, Filosofia e Sociologia) <\/td><td>coordenacao.humanas@etefv.faetec.rj.gov.br<\/td><\/tr><tr><td>Matem\u00e1tica<\/td><td>coordenacao.matematica@etefv.faetec.rj.gov.br<\/td><\/tr><\/tbody><\/table><\/figure>\n\n\n\n<figure class=\"wp-block-table\"><table><tbody><tr><td><strong><h2>E-mail da Equipe de Orienta\u00e7\u00e3o Educacional:<\/h2><\/strong><\/td><\/tr><tr><td>Orienta\u00e7\u00e3o Edifica\u00e7\u00f5es EMI<\/td><td>orientacao.edificacoes@etefv.faetec.rj.gov.br<\/td><\/tr><tr><td>Orienta\u00e7\u00e3o Eletr\u00f4nica EMI<\/td><td>orientacao.eletronica@etefv.faetec.rj.gov.br<\/td><\/tr><tr><td>Orienta\u00e7\u00e3o Eletrot\u00e9cnica EMI<\/td><td>orientacao.eletrotecnica@etefv.faetec.rj.gov.br<\/td><\/tr><tr><td>Orienta\u00e7\u00e3o Mec\u00e2nica EMI<\/td><td>orientacao.mecanica@etefv.faetec.rj.gov.br<\/td><\/tr><tr><td>Orienta\u00e7\u00e3o Telecomunica\u00e7\u00f5es EMI<\/td><td>orientacao.telecomunicacoes@etefv.faetec.rj.gov.br<\/td><\/tr><tr><td>Orienta\u00e7\u00e3o Subsequente<\/td><td>orientacao.subsequente@etefv.faetec.rj.gov.br<\/td><\/tr><\/tbody><\/table><\/figure>\n<\/div><\/div>\n\n\n\n<div class=\"wp-block-group\"><div class=\"wp-block-group__inner-container is-layout-constrained wp-block-group-is-layout-constrained\">\n<figure class=\"wp-block-table\"><table><tbody><tr><td><strong><h2>E-mail da Equipe de Supervis\u00e3o Escolar:<\/h2><\/strong><\/td><\/tr><tr><td>Supervis\u00e3o Edifica\u00e7\u00f5es EMI<\/td><td>supervisao.edificacoes@etefv.faetec.rj.gov.br<\/td><\/tr><tr><td>Supervis\u00e3o Eletr\u00f4nica EMI<\/td><td>supervisao.eletronica@etefv.faetec.rj.gov.br<\/td><\/tr><tr><td>Supervis\u00e3o Eletrot\u00e9cnica EMI<\/td><td>supervisao.eletrotecnica@etefv.faetec.rj.gov.br<\/td><\/tr><tr><td>Supervis\u00e3o Mec\u00e2nica EMI<\/td><td>supervisao.mecanica@etefv.faetec.rj.gov.br<\/td><\/tr><tr><td>Supervis\u00e3o Telecomunica\u00e7\u00f5es EMI<\/td><td>supervisao.telecomunicacoes@etefv.faetec.rj.gov.br<\/td><\/tr><tr><td>Supervis\u00e3o Subsequente<\/td><td>supervisao.subsequente@etefv.faetec.rj.gov.br<\/td><\/tr><\/tbody><\/table><\/figure>\n<\/div><\/div>\n","protected":false},"excerpt":{"rendered":"<p>ATEN\u00c7\u00c3O:&nbsp; OS TELEFONES DA ESCOLA N\u00c3O EST\u00c3O FUNCIONANDO, UTILIZE OS E-MAILS ABAIXO. E-mail da Equipe Diretiva: Dire\u00e7\u00e3o geral direcao@etefv.faetec.rj.gov.br Coordena\u00e7\u00e3o Adjunta Administrativa direcao.administrativa@etefv.faetec.rj.gov.br Coordena\u00e7\u00e3o Adjunta Pedag\u00f3gica direcao.pedagogica@etefv.faetec.rj.gov.br Coordena\u00e7\u00e3o Adjunta&nbsp;T\u00e9cnica direcao.tecnica@etefv.faetec.rj.gov.br&#8230; <\/p>\n","protected":false},"author":1,"featured_media":0,"parent":34,"menu_order":0,"comment_status":"closed","ping_status":"closed","template":"","meta":{"jetpack_post_was_ever_published":false,"footnotes":""},"class_list":["post-180","page","type-page","status-publish","hentry"],"jetpack_sharing_enabled":true,"jetpack_shortlink":"https:\/\/wp.me\/P9cg66-2U","jetpack_likes_enabled":true,"jetpack-related-posts":[{"id":42,"url":"https:\/\/aulanaweb.com\/etefv\/?page_id=42","url_meta":{"origin":180,"position":0},"title":"Secretaria Escolar","author":"jair","date":"18\/09\/2017","format":false,"excerpt":"Contatos: e-mail: secretaria@etefv.faetec.rj.gov.br ATEN\u00c7\u00c3O: OS TELEFONES DA ESCOLA N\u00c3O EST\u00c3O FUNCIONANDO. UTILIZE O E-MAIL. Equipe: Esther Farias da Silva Jair Seabra da Silva Mariluci Ferreira Fernandes","rel":"","context":"Post similar","block_context":{"text":"Post similar","link":""},"img":{"alt_text":"","src":"","width":0,"height":0},"classes":[]},{"id":116,"url":"https:\/\/aulanaweb.com\/etefv\/?page_id=116","url_meta":{"origin":180,"position":1},"title":"Escola de Projetos","author":"Equipe Diretiva ETEFV","date":"19\/09\/2017","format":false,"excerpt":"A Escola de Projetos realiza a orienta\u00e7\u00e3o para o desenvolvimento de projetos para posterior envio a ag\u00eancias de fomento. Esta orienta\u00e7\u00e3o \u00e9 realizada em parceria com outros docentes Mestres e Doutores, atuantes em projetos educacionais, na \u00e1rea da Ci\u00eancia e Tecnologia,\u00a0 em disciplinas do Ensino Profissional ligadas aos cursos nos\u2026","rel":"","context":"Post similar","block_context":{"text":"Post similar","link":""},"img":{"alt_text":"","src":"","width":0,"height":0},"classes":[]},{"id":1935,"url":"https:\/\/aulanaweb.com\/etefv\/?page_id=1935","url_meta":{"origin":180,"position":2},"title":"Oficina de Objetos Conectados &#8211; IoT","author":"Equipe Diretiva ETEFV","date":"03\/01\/2022","format":false,"excerpt":"Trata-se de uma oficina de aplica\u00e7\u00e3o do projeto de pesquisa FAPERJ E_11\/2019 que visa \u00e0 adequa\u00e7\u00e3o, \u00e0 moderniza\u00e7\u00e3o e \u00e0 otimiza\u00e7\u00e3o da infraestrutura do Laborat\u00f3rio de Eletr\u00f4nica Especializada, baseado, sobretudo, no emprego do Arduino como ferramenta para a cria\u00e7\u00e3o de experimentos de automa\u00e7\u00e3o e controle. Estes experimentos ser\u00e3o tamb\u00e9m usados\u2026","rel":"","context":"Post similar","block_context":{"text":"Post similar","link":""},"img":{"alt_text":"","src":"https:\/\/i0.wp.com\/aulanaweb.com\/etefv\/wp-content\/uploads\/2022\/01\/assinatura-faetec-_impresso_cor.png?resize=350%2C200&ssl=1","width":350,"height":200,"srcset":"https:\/\/i0.wp.com\/aulanaweb.com\/etefv\/wp-content\/uploads\/2022\/01\/assinatura-faetec-_impresso_cor.png?resize=350%2C200&ssl=1 1x, https:\/\/i0.wp.com\/aulanaweb.com\/etefv\/wp-content\/uploads\/2022\/01\/assinatura-faetec-_impresso_cor.png?resize=525%2C300&ssl=1 1.5x, https:\/\/i0.wp.com\/aulanaweb.com\/etefv\/wp-content\/uploads\/2022\/01\/assinatura-faetec-_impresso_cor.png?resize=700%2C400&ssl=1 2x, https:\/\/i0.wp.com\/aulanaweb.com\/etefv\/wp-content\/uploads\/2022\/01\/assinatura-faetec-_impresso_cor.png?resize=1050%2C600&ssl=1 3x, https:\/\/i0.wp.com\/aulanaweb.com\/etefv\/wp-content\/uploads\/2022\/01\/assinatura-faetec-_impresso_cor.png?resize=1400%2C800&ssl=1 4x"},"classes":[]},{"id":1206,"url":"https:\/\/aulanaweb.com\/etefv\/?page_id=1206","url_meta":{"origin":180,"position":3},"title":"Volta \u00e0s aulas 2020","author":"Equipe Diretiva ETEFV","date":"04\/02\/2020","format":false,"excerpt":"Todos os alunos do primeiro ano (diurno) dever\u00e3o chegar \u00e0 escola \u00e0s 8h30min no dia 10\/2\/2020, dirigindo-se ao audit\u00f3rio para reuni\u00e3o de apresenta\u00e7\u00e3o. Os alunos do segundo e do terceiro ano (diurno) dever\u00e3o chegar em seus hor\u00e1rios normais de aula, conforme hor\u00e1rio que estar\u00e1 dispon\u00edvel no site na sexta-feira, dia\u2026","rel":"","context":"Post similar","block_context":{"text":"Post similar","link":""},"img":{"alt_text":"","src":"https:\/\/i0.wp.com\/aulanaweb.com\/etefv\/wp-content\/uploads\/2020\/02\/volta-%C3%A0s-aulas-2020.png?fit=780%2C400&ssl=1&resize=350%2C200","width":350,"height":200,"srcset":"https:\/\/i0.wp.com\/aulanaweb.com\/etefv\/wp-content\/uploads\/2020\/02\/volta-%C3%A0s-aulas-2020.png?fit=780%2C400&ssl=1&resize=350%2C200 1x, https:\/\/i0.wp.com\/aulanaweb.com\/etefv\/wp-content\/uploads\/2020\/02\/volta-%C3%A0s-aulas-2020.png?fit=780%2C400&ssl=1&resize=525%2C300 1.5x, https:\/\/i0.wp.com\/aulanaweb.com\/etefv\/wp-content\/uploads\/2020\/02\/volta-%C3%A0s-aulas-2020.png?fit=780%2C400&ssl=1&resize=700%2C400 2x"},"classes":[]},{"id":156,"url":"https:\/\/aulanaweb.com\/etefv\/?page_id=156","url_meta":{"origin":180,"position":4},"title":"Centro de L\u00ednguas","author":"Equipe Diretiva ETEFV","date":"19\/09\/2017","format":false,"excerpt":"O Projeto Centro de L\u00ednguas \u00e9 um projeto da ETEFV que tem como objetivo promover cursos de l\u00ednguas para os alunos da escola, proporcionando um espa\u00e7o onde os alunos participem de um ensino de modo reflexivo, consciente e qualitativo.","rel":"","context":"Post similar","block_context":{"text":"Post similar","link":""},"img":{"alt_text":"","src":"","width":0,"height":0},"classes":[]},{"id":173,"url":"https:\/\/aulanaweb.com\/etefv\/?page_id=173","url_meta":{"origin":180,"position":5},"title":"Hist\u00f3ria","author":"Equipe Diretiva ETEFV","date":"20\/09\/2017","format":false,"excerpt":"O que hoje \u00e9 escola, come\u00e7ou como lar de crian\u00e7as abandonadas. Em janeiro de 1888, a imprensa da corte publicou denuncia de que crian\u00e7as estavam convivendo com criminosos e doentes no Asilo de Mendicidade. O asilo ficava onde hoje \u00e9 o Hospital S\u00e3o Francisco de Assis, na Cidade Nova, segundo\u2026","rel":"","context":"Post similar","block_context":{"text":"Post similar","link":""},"img":{"alt_text":"","src":"","width":0,"height":0},"classes":[]}],"_links":{"self":[{"href":"https:\/\/aulanaweb.com\/etefv\/index.php?rest_route=\/wp\/v2\/pages\/180","targetHints":{"allow":["GET"]}}],"collection":[{"href":"https:\/\/aulanaweb.com\/etefv\/index.php?rest_route=\/wp\/v2\/pages"}],"about":[{"href":"https:\/\/aulanaweb.com\/etefv\/index.php?rest_route=\/wp\/v2\/types\/page"}],"author":[{"embeddable":true,"href":"https:\/\/aulanaweb.com\/etefv\/index.php?rest_route=\/wp\/v2\/users\/1"}],"replies":[{"embeddable":true,"href":"https:\/\/aulanaweb.com\/etefv\/index.php?rest_route=%2Fwp%2Fv2%2Fcomments&post=180"}],"version-history":[{"count":41,"href":"https:\/\/aulanaweb.com\/etefv\/index.php?rest_route=\/wp\/v2\/pages\/180\/revisions"}],"predecessor-version":[{"id":4186,"href":"https:\/\/aulanaweb.com\/etefv\/index.php?rest_route=\/wp\/v2\/pages\/180\/revisions\/4186"}],"up":[{"embeddable":true,"href":"https:\/\/aulanaweb.com\/etefv\/index.php?rest_route=\/wp\/v2\/pages\/34"}],"wp:attachment":[{"href":"https:\/\/aulanaweb.com\/etefv\/index.php?rest_route=%2Fwp%2Fv2%2Fmedia&parent=180"}],"curies":[{"name":"wp","href":"https:\/\/api.w.org\/{rel}","templated":true}]}}