{"id":178,"date":"2017-09-20T19:55:30","date_gmt":"2017-09-20T22:55:30","guid":{"rendered":"http:\/\/www.aulanaweb.com\/etefv\/?page_id=178"},"modified":"2026-02-23T08:23:40","modified_gmt":"2026-02-23T11:23:40","slug":"direcao","status":"publish","type":"page","link":"https:\/\/aulanaweb.com\/etefv\/?page_id=178","title":{"rendered":"Dire\u00e7\u00e3o"},"content":{"rendered":"\n<div class=\"wp-block-group\"><div class=\"wp-block-group__inner-container is-layout-constrained wp-block-group-is-layout-constrained\">\n<div class=\"entry-content\">\n<p><strong>Diretora Geral:<\/strong><br \/>Gabriela Farah Dias &#8211; Professor I &#8211; Qu\u00edmica &#8211; <a href=\"mailto:direcao@etefv.faetec.rj.gov.br\">direcao@etefv.faetec.rj.gov.br<\/a><\/p>\n<p><strong>Equipe:<\/strong><\/p>\n<ol>\n<li>K\u00e1tia Maria Pereira Dutra &#8211; Professora I &#8211; Matem\u00e1tica &#8211; Cogestor &#8211; <a href=\"mailto:direcao.administrativa@etefv.faetec.rj.gov.br\">direcao.administrativa@etefv.faetec.rj.gov.br<\/a><\/li>\n<li>Luis Henrique Monteiro de Castro &#8211; Professor I &#8211; Eletr\u00f4nica &#8211; Coordenador Adjunto T\u00e9cnico &#8211; <a href=\"mailto:direcao.tecnica@etefv.faetec.rj.gov.br\">direcao.tecnica@etefv.faetec.rj.gov.br<\/a><\/li>\n<li>Cl\u00f3vis e Ana Maria &#8211; Coordenador Adjunto Pedag\u00f3gico &#8211; <a href=\"mailto:direcao.pedagogica@etefv.faetec.rj.gov.br\">direcao.pedagogica@etefv.faetec.rj.gov.br<\/a><\/li>\n<\/ol>\n<p><!-- Rodolfo de Oliveira Sousa - Professor I - Geografia (colaborador) \u00a0 \u00a0 \u00a0 \u00a0 \u00a0 \u00a0 \u00a0 \u00a0 \u00a0 \u00a0 \u00a0 \u00a0 \u00a0 \u00a0 \u00a0 \u00a0 \u00a0 \u00a0 \u00a0 \u00a0 \u00a0 \u00a0 \u00a0 \u00a0 -->\u00a0<\/p>\n<p><!-- T\u00e2nia Regina Sampaio M. Parente - Professora I - Hist\u00f3ria (colaboradora)\u00a0 \u00a0 \u00a0 \u00a0 \u00a0 \u00a0 \u00a0 \u00a0 \u00a0 \u00a0 \u00a0 \u00a0 \u00a0 \u00a0 \u00a0 \u00a0 \u00a0 \u00a0 \u00a0 \u00a0 \u00a0 \u00a0 \u00a0--><\/p>\n<\/div>\n<\/div><\/div>\n","protected":false},"excerpt":{"rendered":"<p>Diretora Geral:Gabriela Farah Dias &#8211; Professor I &#8211; Qu\u00edmica &#8211; direcao@etefv.faetec.rj.gov.br Equipe: K\u00e1tia Maria Pereira Dutra &#8211; Professora I &#8211; Matem\u00e1tica &#8211; Cogestor &#8211; direcao.administrativa@etefv.faetec.rj.gov.br Luis Henrique Monteiro de Castro&#8230; <\/p>\n","protected":false},"author":1,"featured_media":0,"parent":34,"menu_order":0,"comment_status":"closed","ping_status":"closed","template":"","meta":{"jetpack_post_was_ever_published":false,"footnotes":""},"class_list":["post-178","page","type-page","status-publish","hentry"],"jetpack_sharing_enabled":true,"jetpack_shortlink":"https:\/\/wp.me\/P9cg66-2S","jetpack_likes_enabled":true,"jetpack-related-posts":[{"id":180,"url":"https:\/\/aulanaweb.com\/etefv\/?page_id=180","url_meta":{"origin":178,"position":0},"title":"Fale conosco","author":"Equipe Diretiva ETEFV","date":"20\/09\/2017","format":false,"excerpt":"ATEN\u00c7\u00c3O:\u00a0 OS TELEFONES DA ESCOLA N\u00c3O EST\u00c3O FUNCIONANDO, UTILIZE OS E-MAILS ABAIXO. E-mail da Equipe Diretiva:Dire\u00e7\u00e3o geraldirecao@etefv.faetec.rj.gov.brCoordena\u00e7\u00e3o Adjunta Administrativadirecao.administrativa@etefv.faetec.rj.gov.brCoordena\u00e7\u00e3o Adjunta Pedag\u00f3gicadirecao.pedagogica@etefv.faetec.rj.gov.brCoordena\u00e7\u00e3o Adjunta\u00a0T\u00e9cnicadirecao.tecnica@etefv.faetec.rj.gov.br E-mail da Secretaria Escolar:secretaria@etefv.faetec.rj.gov.br E-mail do N\u00facleo de Pessoal:pessoal@etefv.faetec.rj.gov.br E-mail do Setor de Est\u00e1gio:est\u00e1gio@etefv.faetec.rj.gov.br E-mail dos Coordenadores T\u00e9cnicos ( EMI e Subsequente):\u00a0Coordenador T\u00e9cnico Edifica\u00e7\u00f5es\u00a0coordenacao.edificacoes.emi@etefv.faetec.rj.gov.br\u00a0Coordenador T\u00e9cnico Eletr\u00f4nica\u00a0coordenacao.eletronica.emi@etefv.faetec.rj.gov.br\u00a0Coordenador T\u00e9cnico\u00a0Eletrot\u00e9cnica\u00a0coordenacao.eletrotecnica.emi@etefv.faetec.rj.gov.br\u00a0Coordenador T\u00e9cnico\u2026","rel":"","context":"Post similar","block_context":{"text":"Post similar","link":""},"img":{"alt_text":"","src":"","width":0,"height":0},"classes":[]},{"id":124,"url":"https:\/\/aulanaweb.com\/etefv\/?page_id=124","url_meta":{"origin":178,"position":1},"title":"Supervis\u00e3o Escolar e Orienta\u00e7\u00e3o Educacional","author":"Marta Maria Maciel da Silva","date":"06\/04\/2024","format":false,"excerpt":"Componentes da equipe: Diurno(EMI): EM ATUALIZA\u00c7\u00c3O Noturno (SUBSEQUENTE):Supervis\u00e3o e Orienta\u00e7\u00e3o \u2013 Carolina Em\u00edlia Contatos por e-mail (supervis\u00e3o e orienta\u00e7\u00e3o): EMI: supervisao.edificacoes@etefv.faetec.rj.gov.br supervisao.eletronica@etefv.faetec.rj.gov.br supervisao.mecanica@etefv.faetec.rj.gov.br supervisao.telecomunicacoes@etefv.faetec.rj.gov.br supervisao.eletrotecnica@etefv.faetec.rj.gov.br orientacao.edificacoes@etefv.faetec.rj.gov.br orientacao.eletronica@etefv.faetec.rj.gov.br orientacao.mecanica@etefv.faetec.rj.gov.br orientacao.telecomunicacoes@etefv.faetec.rj.gov.br orientacao.eletrotecnica@etefv.faetec.rj.gov.br Subsequente: supervisao.subsequente@etefv.faetec.rj.gov.br orientacao.subsequente@etefv.faetec.rj.gov.br Principais atribui\u00e7\u00f5es da equipe de Supervis\u00e3o Escolar: Desenvolver pesquisa de campo, promovendo visitas, consultas e debates no\u2026","rel":"","context":"Post similar","block_context":{"text":"Post similar","link":""},"img":{"alt_text":"","src":"","width":0,"height":0},"classes":[]},{"id":126,"url":"https:\/\/aulanaweb.com\/etefv\/?page_id=126","url_meta":{"origin":178,"position":2},"title":"Orienta\u00e7\u00e3o Educacional","author":"Marta Maria Maciel da Silva","date":"19\/09\/2017","format":false,"excerpt":"Componentes da Equipe: Turmas 2023 EMI Supervisoras: SE Maria Rosa: 1111, 1211, 2211, 3111, 1101, 1201, 1202, 2101, 2201, 3101, 3201,1121, 1221 e 2121 SE Patr\u00edcia: 1151, 1151, 1251, 1252, 2151, 3151, 3251, 1141, 1142, 1241, 2241, 3141, 3241,3121 e 3221 Edifica\u00e7\u00f5es (7 turmas)1101 \u2013 C\u00e9lia1201 \u2013 C\u00e9lia1202 \u2013 C\u00e9lia2101\u2026","rel":"","context":"Post similar","block_context":{"text":"Post similar","link":""},"img":{"alt_text":"","src":"","width":0,"height":0},"classes":[]},{"id":38,"url":"https:\/\/aulanaweb.com\/etefv\/?page_id=38","url_meta":{"origin":178,"position":3},"title":"Ensino M\u00e9dio","author":"Equipe Diretiva ETEFV","date":"18\/09\/2017","format":false,"excerpt":"O ensino m\u00e9dio \u00e9 a etapa final de uma educa\u00e7\u00e3o de car\u00e1ter geral, afinada com a contemporaneidade, com a constru\u00e7\u00e3o de compet\u00eancias b\u00e1sicas que situem o educando como sujeito produtor de conhecimento e participante do mundo do trabalho, e com o desenvolvimento da pessoa, como \u201csujeito em situa\u00e7\u00e3o\u201d \u2013 cidad\u00e3o.\u2026","rel":"","context":"Post similar","block_context":{"text":"Post similar","link":""},"img":{"alt_text":"","src":"","width":0,"height":0},"classes":[]},{"id":238,"url":"https:\/\/aulanaweb.com\/etefv\/?page_id=238","url_meta":{"origin":178,"position":4},"title":"Sala de Recursos","author":"Equipe Diretiva ETEFV","date":"23\/09\/2017","format":false,"excerpt":"Respons\u00e1vel: Professora Maria Cl\u00e1udia Dutra - sala.recursos@etefv.faetec.rj.gov.br","rel":"","context":"Post similar","block_context":{"text":"Post similar","link":""},"img":{"alt_text":"","src":"","width":0,"height":0},"classes":[]},{"id":42,"url":"https:\/\/aulanaweb.com\/etefv\/?page_id=42","url_meta":{"origin":178,"position":5},"title":"Secretaria Escolar","author":"jair","date":"18\/09\/2017","format":false,"excerpt":"Contatos: e-mail: secretaria@etefv.faetec.rj.gov.br ATEN\u00c7\u00c3O: OS TELEFONES DA ESCOLA N\u00c3O ESTAO FUNCIONANDO. UTILIZE O E-MAIL. Equipe: Esther Farias da Silva Jair Seabra da Silva Mariluci Ferreira Fernandes Ramon Rodrigues Rua","rel":"","context":"Post similar","block_context":{"text":"Post similar","link":""},"img":{"alt_text":"","src":"","width":0,"height":0},"classes":[]}],"_links":{"self":[{"href":"https:\/\/aulanaweb.com\/etefv\/index.php?rest_route=\/wp\/v2\/pages\/178","targetHints":{"allow":["GET"]}}],"collection":[{"href":"https:\/\/aulanaweb.com\/etefv\/index.php?rest_route=\/wp\/v2\/pages"}],"about":[{"href":"https:\/\/aulanaweb.com\/etefv\/index.php?rest_route=\/wp\/v2\/types\/page"}],"author":[{"embeddable":true,"href":"https:\/\/aulanaweb.com\/etefv\/index.php?rest_route=\/wp\/v2\/users\/1"}],"replies":[{"embeddable":true,"href":"https:\/\/aulanaweb.com\/etefv\/index.php?rest_route=%2Fwp%2Fv2%2Fcomments&post=178"}],"version-history":[{"count":17,"href":"https:\/\/aulanaweb.com\/etefv\/index.php?rest_route=\/wp\/v2\/pages\/178\/revisions"}],"predecessor-version":[{"id":4571,"href":"https:\/\/aulanaweb.com\/etefv\/index.php?rest_route=\/wp\/v2\/pages\/178\/revisions\/4571"}],"up":[{"embeddable":true,"href":"https:\/\/aulanaweb.com\/etefv\/index.php?rest_route=\/wp\/v2\/pages\/34"}],"wp:attachment":[{"href":"https:\/\/aulanaweb.com\/etefv\/index.php?rest_route=%2Fwp%2Fv2%2Fmedia&parent=178"}],"curies":[{"name":"wp","href":"https:\/\/api.w.org\/{rel}","templated":true}]}}