{"id":175,"date":"2017-09-20T19:49:17","date_gmt":"2017-09-20T22:49:17","guid":{"rendered":"http:\/\/www.aulanaweb.com\/etefv\/?page_id=175"},"modified":"2025-09-28T17:45:34","modified_gmt":"2025-09-28T20:45:34","slug":"infraestrutura","status":"publish","type":"page","link":"https:\/\/aulanaweb.com\/etefv\/?page_id=175","title":{"rendered":"Infraestrutura"},"content":{"rendered":"<div class=\"post-single clearfix\">\n<p style=\"text-align: justify;\"><strong>LABORAT\u00d3RIOS<\/strong><\/p>\n<p style=\"text-align: justify;\"><strong>Laborat\u00f3rios de Eletr\u00f4nica:<\/strong><br \/>\nLaborat\u00f3rio 1 \u2013 capacidade para 20 alunos.<br \/>\nLaborat\u00f3rio 2 \u2013 capacidade para 20 alunos.<br \/>\nLaborat\u00f3rio 3 \u2013 capacidade para 20 alunos.<br \/>\nLaborat\u00f3rio 4 \u2013 capacidade para 20 alunos.<br \/>\nLaborat\u00f3rio 5 \u2013 capacidade para 20 alunos.<\/p>\n<p style=\"text-align: justify;\"><strong>Laborat\u00f3rios de Telecomunica\u00e7\u00f5es:<\/strong><br \/>\nLaborat\u00f3rio 1 \u2013 capacidade para 20 alunos.<br \/>\nLaborat\u00f3rio 2 \u2013 capacidade para 20 alunos.<\/p>\n<p style=\"text-align: justify;\"><strong>Laborat\u00f3rio de Eletrot\u00e9cnica:<\/strong><br \/>\nComposto de dois ambientes; um com capacidade para 16 alunos e outro com capacidade para 12 alunos e uma sala de aula com capacidade para 25 alunos.<\/p>\n<p style=\"text-align: justify;\"><strong>Laborat\u00f3rios de Mec\u00e2nica:<\/strong><br \/>\nLaborat\u00f3rio de Produ\u00e7\u00e3o Mec\u00e2nica \u2013 subdividido nos seguintes ambientes: ajustagem, metrologia, tornearia, fresagem e ret\u00edfica\/ afia\u00e7\u00e3o.<br \/>\nLaborat\u00f3rio de Hidr\u00e1ulica e Pneum\u00e1tica.<br \/>\nLaborat\u00f3rio de Usinagem CNC.<\/p>\n<p style=\"text-align: justify;\"><strong>Canteiro de Obras:<\/strong><br \/>\nComposto de quatro ambientes com capacidade de 20 alunos para cada ambiente.<\/p>\n<p style=\"text-align: justify;\"><strong>Laborat\u00f3rio de F\u00edsica:<\/strong> capacidade para 15 alunos.<\/p>\n<p style=\"text-align: justify;\"><strong>Laborat\u00f3rio de Qu\u00edmica:<\/strong> capacidade para 30 alunos.<\/p>\n<p style=\"text-align: justify;\"><strong>Laborat\u00f3rio de Inform\u00e1tica:<\/strong> capacidade para 30 alunos.<\/p>\n<p style=\"text-align: justify;\"><strong>Laborat\u00f3rio de Inclus\u00e3o Digital (Sala Web):<\/strong> capacidade para 30 alunos.<\/p>\n<p style=\"text-align: justify;\"><strong>Laborat\u00f3rio de AutoCAD 1:<\/strong> capacidade para 15 alunos.<\/p>\n<p style=\"text-align: justify;\"><strong>Laborat\u00f3rio de AutoCAD 2:<\/strong> capacidade para 15 alunos.<\/p>\n<p style=\"text-align: justify;\"><strong>SALAS ESPECIAIS<\/strong><\/p>\n<p style=\"text-align: justify;\"><strong>Biblioteca:<\/strong> capacidade para 32 alunos.<\/p>\n<p style=\"text-align: justify;\"><strong>Centro de Mem\u00f3ria.<\/strong><\/p>\n<p style=\"text-align: justify;\"><strong>Salas de Desenho:<\/strong><br \/>\n05 salas com capacidade de 30 alunos cada.<\/p>\n<p style=\"text-align: justify;\"><strong>Sala Multim\u00eddia.<\/strong><\/p>\n<p style=\"text-align: justify;\"><strong>Sala de Recursos Multifuncionais.<\/strong><\/p>\n<p style=\"text-align: justify;\"><strong>NEL:<\/strong> capacidade para 20 alunos<\/p>\n<p style=\"text-align: justify;\"><strong>Centro de Lutas:<\/strong><br \/>\nO espa\u00e7o est\u00e1 dividido em dois (2) ambientes, tendo cada um, capacidade para 20 alunos.<\/p>\n<p style=\"text-align: justify;\"><strong>Audit\u00f3rio:<\/strong> Capacidade para 550 lugares.<\/p>\n<p style=\"text-align: justify;\"><strong>Oficina de Artes.<\/strong><\/p>\n<p style=\"text-align: justify;\"><strong>Mini audit\u00f3rio de Eletr\u00f4nica:<\/strong> capacidade para 45 alunos.<\/p>\n<p style=\"text-align: justify;\"><strong>SALAS DE AULA:<\/strong><br \/>\n28 salas com capacidade ideal de 850 alunos.<\/p>\n<p style=\"text-align: justify;\"><strong>SALAS DOS SETORES ADMINISTRATIVO-T\u00c9CNICO-PEDAG\u00d3GICO:<\/strong><\/p>\n<p style=\"text-align: justify;\">Dire\u00e7\u00e3o;<br \/>\nSecretaria;<br \/>\nSetor de Apoio de inform\u00e1tica e Manuten\u00e7\u00e3o do servidor da UE;<br \/>\nAlmoxarifado;<br \/>\nN\u00facleo de Pessoal;<br \/>\nXerox;<br \/>\nSetor Administrativo de Bens Patrimoniais;<br \/>\nCoordena\u00e7\u00f5es T\u00e9cnicas;<br \/>\nEquipe T\u00e9cnico-Pedag\u00f3gica;<br \/>\nGr\u00eamio;<br \/>\nCoordena\u00e7\u00e3o de turno;<br \/>\nSala dos Professores.<\/p>\n<\/div>\n","protected":false},"excerpt":{"rendered":"<p>LABORAT\u00d3RIOS Laborat\u00f3rios de Eletr\u00f4nica: Laborat\u00f3rio 1 \u2013 capacidade para 20 alunos. Laborat\u00f3rio 2 \u2013 capacidade para 20 alunos. Laborat\u00f3rio 3 \u2013 capacidade para 20 alunos. Laborat\u00f3rio 4 \u2013 capacidade para&#8230; <\/p>\n","protected":false},"author":1,"featured_media":0,"parent":0,"menu_order":0,"comment_status":"closed","ping_status":"closed","template":"","meta":{"jetpack_post_was_ever_published":false,"footnotes":""},"class_list":["post-175","page","type-page","status-publish","hentry"],"jetpack_sharing_enabled":true,"jetpack_shortlink":"https:\/\/wp.me\/P9cg66-2P","jetpack_likes_enabled":true,"jetpack-related-posts":[{"id":1935,"url":"https:\/\/aulanaweb.com\/etefv\/?page_id=1935","url_meta":{"origin":175,"position":0},"title":"Oficina de Objetos Conectados &#8211; IoT","author":"Equipe Diretiva ETEFV","date":"03\/01\/2022","format":false,"excerpt":"Trata-se de uma oficina de aplica\u00e7\u00e3o do projeto de pesquisa FAPERJ E_11\/2019 que visa \u00e0 adequa\u00e7\u00e3o, \u00e0 moderniza\u00e7\u00e3o e \u00e0 otimiza\u00e7\u00e3o da infraestrutura do Laborat\u00f3rio de Eletr\u00f4nica Especializada, baseado, sobretudo, no emprego do Arduino como ferramenta para a cria\u00e7\u00e3o de experimentos de automa\u00e7\u00e3o e controle. Estes experimentos ser\u00e3o tamb\u00e9m usados\u2026","rel":"","context":"Post similar","block_context":{"text":"Post similar","link":""},"img":{"alt_text":"","src":"https:\/\/i0.wp.com\/aulanaweb.com\/etefv\/wp-content\/uploads\/2022\/01\/assinatura-faetec-_impresso_cor.png?resize=350%2C200&ssl=1","width":350,"height":200,"srcset":"https:\/\/i0.wp.com\/aulanaweb.com\/etefv\/wp-content\/uploads\/2022\/01\/assinatura-faetec-_impresso_cor.png?resize=350%2C200&ssl=1 1x, https:\/\/i0.wp.com\/aulanaweb.com\/etefv\/wp-content\/uploads\/2022\/01\/assinatura-faetec-_impresso_cor.png?resize=525%2C300&ssl=1 1.5x, https:\/\/i0.wp.com\/aulanaweb.com\/etefv\/wp-content\/uploads\/2022\/01\/assinatura-faetec-_impresso_cor.png?resize=700%2C400&ssl=1 2x, https:\/\/i0.wp.com\/aulanaweb.com\/etefv\/wp-content\/uploads\/2022\/01\/assinatura-faetec-_impresso_cor.png?resize=1050%2C600&ssl=1 3x, https:\/\/i0.wp.com\/aulanaweb.com\/etefv\/wp-content\/uploads\/2022\/01\/assinatura-faetec-_impresso_cor.png?resize=1400%2C800&ssl=1 4x"},"classes":[]},{"id":2544,"url":"https:\/\/aulanaweb.com\/etefv\/?page_id=2544","url_meta":{"origin":175,"position":1},"title":"Oficinas de M\u00fasica","author":"Sebasti\u00e3o Sant\u00b4Anna","date":"19\/04\/2023","format":false,"excerpt":"OBJETIVOS GERAIS Capacitar o aluno a ter uma vis\u00e3o cr\u00edtica da m\u00fasica em sua evolu\u00e7\u00e3o hist\u00f3rica. Desenvolver no aluno a capacidade de apreciar e realizar atividades musicais, despertando o seu potencial criativo. Ampliar o conhecimento do processo da Linguagem Musical, nas diversas formas de express\u00e3o, para que ele vivencie a\u2026","rel":"","context":"Post similar","block_context":{"text":"Post similar","link":""},"img":{"alt_text":"","src":"https:\/\/i0.wp.com\/aulanaweb.com\/etefv\/wp-content\/uploads\/2023\/04\/notas-pq-edited.png?resize=350%2C200&ssl=1","width":350,"height":200},"classes":[]},{"id":118,"url":"https:\/\/aulanaweb.com\/etefv\/?page_id=118","url_meta":{"origin":175,"position":2},"title":"Oficina de Xadrez","author":"Equipe Diretiva ETEFV","date":"19\/09\/2017","format":false,"excerpt":"Professor Respons\u00e1vel: Roberto Ant\u00f4nio Ferreira de Almeida O xadrez \u00e9 um jogo de est\u00edmulos e respostas para problemas, desenvolvendo assim a capacidade cognitiva do jogador. A oficina de Xadrez da ETEFV busca proporcionar aos alunos a oportunidade de aprender este jogo e competir em diversas competi\u00e7\u00f5es escolares nesta modalidade. A\u2026","rel":"","context":"Post similar","block_context":{"text":"Post similar","link":""},"img":{"alt_text":"","src":"","width":0,"height":0},"classes":[]},{"id":124,"url":"https:\/\/aulanaweb.com\/etefv\/?page_id=124","url_meta":{"origin":175,"position":3},"title":"Supervis\u00e3o Escolar e Orienta\u00e7\u00e3o Educacional","author":"Marta Maria Maciel da Silva","date":"06\/04\/2024","format":false,"excerpt":"Componentes da equipe: Diurno(EMI): EM ATUALIZA\u00c7\u00c3O Noturno (SUBSEQUENTE):Supervis\u00e3o e Orienta\u00e7\u00e3o \u2013 Carolina Em\u00edlia Contatos por e-mail (supervis\u00e3o e orienta\u00e7\u00e3o): EMI: supervisao.edificacoes@etefv.faetec.rj.gov.br supervisao.eletronica@etefv.faetec.rj.gov.br supervisao.mecanica@etefv.faetec.rj.gov.br supervisao.telecomunicacoes@etefv.faetec.rj.gov.br supervisao.eletrotecnica@etefv.faetec.rj.gov.br orientacao.edificacoes@etefv.faetec.rj.gov.br orientacao.eletronica@etefv.faetec.rj.gov.br orientacao.mecanica@etefv.faetec.rj.gov.br orientacao.telecomunicacoes@etefv.faetec.rj.gov.br orientacao.eletrotecnica@etefv.faetec.rj.gov.br Subsequente: supervisao.subsequente@etefv.faetec.rj.gov.br orientacao.subsequente@etefv.faetec.rj.gov.br Principais atribui\u00e7\u00f5es da equipe de Supervis\u00e3o Escolar: Desenvolver pesquisa de campo, promovendo visitas, consultas e debates no\u2026","rel":"","context":"Post similar","block_context":{"text":"Post similar","link":""},"img":{"alt_text":"","src":"","width":0,"height":0},"classes":[]},{"id":1206,"url":"https:\/\/aulanaweb.com\/etefv\/?page_id=1206","url_meta":{"origin":175,"position":4},"title":"Volta \u00e0s aulas 2020","author":"Equipe Diretiva ETEFV","date":"04\/02\/2020","format":false,"excerpt":"Todos os alunos do primeiro ano (diurno) dever\u00e3o chegar \u00e0 escola \u00e0s 8h30min no dia 10\/2\/2020, dirigindo-se ao audit\u00f3rio para reuni\u00e3o de apresenta\u00e7\u00e3o. Os alunos do segundo e do terceiro ano (diurno) dever\u00e3o chegar em seus hor\u00e1rios normais de aula, conforme hor\u00e1rio que estar\u00e1 dispon\u00edvel no site na sexta-feira, dia\u2026","rel":"","context":"Post similar","block_context":{"text":"Post similar","link":""},"img":{"alt_text":"","src":"https:\/\/i0.wp.com\/aulanaweb.com\/etefv\/wp-content\/uploads\/2020\/02\/volta-%C3%A0s-aulas-2020.png?fit=780%2C400&ssl=1&resize=350%2C200","width":350,"height":200,"srcset":"https:\/\/i0.wp.com\/aulanaweb.com\/etefv\/wp-content\/uploads\/2020\/02\/volta-%C3%A0s-aulas-2020.png?fit=780%2C400&ssl=1&resize=350%2C200 1x, https:\/\/i0.wp.com\/aulanaweb.com\/etefv\/wp-content\/uploads\/2020\/02\/volta-%C3%A0s-aulas-2020.png?fit=780%2C400&ssl=1&resize=525%2C300 1.5x, https:\/\/i0.wp.com\/aulanaweb.com\/etefv\/wp-content\/uploads\/2020\/02\/volta-%C3%A0s-aulas-2020.png?fit=780%2C400&ssl=1&resize=700%2C400 2x"},"classes":[]},{"id":156,"url":"https:\/\/aulanaweb.com\/etefv\/?page_id=156","url_meta":{"origin":175,"position":5},"title":"Centro de L\u00ednguas","author":"Equipe Diretiva ETEFV","date":"19\/09\/2017","format":false,"excerpt":"O Projeto Centro de L\u00ednguas \u00e9 um projeto da ETEFV que tem como objetivo promover cursos de l\u00ednguas para os alunos da escola, proporcionando um espa\u00e7o onde os alunos participem de um ensino de modo reflexivo, consciente e qualitativo.","rel":"","context":"Post similar","block_context":{"text":"Post similar","link":""},"img":{"alt_text":"","src":"","width":0,"height":0},"classes":[]}],"_links":{"self":[{"href":"https:\/\/aulanaweb.com\/etefv\/index.php?rest_route=\/wp\/v2\/pages\/175","targetHints":{"allow":["GET"]}}],"collection":[{"href":"https:\/\/aulanaweb.com\/etefv\/index.php?rest_route=\/wp\/v2\/pages"}],"about":[{"href":"https:\/\/aulanaweb.com\/etefv\/index.php?rest_route=\/wp\/v2\/types\/page"}],"author":[{"embeddable":true,"href":"https:\/\/aulanaweb.com\/etefv\/index.php?rest_route=\/wp\/v2\/users\/1"}],"replies":[{"embeddable":true,"href":"https:\/\/aulanaweb.com\/etefv\/index.php?rest_route=%2Fwp%2Fv2%2Fcomments&post=175"}],"version-history":[{"count":3,"href":"https:\/\/aulanaweb.com\/etefv\/index.php?rest_route=\/wp\/v2\/pages\/175\/revisions"}],"predecessor-version":[{"id":4303,"href":"https:\/\/aulanaweb.com\/etefv\/index.php?rest_route=\/wp\/v2\/pages\/175\/revisions\/4303"}],"wp:attachment":[{"href":"https:\/\/aulanaweb.com\/etefv\/index.php?rest_route=%2Fwp%2Fv2%2Fmedia&parent=175"}],"curies":[{"name":"wp","href":"https:\/\/api.w.org\/{rel}","templated":true}]}}