{"id":156,"date":"2017-09-19T18:41:44","date_gmt":"2017-09-19T21:41:44","guid":{"rendered":"http:\/\/www.aulanaweb.com\/etefv\/?page_id=156"},"modified":"2018-06-26T19:19:38","modified_gmt":"2018-06-26T22:19:38","slug":"centro-de-linguas","status":"publish","type":"page","link":"https:\/\/aulanaweb.com\/etefv\/?page_id=156","title":{"rendered":"Centro de L\u00ednguas"},"content":{"rendered":"<p style=\"text-align: justify;\">O Projeto Centro de L\u00ednguas \u00e9 um projeto da ETEFV que tem como objetivo promover cursos de l\u00ednguas para os alunos da escola, proporcionando um espa\u00e7o onde os alunos participem de um ensino de modo reflexivo, consciente e qualitativo.<\/p>\n","protected":false},"excerpt":{"rendered":"<p>O Projeto Centro de L\u00ednguas \u00e9 um projeto da ETEFV que tem como objetivo promover cursos de l\u00ednguas para os alunos da escola, proporcionando um espa\u00e7o onde os alunos participem&#8230; <\/p>\n","protected":false},"author":1,"featured_media":0,"parent":44,"menu_order":0,"comment_status":"closed","ping_status":"closed","template":"","meta":{"jetpack_post_was_ever_published":false,"footnotes":""},"class_list":["post-156","page","type-page","status-publish","hentry"],"jetpack_sharing_enabled":true,"jetpack_shortlink":"https:\/\/wp.me\/P9cg66-2w","jetpack_likes_enabled":true,"jetpack-related-posts":[{"id":283,"url":"https:\/\/aulanaweb.com\/etefv\/?page_id=283","url_meta":{"origin":156,"position":0},"title":"Espanhol","author":"Equipe Diretiva ETEFV","date":"26\/09\/2017","format":false,"excerpt":"Caros pais e alunos H\u00e1 muito se sabe da import\u00e2ncia de aprender um idioma. E por que o espanhol? A l\u00edngua espanhola \u00e9 a segunda mais falada no mundo. S\u00e3o aproximadamente 406 milh\u00f5es de falantes nativos, uma das l\u00ednguas mais populares na Europa, a segunda mais falada nos Estados Unidos\u2026","rel":"","context":"Post similar","block_context":{"text":"Post similar","link":""},"img":{"alt_text":"","src":"","width":0,"height":0},"classes":[]},{"id":1935,"url":"https:\/\/aulanaweb.com\/etefv\/?page_id=1935","url_meta":{"origin":156,"position":1},"title":"Oficina de Objetos Conectados &#8211; IoT","author":"Equipe Diretiva ETEFV","date":"03\/01\/2022","format":false,"excerpt":"Trata-se de uma oficina de aplica\u00e7\u00e3o do projeto de pesquisa FAPERJ E_11\/2019 que visa \u00e0 adequa\u00e7\u00e3o, \u00e0 moderniza\u00e7\u00e3o e \u00e0 otimiza\u00e7\u00e3o da infraestrutura do Laborat\u00f3rio de Eletr\u00f4nica Especializada, baseado, sobretudo, no emprego do Arduino como ferramenta para a cria\u00e7\u00e3o de experimentos de automa\u00e7\u00e3o e controle. Estes experimentos ser\u00e3o tamb\u00e9m usados\u2026","rel":"","context":"Post similar","block_context":{"text":"Post similar","link":""},"img":{"alt_text":"","src":"https:\/\/i0.wp.com\/aulanaweb.com\/etefv\/wp-content\/uploads\/2022\/01\/assinatura-faetec-_impresso_cor.png?resize=350%2C200&ssl=1","width":350,"height":200,"srcset":"https:\/\/i0.wp.com\/aulanaweb.com\/etefv\/wp-content\/uploads\/2022\/01\/assinatura-faetec-_impresso_cor.png?resize=350%2C200&ssl=1 1x, https:\/\/i0.wp.com\/aulanaweb.com\/etefv\/wp-content\/uploads\/2022\/01\/assinatura-faetec-_impresso_cor.png?resize=525%2C300&ssl=1 1.5x, https:\/\/i0.wp.com\/aulanaweb.com\/etefv\/wp-content\/uploads\/2022\/01\/assinatura-faetec-_impresso_cor.png?resize=700%2C400&ssl=1 2x, https:\/\/i0.wp.com\/aulanaweb.com\/etefv\/wp-content\/uploads\/2022\/01\/assinatura-faetec-_impresso_cor.png?resize=1050%2C600&ssl=1 3x, https:\/\/i0.wp.com\/aulanaweb.com\/etefv\/wp-content\/uploads\/2022\/01\/assinatura-faetec-_impresso_cor.png?resize=1400%2C800&ssl=1 4x"},"classes":[]},{"id":162,"url":"https:\/\/aulanaweb.com\/etefv\/?page_id=162","url_meta":{"origin":156,"position":2},"title":"Centro de Mem\u00f3ria","author":"Equipe Diretiva ETEFV","date":"19\/09\/2017","format":false,"excerpt":"CENTRO DE MEM\u00d3RIA DA ETEFV CONVIDA:OFICINA \"CONHECENDO O ACERVO DA ETEFV ATRAV\u00c9S DA GAMIFICA\u00c7\u00c3O\" (Link) Evento: DATA: 13\/05\/2025 HOR\u00c1RIO: 10h \u00e0s 12h LOCAL: SALA WEB (SALA 137) DESCRI\u00c7\u00c3O: A oficina \u00e9 uma experi\u00eancia pedag\u00f3gica de gamifica\u00e7\u00e3o, que consiste na utiliza\u00e7\u00e3o de jogos como elemento central de aprendizagem. Apresentaremos o jogo\u2026","rel":"","context":"Post similar","block_context":{"text":"Post similar","link":""},"img":{"alt_text":"","src":"https:\/\/i0.wp.com\/aulanaweb.com\/etefv\/wp-content\/uploads\/2024\/06\/imagem_2024-06-26_123845919.png?resize=350%2C200&ssl=1","width":350,"height":200},"classes":[]},{"id":175,"url":"https:\/\/aulanaweb.com\/etefv\/?page_id=175","url_meta":{"origin":156,"position":3},"title":"Infraestrutura","author":"Equipe Diretiva ETEFV","date":"20\/09\/2017","format":false,"excerpt":"LABORAT\u00d3RIOS Laborat\u00f3rios de Eletr\u00f4nica: Laborat\u00f3rio 1 \u2013 capacidade para 20 alunos. Laborat\u00f3rio 2 \u2013 capacidade para 20 alunos. Laborat\u00f3rio 3 \u2013 capacidade para 20 alunos. Laborat\u00f3rio 4 \u2013 capacidade para 20 alunos. Laborat\u00f3rio 5 \u2013 capacidade para 20 alunos. Laborat\u00f3rios de Telecomunica\u00e7\u00f5es: Laborat\u00f3rio 1 \u2013 capacidade para 20 alunos. Laborat\u00f3rio\u2026","rel":"","context":"Post similar","block_context":{"text":"Post similar","link":""},"img":{"alt_text":"","src":"","width":0,"height":0},"classes":[]},{"id":124,"url":"https:\/\/aulanaweb.com\/etefv\/?page_id=124","url_meta":{"origin":156,"position":4},"title":"Supervis\u00e3o Escolar e Orienta\u00e7\u00e3o Educacional","author":"Marta Maria Maciel da Silva","date":"06\/04\/2024","format":false,"excerpt":"Componentes da equipe: Diurno(EMI): EM ATUALIZA\u00c7\u00c3O Noturno (SUBSEQUENTE):Supervis\u00e3o e Orienta\u00e7\u00e3o \u2013 Carolina Em\u00edlia Contatos por e-mail (supervis\u00e3o e orienta\u00e7\u00e3o): EMI: supervisao.edificacoes@etefv.faetec.rj.gov.br supervisao.eletronica@etefv.faetec.rj.gov.br supervisao.mecanica@etefv.faetec.rj.gov.br supervisao.telecomunicacoes@etefv.faetec.rj.gov.br supervisao.eletrotecnica@etefv.faetec.rj.gov.br orientacao.edificacoes@etefv.faetec.rj.gov.br orientacao.eletronica@etefv.faetec.rj.gov.br orientacao.mecanica@etefv.faetec.rj.gov.br orientacao.telecomunicacoes@etefv.faetec.rj.gov.br orientacao.eletrotecnica@etefv.faetec.rj.gov.br Subsequente: supervisao.subsequente@etefv.faetec.rj.gov.br orientacao.subsequente@etefv.faetec.rj.gov.br Principais atribui\u00e7\u00f5es da equipe de Supervis\u00e3o Escolar: Desenvolver pesquisa de campo, promovendo visitas, consultas e debates no\u2026","rel":"","context":"Post similar","block_context":{"text":"Post similar","link":""},"img":{"alt_text":"","src":"","width":0,"height":0},"classes":[]},{"id":173,"url":"https:\/\/aulanaweb.com\/etefv\/?page_id=173","url_meta":{"origin":156,"position":5},"title":"Hist\u00f3ria","author":"Equipe Diretiva ETEFV","date":"20\/09\/2017","format":false,"excerpt":"O que hoje \u00e9 escola, come\u00e7ou como lar de crian\u00e7as abandonadas. Em janeiro de 1888, a imprensa da corte publicou denuncia de que crian\u00e7as estavam convivendo com criminosos e doentes no Asilo de Mendicidade. O asilo ficava onde hoje \u00e9 o Hospital S\u00e3o Francisco de Assis, na Cidade Nova, segundo\u2026","rel":"","context":"Post similar","block_context":{"text":"Post similar","link":""},"img":{"alt_text":"","src":"","width":0,"height":0},"classes":[]}],"_links":{"self":[{"href":"https:\/\/aulanaweb.com\/etefv\/index.php?rest_route=\/wp\/v2\/pages\/156","targetHints":{"allow":["GET"]}}],"collection":[{"href":"https:\/\/aulanaweb.com\/etefv\/index.php?rest_route=\/wp\/v2\/pages"}],"about":[{"href":"https:\/\/aulanaweb.com\/etefv\/index.php?rest_route=\/wp\/v2\/types\/page"}],"author":[{"embeddable":true,"href":"https:\/\/aulanaweb.com\/etefv\/index.php?rest_route=\/wp\/v2\/users\/1"}],"replies":[{"embeddable":true,"href":"https:\/\/aulanaweb.com\/etefv\/index.php?rest_route=%2Fwp%2Fv2%2Fcomments&post=156"}],"version-history":[{"count":0,"href":"https:\/\/aulanaweb.com\/etefv\/index.php?rest_route=\/wp\/v2\/pages\/156\/revisions"}],"up":[{"embeddable":true,"href":"https:\/\/aulanaweb.com\/etefv\/index.php?rest_route=\/wp\/v2\/pages\/44"}],"wp:attachment":[{"href":"https:\/\/aulanaweb.com\/etefv\/index.php?rest_route=%2Fwp%2Fv2%2Fmedia&parent=156"}],"curies":[{"name":"wp","href":"https:\/\/api.w.org\/{rel}","templated":true}]}}