{"id":1500,"date":"2021-03-30T19:29:42","date_gmt":"2021-03-30T22:29:42","guid":{"rendered":"https:\/\/aulanaweb.com\/etefv\/?page_id=1500"},"modified":"2021-04-29T21:02:21","modified_gmt":"2021-04-30T00:02:21","slug":"relacao-de-alunos-2021","status":"publish","type":"page","link":"https:\/\/aulanaweb.com\/etefv\/?page_id=1500","title":{"rendered":"Rela\u00e7\u00e3o de Alunos 2021"},"content":{"rendered":"\n<p><p><a href=\"https:\/\/aulanaweb.com\/etefv\/wp-content\/uploads\/2021\/04\/Turmas2021-Consulta.pdf\" target=\"_blank\" rel=\"noopener noreferrer nofollow\">Clique para acessar o Turmas2021-Consulta.pdf<\/a><\/p><\/p>\n","protected":false},"excerpt":{"rendered":"","protected":false},"author":1,"featured_media":0,"parent":0,"menu_order":0,"comment_status":"closed","ping_status":"closed","template":"","meta":{"jetpack_post_was_ever_published":false,"footnotes":""},"class_list":["post-1500","page","type-page","status-publish","hentry"],"jetpack_sharing_enabled":true,"jetpack_shortlink":"https:\/\/wp.me\/P9cg66-oc","jetpack_likes_enabled":true,"jetpack-related-posts":[{"id":1303,"url":"https:\/\/aulanaweb.com\/etefv\/?page_id=1303","url_meta":{"origin":1500,"position":0},"title":"Orienta\u00e7\u00f5es pedag\u00f3gicas para o per\u00edodo de quarentena volunt\u00e1ria.","author":"Equipe Diretiva ETEFV","date":"26\/03\/2020","format":false,"excerpt":"Disponibizamos a CI CONJUNTA\/FAETEC n\u00ba 001\/2020 que publica as Orienta\u00e7\u00f5es pedag\u00f3gicas para o per\u00edodo de quarentena volunt\u00e1ria por download atrav\u00e9s do link https:\/\/www.aulanaweb.com\/etefv\/wp-content\/uploads\/2020\/03\/CI-CONJUNTA-VPE-DDE-DESUP-N\u00ba001-2020-UNIDADES-Orienta\u00e7\u00f5es-pedag\u00f3gicas-quarentena.pdf ou pode ser visualizada a seguir:","rel":"","context":"Post similar","block_context":{"text":"Post similar","link":""},"img":{"alt_text":"","src":"https:\/\/i0.wp.com\/aulanaweb.com\/etefv\/wp-content\/uploads\/2020\/03\/CI-FAETEC-GDE.png?fit=780%2C400&ssl=1&resize=350%2C200","width":350,"height":200,"srcset":"https:\/\/i0.wp.com\/aulanaweb.com\/etefv\/wp-content\/uploads\/2020\/03\/CI-FAETEC-GDE.png?fit=780%2C400&ssl=1&resize=350%2C200 1x, https:\/\/i0.wp.com\/aulanaweb.com\/etefv\/wp-content\/uploads\/2020\/03\/CI-FAETEC-GDE.png?fit=780%2C400&ssl=1&resize=525%2C300 1.5x, https:\/\/i0.wp.com\/aulanaweb.com\/etefv\/wp-content\/uploads\/2020\/03\/CI-FAETEC-GDE.png?fit=780%2C400&ssl=1&resize=700%2C400 2x"},"classes":[]},{"id":156,"url":"https:\/\/aulanaweb.com\/etefv\/?page_id=156","url_meta":{"origin":1500,"position":1},"title":"Centro de L\u00ednguas","author":"Equipe Diretiva ETEFV","date":"19\/09\/2017","format":false,"excerpt":"O Projeto Centro de L\u00ednguas \u00e9 um projeto da ETEFV que tem como objetivo promover cursos de l\u00ednguas para os alunos da escola, proporcionando um espa\u00e7o onde os alunos participem de um ensino de modo reflexivo, consciente e qualitativo.","rel":"","context":"Post similar","block_context":{"text":"Post similar","link":""},"img":{"alt_text":"","src":"","width":0,"height":0},"classes":[]},{"id":85,"url":"https:\/\/aulanaweb.com\/etefv\/?page_id=85","url_meta":{"origin":1500,"position":2},"title":"Telecomunica\u00e7\u00f5es","author":"Equipe Diretiva ETEFV","date":"19\/09\/2017","format":false,"excerpt":"Docentes Coordenadores (EMI e Subsequente): Professores Ajax Rego, Ericson Ribeiret e Jorge Fernando da Silva - coordenacao.telecomunicacoes.emi@etefv.faetec.rj.gov.br Orientador de Est\u00e1gio: Prof. Sergio Luiz Fernandes O Curso T\u00e9cnico de N\u00edvel M\u00e9dio em Telecomunica\u00e7\u00f5es, do eixo tecnol\u00f3gico de Informa\u00e7\u00e3o e Comunica\u00e7\u00e3o, visa preparar profissionais cidad\u00e3os com conhecimentos t\u00e9cnicos e \u00e9ticos, possuidores de\u2026","rel":"","context":"Post similar","block_context":{"text":"Post similar","link":""},"img":{"alt_text":"","src":"","width":0,"height":0},"classes":[]},{"id":1206,"url":"https:\/\/aulanaweb.com\/etefv\/?page_id=1206","url_meta":{"origin":1500,"position":3},"title":"Volta \u00e0s aulas 2020","author":"Equipe Diretiva ETEFV","date":"04\/02\/2020","format":false,"excerpt":"Todos os alunos do primeiro ano (diurno) dever\u00e3o chegar \u00e0 escola \u00e0s 8h30min no dia 10\/2\/2020, dirigindo-se ao audit\u00f3rio para reuni\u00e3o de apresenta\u00e7\u00e3o. Os alunos do segundo e do terceiro ano (diurno) dever\u00e3o chegar em seus hor\u00e1rios normais de aula, conforme hor\u00e1rio que estar\u00e1 dispon\u00edvel no site na sexta-feira, dia\u2026","rel":"","context":"Post similar","block_context":{"text":"Post similar","link":""},"img":{"alt_text":"","src":"https:\/\/i0.wp.com\/aulanaweb.com\/etefv\/wp-content\/uploads\/2020\/02\/volta-%C3%A0s-aulas-2020.png?fit=780%2C400&ssl=1&resize=350%2C200","width":350,"height":200,"srcset":"https:\/\/i0.wp.com\/aulanaweb.com\/etefv\/wp-content\/uploads\/2020\/02\/volta-%C3%A0s-aulas-2020.png?fit=780%2C400&ssl=1&resize=350%2C200 1x, https:\/\/i0.wp.com\/aulanaweb.com\/etefv\/wp-content\/uploads\/2020\/02\/volta-%C3%A0s-aulas-2020.png?fit=780%2C400&ssl=1&resize=525%2C300 1.5x, https:\/\/i0.wp.com\/aulanaweb.com\/etefv\/wp-content\/uploads\/2020\/02\/volta-%C3%A0s-aulas-2020.png?fit=780%2C400&ssl=1&resize=700%2C400 2x"},"classes":[]},{"id":175,"url":"https:\/\/aulanaweb.com\/etefv\/?page_id=175","url_meta":{"origin":1500,"position":4},"title":"Infraestrutura","author":"Equipe Diretiva ETEFV","date":"20\/09\/2017","format":false,"excerpt":"LABORAT\u00d3RIOS Laborat\u00f3rios de Eletr\u00f4nica: Laborat\u00f3rio 1 \u2013 capacidade para 20 alunos. Laborat\u00f3rio 2 \u2013 capacidade para 20 alunos. Laborat\u00f3rio 3 \u2013 capacidade para 20 alunos. Laborat\u00f3rio 4 \u2013 capacidade para 20 alunos. Laborat\u00f3rio 5 \u2013 capacidade para 20 alunos. Laborat\u00f3rios de Telecomunica\u00e7\u00f5es: Laborat\u00f3rio 1 \u2013 capacidade para 20 alunos. Laborat\u00f3rio\u2026","rel":"","context":"Post similar","block_context":{"text":"Post similar","link":""},"img":{"alt_text":"","src":"","width":0,"height":0},"classes":[]},{"id":583,"url":"https:\/\/aulanaweb.com\/etefv\/?page_id=583","url_meta":{"origin":1500,"position":5},"title":"OBFEP 2018","author":"Equipe Diretiva ETEFV","date":"15\/04\/2018","format":false,"excerpt":"As inscri\u00e7\u00f5es dos alunos da ETEFV para a Olimp\u00edada Brasileira de F\u00edsica das Escolas P\u00fablicas 2018 j\u00e1 est\u00e3o abertas. Para se inscrever basta que cada aluno(a) preencha os dados do formul\u00e1rio at\u00e9 20 de julho. Formul\u00e1rio de inscri\u00e7\u00e3o A prova ser\u00e1 realizada na escola na ter\u00e7a feira dia 14 de\u2026","rel":"","context":"Post similar","block_context":{"text":"Post similar","link":""},"img":{"alt_text":"","src":"https:\/\/i0.wp.com\/aulanaweb.com\/etefv\/wp-content\/uploads\/2018\/04\/OBFEP-2018.png?fit=800%2C420&ssl=1&resize=350%2C200","width":350,"height":200,"srcset":"https:\/\/i0.wp.com\/aulanaweb.com\/etefv\/wp-content\/uploads\/2018\/04\/OBFEP-2018.png?fit=800%2C420&ssl=1&resize=350%2C200 1x, https:\/\/i0.wp.com\/aulanaweb.com\/etefv\/wp-content\/uploads\/2018\/04\/OBFEP-2018.png?fit=800%2C420&ssl=1&resize=525%2C300 1.5x, https:\/\/i0.wp.com\/aulanaweb.com\/etefv\/wp-content\/uploads\/2018\/04\/OBFEP-2018.png?fit=800%2C420&ssl=1&resize=700%2C400 2x"},"classes":[]}],"_links":{"self":[{"href":"https:\/\/aulanaweb.com\/etefv\/index.php?rest_route=\/wp\/v2\/pages\/1500","targetHints":{"allow":["GET"]}}],"collection":[{"href":"https:\/\/aulanaweb.com\/etefv\/index.php?rest_route=\/wp\/v2\/pages"}],"about":[{"href":"https:\/\/aulanaweb.com\/etefv\/index.php?rest_route=\/wp\/v2\/types\/page"}],"author":[{"embeddable":true,"href":"https:\/\/aulanaweb.com\/etefv\/index.php?rest_route=\/wp\/v2\/users\/1"}],"replies":[{"embeddable":true,"href":"https:\/\/aulanaweb.com\/etefv\/index.php?rest_route=%2Fwp%2Fv2%2Fcomments&post=1500"}],"version-history":[{"count":0,"href":"https:\/\/aulanaweb.com\/etefv\/index.php?rest_route=\/wp\/v2\/pages\/1500\/revisions"}],"wp:attachment":[{"href":"https:\/\/aulanaweb.com\/etefv\/index.php?rest_route=%2Fwp%2Fv2%2Fmedia&parent=1500"}],"curies":[{"name":"wp","href":"https:\/\/api.w.org\/{rel}","templated":true}]}}