{"id":142,"date":"2017-09-19T13:58:01","date_gmt":"2017-09-19T16:58:01","guid":{"rendered":"http:\/\/www.aulanaweb.com\/etefv\/?page_id=142"},"modified":"2020-09-26T16:49:52","modified_gmt":"2020-09-26T19:49:52","slug":"grades-curriculares","status":"publish","type":"page","link":"https:\/\/aulanaweb.com\/etefv\/?page_id=142","title":{"rendered":"Grades Curriculares"},"content":{"rendered":"<h5><strong>Grade da modalidade Subsequente &#8211; Curso Noturno<\/strong><\/h5>\n<a href=\"https:\/\/aulanaweb.com\/etefv\/wp-content\/uploads\/2019\/07\/Grade-Eletronica-Subsequente.pdf\" class=\"pdfemb-viewer\" style=\"\" data-width=\"max\" data-height=\"max\" data-toolbar=\"top\" data-toolbar-fixed=\"on\">Grade Eletronica Subsequente<\/a>\n","protected":false},"excerpt":{"rendered":"<p>Grade da modalidade Subsequente &#8211; Curso Noturno<\/p>\n","protected":false},"author":1,"featured_media":0,"parent":62,"menu_order":0,"comment_status":"closed","ping_status":"closed","template":"","meta":{"jetpack_post_was_ever_published":false,"footnotes":""},"class_list":["post-142","page","type-page","status-publish","hentry"],"jetpack_sharing_enabled":true,"jetpack_shortlink":"https:\/\/wp.me\/P9cg66-2i","jetpack_likes_enabled":true,"jetpack-related-posts":[{"id":4286,"url":"https:\/\/aulanaweb.com\/etefv\/?page_id=4286","url_meta":{"origin":142,"position":0},"title":"Matriz Curricular Subsequente","author":"Sebasti\u00e3o Sant\u00b4Anna","date":"26\/09\/2025","format":false,"excerpt":"Edifica\u00e7\u00f5es Eletr\u00f4nica Eletrot\u00e9cnica Mec\u00e2nica Telecomunica\u00e7\u00f5es","rel":"","context":"Post similar","block_context":{"text":"Post similar","link":""},"img":{"alt_text":"","src":"","width":0,"height":0},"classes":[]},{"id":180,"url":"https:\/\/aulanaweb.com\/etefv\/?page_id=180","url_meta":{"origin":142,"position":1},"title":"Fale conosco","author":"Equipe Diretiva ETEFV","date":"20\/09\/2017","format":false,"excerpt":"ATEN\u00c7\u00c3O:\u00a0 OS TELEFONES DA ESCOLA N\u00c3O EST\u00c3O FUNCIONANDO, UTILIZE OS E-MAILS ABAIXO. E-mail da Equipe Diretiva:Dire\u00e7\u00e3o geraldirecao@etefv.faetec.rj.gov.brCoordena\u00e7\u00e3o Adjunta Administrativadirecao.administrativa@etefv.faetec.rj.gov.brCoordena\u00e7\u00e3o Adjunta Pedag\u00f3gicadirecao.pedagogica@etefv.faetec.rj.gov.brCoordena\u00e7\u00e3o Adjunta\u00a0T\u00e9cnicadirecao.tecnica@etefv.faetec.rj.gov.br E-mail da Secretaria Escolar:secretaria@etefv.faetec.rj.gov.br E-mail do N\u00facleo de Pessoal:pessoal@etefv.faetec.rj.gov.br E-mail do Setor de Est\u00e1gio:est\u00e1gio@etefv.faetec.rj.gov.br E-mail dos Coordenadores T\u00e9cnicos ( EMI e Subsequente):\u00a0Coordenador T\u00e9cnico Edifica\u00e7\u00f5es\u00a0coordenacao.edificacoes.emi@etefv.faetec.rj.gov.br\u00a0Coordenador T\u00e9cnico Eletr\u00f4nica\u00a0coordenacao.eletronica.emi@etefv.faetec.rj.gov.br\u00a0Coordenador T\u00e9cnico\u00a0Eletrot\u00e9cnica\u00a0coordenacao.eletrotecnica.emi@etefv.faetec.rj.gov.br\u00a0Coordenador T\u00e9cnico\u2026","rel":"","context":"Post similar","block_context":{"text":"Post similar","link":""},"img":{"alt_text":"","src":"","width":0,"height":0},"classes":[]},{"id":62,"url":"https:\/\/aulanaweb.com\/etefv\/?page_id=62","url_meta":{"origin":142,"position":2},"title":"Eletr\u00f4nica","author":"Equipe Diretiva ETEFV","date":"18\/09\/2017","format":false,"excerpt":"Coordenadores (EMI e Subsequente): Professores Luis Henrique Castro e Sebasti\u00e3o Sant'Anna \u00a0\u00a0- coordenacao.eletronica.emi@etefv.faetec.rj.gov.br Orientador de Est\u00e1gio: Prof. Victor Lima O Curso T\u00e9cnico de N\u00edvel M\u00e9dio em Eletr\u00f4nica, do eixo tecnol\u00f3gico de Controle e Processos Industriais, visa preparar profissionais cidad\u00e3os com conhecimentos t\u00e9cnicos e \u00e9ticos, possuidores de compet\u00eancias e habilidades administrativas,\u2026","rel":"","context":"Post similar","block_context":{"text":"Post similar","link":""},"img":{"alt_text":"","src":"https:\/\/i0.wp.com\/aulanaweb.com\/etefv\/wp-content\/uploads\/2017\/09\/empresa-manutencao-eletronica-industrial-01.jpg?fit=498%2C280&ssl=1&resize=350%2C200","width":350,"height":200},"classes":[]},{"id":1871,"url":"https:\/\/aulanaweb.com\/etefv\/?page_id=1871","url_meta":{"origin":142,"position":3},"title":"Processo seletivo &#8211; FAETEC 2022","author":"Equipe Diretiva ETEFV","date":"09\/12\/2021","format":false,"excerpt":"PROCESSO SELETIVO DE CANDIDATOS PARA INGRESSO NOS CURSOS DE ENSINO T\u00c9CNICO DE N\u00cdVEL M\u00c9DIO NA FORMA DE ORGANIZA\u00c7\u00c3O ARTICULADA: INTEGRADA Vagas ETEFV (diurno): Edifica\u00e7\u00f5es - Diurno\u00a0 - 45 vagas; Eletr\u00f4nica - Diurno - 55 vagas; Eletrot\u00e9cnica - Diurno - 30 vagas; Mec\u00e2nica - Diurno - 35 vagas; Telecomunica\u00e7\u00f5es - Diurno\u2026","rel":"","context":"Post similar","block_context":{"text":"Post similar","link":""},"img":{"alt_text":"","src":"https:\/\/i0.wp.com\/aulanaweb.com\/etefv\/wp-content\/uploads\/2021\/12\/WhatsApp-Image-2021-12-06-at-10.20.18.jpeg?fit=628%2C393&ssl=1&resize=350%2C200","width":350,"height":200,"srcset":"https:\/\/i0.wp.com\/aulanaweb.com\/etefv\/wp-content\/uploads\/2021\/12\/WhatsApp-Image-2021-12-06-at-10.20.18.jpeg?fit=628%2C393&ssl=1&resize=350%2C200 1x, https:\/\/i0.wp.com\/aulanaweb.com\/etefv\/wp-content\/uploads\/2021\/12\/WhatsApp-Image-2021-12-06-at-10.20.18.jpeg?fit=628%2C393&ssl=1&resize=525%2C300 1.5x"},"classes":[]},{"id":126,"url":"https:\/\/aulanaweb.com\/etefv\/?page_id=126","url_meta":{"origin":142,"position":4},"title":"Orienta\u00e7\u00e3o Educacional","author":"Marta Maria Maciel da Silva","date":"19\/09\/2017","format":false,"excerpt":"Componentes da Equipe: Turmas 2023 EMI Supervisoras: SE Maria Rosa: 1111, 1211, 2211, 3111, 1101, 1201, 1202, 2101, 2201, 3101, 3201,1121, 1221 e 2121 SE Patr\u00edcia: 1151, 1151, 1251, 1252, 2151, 3151, 3251, 1141, 1142, 1241, 2241, 3141, 3241,3121 e 3221 Edifica\u00e7\u00f5es (7 turmas)1101 \u2013 C\u00e9lia1201 \u2013 C\u00e9lia1202 \u2013 C\u00e9lia2101\u2026","rel":"","context":"Post similar","block_context":{"text":"Post similar","link":""},"img":{"alt_text":"","src":"","width":0,"height":0},"classes":[]},{"id":136,"url":"https:\/\/aulanaweb.com\/etefv\/?page_id=136","url_meta":{"origin":142,"position":5},"title":"Docentes","author":"Equipe Diretiva ETEFV","date":"19\/09\/2017","format":false,"excerpt":"Alessandro Maia Ceia Eletr\u00f4nica Alexandre Castro de Toledo Santos Eletr\u00f4nica Carlos Andr\u00e9 de Mello Torraca Figueiredo Eletr\u00f4nica Joel Bezerra de Almeida Filho Eletr\u00f4nica Luis Henrique Monteiro de Castro Eletr\u00f4nica Luiz Roberto Franco Fagundes Filho Eletr\u00f4nica Marcelo de Almeida Duarte Eletr\u00f4nica Marcelo Gomes Faria Eletr\u00f4nica Marcelo Herdy Eletr\u00f4nica M\u00e1rcio C\u00e2ndido da\u2026","rel":"","context":"Post similar","block_context":{"text":"Post similar","link":""},"img":{"alt_text":"","src":"","width":0,"height":0},"classes":[]}],"_links":{"self":[{"href":"https:\/\/aulanaweb.com\/etefv\/index.php?rest_route=\/wp\/v2\/pages\/142","targetHints":{"allow":["GET"]}}],"collection":[{"href":"https:\/\/aulanaweb.com\/etefv\/index.php?rest_route=\/wp\/v2\/pages"}],"about":[{"href":"https:\/\/aulanaweb.com\/etefv\/index.php?rest_route=\/wp\/v2\/types\/page"}],"author":[{"embeddable":true,"href":"https:\/\/aulanaweb.com\/etefv\/index.php?rest_route=\/wp\/v2\/users\/1"}],"replies":[{"embeddable":true,"href":"https:\/\/aulanaweb.com\/etefv\/index.php?rest_route=%2Fwp%2Fv2%2Fcomments&post=142"}],"version-history":[{"count":0,"href":"https:\/\/aulanaweb.com\/etefv\/index.php?rest_route=\/wp\/v2\/pages\/142\/revisions"}],"up":[{"embeddable":true,"href":"https:\/\/aulanaweb.com\/etefv\/index.php?rest_route=\/wp\/v2\/pages\/62"}],"wp:attachment":[{"href":"https:\/\/aulanaweb.com\/etefv\/index.php?rest_route=%2Fwp%2Fv2%2Fmedia&parent=142"}],"curies":[{"name":"wp","href":"https:\/\/api.w.org\/{rel}","templated":true}]}}