{"id":128,"date":"2017-09-19T10:28:46","date_gmt":"2017-09-19T13:28:46","guid":{"rendered":"http:\/\/www.aulanaweb.com\/etefv\/?page_id=128"},"modified":"2024-04-30T11:51:54","modified_gmt":"2024-04-30T14:51:54","slug":"setor-de-estagio","status":"publish","type":"page","link":"https:\/\/aulanaweb.com\/etefv\/?page_id=128","title":{"rendered":"Setor de Est\u00e1gio"},"content":{"rendered":"<p>E-mail:<strong><a href=\"mailto:estagio@etefv.faetec.rj.gov.br\">estagio@etefv.faetec.rj.gov.br<\/a><br \/>\n<\/strong><\/p>\n<div dir=\"auto\"><strong>Equipe:<\/strong><\/div>\n<div dir=\"auto\">Agente administrativo: Eliane Silva de Oliveira<\/div>\n<div dir=\"auto\">Professor colaborador: Ant\u00f4nio Jorge Souza de Freitas<\/div>\n<p style=\"text-align: justify;\"><strong>Informa\u00e7\u00f5es importantes:<\/strong><\/p>\n<div style=\"text-align: justify;\" data-canvas-width=\"319.24\"><strong>PER\u00cdODO E FINALIZA\u00c7\u00c3O DO EST\u00c1GIO<\/strong><\/div>\n<div style=\"text-align: justify;\" data-canvas-width=\"682.44\">O est\u00e1gio ter\u00e1 um per\u00edodo de 1 (um) semestre letivo, podendo ser prorrogado por at\u00e9 2 (dois) anos;<\/div>\n<div style=\"text-align: justify;\" data-canvas-width=\"401.02\">A carga hor\u00e1ria m\u00e1xima di\u00e1ria de est\u00e1gio \u00e9 de 6 (seis) horas, somando 30 (trinta) horas semanais;<\/div>\n<div style=\"text-align: justify;\" data-canvas-width=\"682.4999999999999\">No est\u00e1gio na Pr\u00f3pria Rede ou na Pr\u00f3pria U.E., est\u00e1 previsto 4 (quatro) a 6 (seis) horas di\u00e1rias, somando 20 (vinte) a 30 (trinta) horas semanais respectivamente ;<\/div>\n<div style=\"text-align: justify;\" data-canvas-width=\"351.72\">Sendo um ato educativo, o est\u00e1gio n\u00e3o pode exceder 2 (dois) anos de dura\u00e7\u00e3o, com exce\u00e7\u00e3o dos alunos com defici\u00eancia comprovada por laudo m\u00e9dico;<\/div>\n<div style=\"text-align: justify;\" data-canvas-width=\"682.4799999999999\">Ao final do per\u00edodo de est\u00e1gio, o aluno dever\u00e1 apresentar a Ficha de Acompanhamento devidamente preenchida pelo Supervisor T\u00e9cnico da Empresa, com avalia\u00e7\u00e3o positiva, conforme Portaria FAETEC n\u00ba 443\/15:<\/div>\n<div style=\"text-align: justify;\" data-canvas-width=\"156.6\"><em>Artigo 15\u00ba, incisos:<\/em><\/div>\n<div style=\"text-align: justify;\" data-canvas-width=\"19.939999999999998\"><em>IX &#8211; entregar, obrigatoriamente, toda a documenta\u00e7\u00e3o pertinente ao est\u00e1gio fornecida pelo Setor de Est\u00e1gio da Unidade Escolar, em prazo n\u00e3o superior a 30 dias em rela\u00e7\u00e3o \u00e0 data de t\u00e9rmino do est\u00e1gio prevista no termo de compromisso, bem como no ato da rescis\u00e3o;<\/em><\/div>\n<div style=\"text-align: justify;\" data-canvas-width=\"14.919999999999998\"><em>X &#8211; apresentar uma declara\u00e7\u00e3o da concedente, em papel timbrado, na qual dever\u00e1 constar o per\u00edodo de realiza\u00e7\u00e3o do est\u00e1gio, a descri\u00e7\u00e3o das atividades exercidas e o total de horas cumpridas, caso tenha ultrapassado o prazo de entrega da ficha de avalia\u00e7\u00e3o de frequ\u00eancia no setor de est\u00e1gio. Essa declara\u00e7\u00e3o dever\u00e1 estar com data atualizada e ser entregue no prazo m\u00e1ximo de 30 (trinta) dias a contar da data da declara\u00e7\u00e3o ao Professor Orientador\/Coordenador T\u00e9cnico.<\/em><\/div>\n<div style=\"text-align: justify;\" data-canvas-width=\"319.2600000000001\"><\/div>\n<div data-canvas-width=\"319.2600000000001\">\n<div style=\"text-align: justify;\" data-canvas-width=\"249.33999999999995\"><strong>CANCELAMENTO DE EST\u00c1GIO<\/strong><\/div>\n<div style=\"text-align: justify;\" data-canvas-width=\"682.4200000000003\">O cancelamento do est\u00e1gio curricular pode ser anunciado pela concedente ou pelo aluno. Para efetiv\u00e1-lo, o anunciante dever\u00e1 apresentar um documento justificando o cancelamento, ap\u00f3s an\u00e1lise do coordenador t\u00e9cnico;<\/div>\n<div style=\"text-align: justify;\" data-canvas-width=\"367.21999999999997\">No caso do aluno que quiser cancelar o est\u00e1gio, lembramos que s\u00f3 poder\u00e1 ser feito por extrema necessidade, a pedido do estagi\u00e1rio, at\u00e9 o prazo m\u00e1ximo de \u00bc(um quarto) da carga hor\u00e1ria m\u00ednima de est\u00e1gio prevista na matriz curricular do seu curso.<\/div>\n<div data-canvas-width=\"358.9\"><\/div>\n<div style=\"text-align: justify;\" data-canvas-width=\"358.9\"><strong>EST\u00c1GIO PROFISSIONAL SUPERVISIONADO<\/strong><\/div>\n<div style=\"text-align: justify;\" data-canvas-width=\"114.41999999999999\">Para os alunos matriculados a partir de 2013, o est\u00e1gio passa a ser opcional, exceto para os cursos de Enfermagem. Nesta situa\u00e7\u00e3o, caso o seu curso tenha em sua matriz curricular que o est\u00e1gio \u00e9 n\u00e3o obrigat\u00f3rio (opcional), voc\u00ea dever\u00e1 optar por fazer ou n\u00e3o o est\u00e1gio.<\/div>\n<div style=\"text-align: justify;\" data-canvas-width=\"98.06\">Neste caso:<\/div>\n<div style=\"text-align: justify;\" data-canvas-width=\"60.86000000000001\"><em>Art. 5\u00ba &#8211; O aluno poder\u00e1 optar pela realiza\u00e7\u00e3o do Est\u00e1gio Profissional Supervisionado, atrav\u00e9s de formul\u00e1rio espec\u00edfico<\/em><\/div>\n<div style=\"text-align: justify;\" data-canvas-width=\"60.86000000000001\"><em>&#8211; Termo de op\u00e7\u00e3o para realiza\u00e7\u00e3o de Est\u00e1gio Profissional Supervisionado (Anexo \u00danico).<\/em><\/div>\n<div style=\"text-align: justify;\" data-canvas-width=\"41.47999999999999\"><em>\u00a7 1\u00ba &#8211; No caso de aluno menor de de zoito anos, o respons\u00e1vel legal dever\u00e1 assinar obrigatoriamente o Termo de op\u00e7\u00e3o para realiza\u00e7\u00e3o de Est\u00e1gio Profissional Supervisionado.<\/em><\/div>\n<div style=\"text-align: justify;\" data-canvas-width=\"68.26\"><em>Art. 30 &#8211; O aluno que optou por realizar o Est\u00e1gio Profissional Supervisionado poder\u00e1 rever sua op\u00e7\u00e3o a qualquer momento. Neste caso, o aluno ou representante legal dever\u00e1 protocolar declara\u00e7\u00e3o manifestando o desejo de n\u00e3o mais realizar o est\u00e1gio no Setor de Est\u00e1gio da Unidade Escolar.<\/em><\/div>\n<div style=\"text-align: justify;\" data-canvas-width=\"136.64000000000001\"><em>Par\u00e1grafo \u00danico &#8211; A carga hor\u00e1ria de est\u00e1gio realizada pelo aluno at\u00e9 o momento da desist\u00eancia, n\u00e3o poder\u00e1 ser computada no Hist\u00f3rico Escolar e Diploma. (Portaria FAETEC n\u00ba 443\/15)<\/em><\/div>\n<div>\n<div data-canvas-width=\"180.26479999999998\"><\/div>\n<div style=\"text-align: justify;\" data-canvas-width=\"180.26479999999998\"><em><strong>ALUNO TRABALHADOR<\/strong><\/em><\/div>\n<div style=\"text-align: justify;\" data-canvas-width=\"712.4112000000001\"><em>Voc\u00ea que trabalha e deseja aproveitar sua carga hor\u00e1ria de trabalho como hora de est\u00e1gio, poder\u00e1 faz\u00ea-lo desde que sua atividade esteja relacionada ao seu curso. Neste caso, voc\u00ea dever\u00e1 comprovar v\u00ednculo com uma empresa juridicamente constitu\u00edda, ou seja,devidamente registrada, cumprindo e apresentando os seguintes requisitos:<\/em><\/div>\n<div style=\"text-align: justify;\" data-canvas-width=\"117.42880000000004\"><em>Art. 27: Inciso I &#8211; O aluno trabalhador dever\u00e1:<\/em><\/div>\n<div style=\"text-align: justify;\" data-canvas-width=\"34.51839999999999\"><em>\u00a7 1\u00ba-Comprovar v\u00ednculo com empresa juridicamente constitu\u00edda;<\/em><\/div>\n<div style=\"text-align: justify;\" data-canvas-width=\"34.51839999999999\"><em>\u00a7 2\u00ba-A atividade dever\u00e1 estar relacionada ao curso;<\/em><\/div>\n<div style=\"text-align: justify;\" data-canvas-width=\"35.916799999999995\"><em>\u00a7 3\u00ba-Apresentar documenta\u00e7\u00e3o que comprove v\u00ednculo empregat\u00edcio, declara\u00e7\u00e3o com as atividades desenvolvidas na empresa e declara\u00e7\u00e3o de carga hor\u00e1ria;<\/em><\/div>\n<div style=\"text-align: justify;\" data-canvas-width=\"34.51839999999999\"><em>\u00a7 4\u00ba-O aluno dever\u00e1 ter um supervisor na empresa que assine seus documentos;<\/em><\/div>\n<div style=\"text-align: justify;\" data-canvas-width=\"37.68319999999999\"><em>\u00a7 5\u00ba-O aluno dever\u00e1 comprovar a carga hor\u00e1ria de 960h, por meio dos seguintes documentos: ponto, declara\u00e7\u00e3o ou documento similar; e<\/em><\/div>\n<div style=\"text-align: justify;\" data-canvas-width=\"35.696\"><em>\u00a7 6\u00ba-Ao final do est\u00e1gio, o aluno trabalhador dever\u00e1 entregar ao setor de Est\u00e1gio da Unidade Escolar declara\u00e7\u00e3o das atividades que foram efetivamente desempenhadas e um relat\u00f3rio t\u00e9cnico de seu est\u00e1gio. (Portaria FAETEC n\u00ba 443\/15)<\/em><\/div>\n<div data-canvas-width=\"35.696\"><\/div>\n<div style=\"text-align: justify;\" data-canvas-width=\"712.3375999999995\"><em>Ao final do est\u00e1gio, dever\u00e1 entregar ao setor de Est\u00e1gio da Unidade Escolar uma declara\u00e7\u00e3o das atividades que foram efetivamente desempenhadas e um relat\u00f3rio t\u00e9cnico.<\/em><\/div>\n<div style=\"text-align: justify;\" data-canvas-width=\"712.2456000000001\"><em>O aluno que tenha uma microempresa com s\u00f3cios seguir\u00e1 os mesmos procedimentos, desde<\/em><\/div>\n<div style=\"text-align: justify;\" data-canvas-width=\"28.3632\"><em>que atenda ao que trata a Portaria Faetec n\u00ba 443\/15:<\/em><\/div>\n<div style=\"text-align: justify;\" data-canvas-width=\"137.39280000000005\"><em>Art. 27: Inciso II\u2013O aluno que possuir ou participar de alguma forma de uma microempresa poder\u00e1 requerer an\u00e1lise junto ao setor de est\u00e1gio da sua unidade escolar sobre a possibilidade de estagiar na mesma , desde que haja um profissional com forma\u00e7\u00e3o t\u00e9cnica de n\u00edvel m\u00e9dio ou superior na \u00e1rea do curso do aluno. Sendo assim, ser\u00e3o adotados os mesmos procedimentos descritos nesta portaria em especial o inciso I, \u00a7 de 1 a 4.<\/em><\/div>\n<div style=\"text-align: justify;\" data-canvas-width=\"712.4848000000002\"><em><strong>Aten\u00e7\u00e3o: N\u00e3o ser\u00e1 aceito o aproveitamento de carga hor\u00e1ria e\/ou atividade para fins de est\u00e1gio para o microempreendedor individual e\/ou profissional liberal (aut\u00f4nomo).<\/strong><\/em><\/div>\n<div style=\"text-align: justify;\" data-canvas-width=\"187.75359999999998\"><em>Art. 27: Par\u00e1grafo \u00danico: \u00c9 vedado o aproveitamento de carga hor\u00e1ria e\/ou atividade para fins de est\u00e1gio para o microempreendedor individual e\/ou profissional liberal (aut\u00f4nomo).<\/em><\/div>\n<\/div>\n<\/div>\n","protected":false},"excerpt":{"rendered":"<p>E-mail:estagio@etefv.faetec.rj.gov.br Equipe: Agente administrativo: Eliane Silva de Oliveira Professor colaborador: Ant\u00f4nio Jorge Souza de Freitas Informa\u00e7\u00f5es importantes: PER\u00cdODO E FINALIZA\u00c7\u00c3O DO EST\u00c1GIO O est\u00e1gio ter\u00e1 um per\u00edodo de 1 (um)&#8230; <\/p>\n","protected":false},"author":6,"featured_media":0,"parent":0,"menu_order":0,"comment_status":"closed","ping_status":"closed","template":"","meta":{"jetpack_post_was_ever_published":false,"footnotes":""},"class_list":["post-128","page","type-page","status-publish","hentry"],"jetpack_sharing_enabled":true,"jetpack_shortlink":"https:\/\/wp.me\/P9cg66-24","jetpack_likes_enabled":true,"jetpack-related-posts":[{"id":499,"url":"https:\/\/aulanaweb.com\/etefv\/?page_id=499","url_meta":{"origin":128,"position":0},"title":"Calend\u00e1rio de Reuni\u00f5es de Est\u00e1gio 2020","author":"Leila Pereira","date":"06\/03\/2018","format":false,"excerpt":"M\u00eas EDI (A a K) EDI (L a Z)\u00a0 ELO ELE MEC TEL JAN \u00a0XX XX XX \u00a0XX \u00a0XX \u00a0XX FEV 10 \/ 14 24 \/ 28 18 ASD 3 \/ 5 18 MAR 9 \/ 13 23 \/ 27 10 ASD 2 \/ 4 17 ABR 6 \/ 10\u2026","rel":"","context":"Post similar","block_context":{"text":"Post similar","link":""},"img":{"alt_text":"","src":"","width":0,"height":0},"classes":[]},{"id":126,"url":"https:\/\/aulanaweb.com\/etefv\/?page_id=126","url_meta":{"origin":128,"position":1},"title":"Orienta\u00e7\u00e3o Educacional","author":"Marta Maria Maciel da Silva","date":"19\/09\/2017","format":false,"excerpt":"Componentes da Equipe: Turmas 2023 EMI Supervisoras: SE Maria Rosa: 1111, 1211, 2211, 3111, 1101, 1201, 1202, 2101, 2201, 3101, 3201,1121, 1221 e 2121 SE Patr\u00edcia: 1151, 1151, 1251, 1252, 2151, 3151, 3251, 1141, 1142, 1241, 2241, 3141, 3241,3121 e 3221 Edifica\u00e7\u00f5es (7 turmas)1101 \u2013 C\u00e9lia1201 \u2013 C\u00e9lia1202 \u2013 C\u00e9lia2101\u2026","rel":"","context":"Post similar","block_context":{"text":"Post similar","link":""},"img":{"alt_text":"","src":"","width":0,"height":0},"classes":[]},{"id":40,"url":"https:\/\/aulanaweb.com\/etefv\/?page_id=40","url_meta":{"origin":128,"position":2},"title":"Setores Escolares","author":"Equipe Diretiva ETEFV","date":"18\/09\/2017","format":false,"excerpt":"Setores Escolares: Supervis\u00e3o Escolar e Orienta\u00e7\u00e3o Educacional Psicologia Escolar Educa\u00e7\u00e3o Especial Setor de Est\u00e1gio Biblioteca","rel":"","context":"Post similar","block_context":{"text":"Post similar","link":""},"img":{"alt_text":"","src":"","width":0,"height":0},"classes":[]},{"id":124,"url":"https:\/\/aulanaweb.com\/etefv\/?page_id=124","url_meta":{"origin":128,"position":3},"title":"Supervis\u00e3o Escolar e Orienta\u00e7\u00e3o Educacional","author":"Marta Maria Maciel da Silva","date":"06\/04\/2024","format":false,"excerpt":"Componentes da equipe: Diurno(EMI): EM ATUALIZA\u00c7\u00c3O Noturno (SUBSEQUENTE):Supervis\u00e3o e Orienta\u00e7\u00e3o \u2013 Carolina Em\u00edlia Contatos por e-mail (supervis\u00e3o e orienta\u00e7\u00e3o): EMI: supervisao.edificacoes@etefv.faetec.rj.gov.br supervisao.eletronica@etefv.faetec.rj.gov.br supervisao.mecanica@etefv.faetec.rj.gov.br supervisao.telecomunicacoes@etefv.faetec.rj.gov.br supervisao.eletrotecnica@etefv.faetec.rj.gov.br orientacao.edificacoes@etefv.faetec.rj.gov.br orientacao.eletronica@etefv.faetec.rj.gov.br orientacao.mecanica@etefv.faetec.rj.gov.br orientacao.telecomunicacoes@etefv.faetec.rj.gov.br orientacao.eletrotecnica@etefv.faetec.rj.gov.br Subsequente: supervisao.subsequente@etefv.faetec.rj.gov.br orientacao.subsequente@etefv.faetec.rj.gov.br Principais atribui\u00e7\u00f5es da equipe de Supervis\u00e3o Escolar: Desenvolver pesquisa de campo, promovendo visitas, consultas e debates no\u2026","rel":"","context":"Post similar","block_context":{"text":"Post similar","link":""},"img":{"alt_text":"","src":"","width":0,"height":0},"classes":[]},{"id":180,"url":"https:\/\/aulanaweb.com\/etefv\/?page_id=180","url_meta":{"origin":128,"position":4},"title":"Fale conosco","author":"Equipe Diretiva ETEFV","date":"20\/09\/2017","format":false,"excerpt":"ATEN\u00c7\u00c3O:\u00a0 OS TELEFONES DA ESCOLA N\u00c3O EST\u00c3O FUNCIONANDO, UTILIZE OS E-MAILS ABAIXO. E-mail da Equipe Diretiva:Dire\u00e7\u00e3o geraldirecao@etefv.faetec.rj.gov.brCoordena\u00e7\u00e3o Adjunta Administrativadirecao.administrativa@etefv.faetec.rj.gov.brCoordena\u00e7\u00e3o Adjunta Pedag\u00f3gicadirecao.pedagogica@etefv.faetec.rj.gov.brCoordena\u00e7\u00e3o Adjunta\u00a0T\u00e9cnicadirecao.tecnica@etefv.faetec.rj.gov.br E-mail da Secretaria Escolar:secretaria@etefv.faetec.rj.gov.br E-mail do N\u00facleo de Pessoal:pessoal@etefv.faetec.rj.gov.br E-mail do Setor de Est\u00e1gio:est\u00e1gio@etefv.faetec.rj.gov.br E-mail dos Coordenadores T\u00e9cnicos ( EMI e Subsequente):\u00a0Coordenador T\u00e9cnico Edifica\u00e7\u00f5es\u00a0coordenacao.edificacoes.emi@etefv.faetec.rj.gov.br\u00a0Coordenador T\u00e9cnico Eletr\u00f4nica\u00a0coordenacao.eletronica.emi@etefv.faetec.rj.gov.br\u00a0Coordenador T\u00e9cnico\u00a0Eletrot\u00e9cnica\u00a0coordenacao.eletrotecnica.emi@etefv.faetec.rj.gov.br\u00a0Coordenador T\u00e9cnico\u2026","rel":"","context":"Post similar","block_context":{"text":"Post similar","link":""},"img":{"alt_text":"","src":"","width":0,"height":0},"classes":[]},{"id":79,"url":"https:\/\/aulanaweb.com\/etefv\/?page_id=79","url_meta":{"origin":128,"position":5},"title":"Mec\u00e2nica","author":"Equipe Diretiva ETEFV","date":"19\/09\/2017","format":false,"excerpt":"Docentes Coordenadores (EMI e Subsequente): Professores Arnaldo Costa Freitas, Evandro Paulo de Oliveira e Nelson Roberto de Albuquerque Bezerra - coordenacao.mecanica.emi@etefv.faetec.rj.gov.br Orientador de Est\u00e1gio: Prof.\u00a0Pedro Paulo Barbosa Leite. O Curso T\u00e9cnico de N\u00edvel M\u00e9dio em Mec\u00e2nica, do eixo tecnol\u00f3gico de Controle e Processos Industriais, visa preparar profissionais cidad\u00e3os com conhecimentos\u2026","rel":"","context":"Post similar","block_context":{"text":"Post similar","link":""},"img":{"alt_text":"","src":"https:\/\/i0.wp.com\/aulanaweb.com\/etefv\/wp-content\/uploads\/2017\/09\/desenho-mec%C3%A2nico.jpg?fit=640%2C339&ssl=1&resize=350%2C200","width":350,"height":200,"srcset":"https:\/\/i0.wp.com\/aulanaweb.com\/etefv\/wp-content\/uploads\/2017\/09\/desenho-mec%C3%A2nico.jpg?fit=640%2C339&ssl=1&resize=350%2C200 1x, https:\/\/i0.wp.com\/aulanaweb.com\/etefv\/wp-content\/uploads\/2017\/09\/desenho-mec%C3%A2nico.jpg?fit=640%2C339&ssl=1&resize=525%2C300 1.5x"},"classes":[]}],"_links":{"self":[{"href":"https:\/\/aulanaweb.com\/etefv\/index.php?rest_route=\/wp\/v2\/pages\/128","targetHints":{"allow":["GET"]}}],"collection":[{"href":"https:\/\/aulanaweb.com\/etefv\/index.php?rest_route=\/wp\/v2\/pages"}],"about":[{"href":"https:\/\/aulanaweb.com\/etefv\/index.php?rest_route=\/wp\/v2\/types\/page"}],"author":[{"embeddable":true,"href":"https:\/\/aulanaweb.com\/etefv\/index.php?rest_route=\/wp\/v2\/users\/6"}],"replies":[{"embeddable":true,"href":"https:\/\/aulanaweb.com\/etefv\/index.php?rest_route=%2Fwp%2Fv2%2Fcomments&post=128"}],"version-history":[{"count":4,"href":"https:\/\/aulanaweb.com\/etefv\/index.php?rest_route=\/wp\/v2\/pages\/128\/revisions"}],"predecessor-version":[{"id":3313,"href":"https:\/\/aulanaweb.com\/etefv\/index.php?rest_route=\/wp\/v2\/pages\/128\/revisions\/3313"}],"wp:attachment":[{"href":"https:\/\/aulanaweb.com\/etefv\/index.php?rest_route=%2Fwp%2Fv2%2Fmedia&parent=128"}],"curies":[{"name":"wp","href":"https:\/\/api.w.org\/{rel}","templated":true}]}}