{"id":124,"date":"2024-04-06T18:27:18","date_gmt":"2024-04-06T21:27:18","guid":{"rendered":"http:\/\/www.aulanaweb.com\/etefv\/?page_id=124"},"modified":"2025-08-20T11:10:18","modified_gmt":"2025-08-20T14:10:18","slug":"supervisao-educacional","status":"publish","type":"page","link":"https:\/\/aulanaweb.com\/etefv\/?page_id=124","title":{"rendered":"Supervis\u00e3o Escolar e Orienta\u00e7\u00e3o Educacional"},"content":{"rendered":"\n<p><strong>Componentes da equipe:<\/strong><\/p>\n\n\n\n<p>Diurno(EMI): EM ATUALIZA\u00c7\u00c3O<\/p>\n\n\n\n<p>N<strong>oturno (SUBSEQUENTE<\/strong>):<br>Supervis\u00e3o e Orienta\u00e7\u00e3o \u2013 Carolina Em\u00edlia<\/p>\n\n\n\n<p><\/p>\n\n\n\n<p><strong>Contatos por e-mail (supervis\u00e3o e orienta\u00e7\u00e3o):<\/strong><\/p>\n\n\n\n<p>EMI:<\/p>\n\n\n\n<ul class=\"wp-block-list\">\n<li>supervisao.edificacoes@etefv.faetec.rj.gov.br<\/li>\n\n\n\n<li>supervisao.eletronica@etefv.faetec.rj.gov.br<\/li>\n\n\n\n<li>supervisao.mecanica@etefv.faetec.rj.gov.br<\/li>\n\n\n\n<li>supervisao.telecomunicacoes@etefv.faetec.rj.gov.br<\/li>\n\n\n\n<li>supervisao.eletrotecnica@etefv.faetec.rj.gov.br<\/li>\n\n\n\n<li>orientacao.edificacoes@etefv.faetec.rj.gov.br<\/li>\n\n\n\n<li>orientacao.eletronica@etefv.faetec.rj.gov.br<\/li>\n\n\n\n<li>orientacao.mecanica@etefv.faetec.rj.gov.br<\/li>\n\n\n\n<li>orientacao.telecomunicacoes@etefv.faetec.rj.gov.br<\/li>\n\n\n\n<li>orientacao.eletrotecnica@etefv.faetec.rj.gov.br<\/li>\n<\/ul>\n\n\n\n<p>Subsequente:<\/p>\n\n\n\n<ul class=\"wp-block-list\">\n<li>supervisao.subsequente@etefv.faetec.rj.gov.br<\/li>\n\n\n\n<li>orientacao.subsequente@etefv.faetec.rj.gov.br<\/li>\n<\/ul>\n\n\n\n<p><\/p>\n\n\n\n<p><strong>Principais atribui\u00e7\u00f5es da equipe de Supervis\u00e3o Escolar:<\/strong><\/p>\n\n\n\n<ul class=\"wp-block-list\">\n<li>Desenvolver pesquisa de campo, promovendo visitas, consultas e debates no sentido s\u00f3cio\u2013econ\u00f4mico educativo, para cientificar\u2013se dos recursos, problemas e necessidades de \u00e1rea educacional de sua responsabilidade;<\/li>\n<\/ul>\n\n\n\n<ul class=\"wp-block-list\">\n<li>Orientar o corpo docente no desenvolvimento de suas potencialidades profissionais, assessorando \u2013 o t\u00e9cnica e pedagogicamente para incentivar\u2013lhe a criatividade, o esp\u00edrito de autocr\u00edtica, o esp\u00edrito de equipe e a busca de aperfei\u00e7oamento;<\/li>\n<\/ul>\n\n\n\n<ul class=\"wp-block-list\">\n<li>Avaliar o processo ensino \u2013 aprendizagem, examinando relat\u00f3rios ou participando de conselhos de classe, para aferir a validade dos processos de ensino;<\/li>\n<\/ul>\n\n\n\n<ul class=\"wp-block-list\">\n<li>Participar da elabora\u00e7\u00e3o do projeto educacional da Unidade Escolar;<\/li>\n<\/ul>\n\n\n\n<ul class=\"wp-block-list\">\n<li>Coordenar o processo de elabora\u00e7\u00e3o dos planos de ensino;<\/li>\n<\/ul>\n\n\n\n<ul class=\"wp-block-list\">\n<li>Promover a articula\u00e7\u00e3o entre os diversos segmentos que atuam no contexto pedag\u00f3gico e dos diferentes componentes curriculares;<\/li>\n<\/ul>\n\n\n\n<ul class=\"wp-block-list\">\n<li>Coordenar os debates sobre as bases te\u00f3rico \u2013 metodol\u00f3gicos do projeto pedag\u00f3gico;<\/li>\n<\/ul>\n\n\n\n<ul class=\"wp-block-list\">\n<li>Acompanhar o trabalho desenvolvido em salas de aulas, oficinas, laborat\u00f3rios etc., propondo alternativas de aproveitamento profissional;<\/li>\n<\/ul>\n\n\n\n<ul class=\"wp-block-list\">\n<li>Participar da defini\u00e7\u00e3o de estrat\u00e9gias que visam a efetiva melhoria do desempenho das turmas, dos alunos e dos profissionais envolvidos no projeto pedag\u00f3gico; e<\/li>\n\n\n\n<li>Assessorar e acompanhar o trabalho estat\u00edstico da secretaria escolar.<\/li>\n<\/ul>\n\n\n\n<p><\/p>\n\n\n\n<p><strong>Principais atividades da equipe de Orienta\u00e7\u00e3o Educacional:<\/strong><\/p>\n\n\n\n<ul class=\"wp-block-list\">\n<li>participar da discuss\u00e3o do Projeto Pedag\u00f3gico da escola;<\/li>\n<\/ul>\n\n\n\n<ul class=\"wp-block-list\">\n<li>coordenar, orientar e acompanhar as a\u00e7\u00f5es espec\u00edficas da \u00e1rea de Est\u00e1gio dos cursos t\u00e9cnicos oferecidos pela escola, quando for o caso;<\/li>\n<\/ul>\n\n\n\n<ul class=\"wp-block-list\">\n<li>elaborar o plano anual de trabalho considerando as necessidades do conjunto dos alunos a serem atendidos e as normas referentes ao est\u00e1gio curricular oriundas da FAETEC, quando for o caso;<\/li>\n<\/ul>\n\n\n\n<ul class=\"wp-block-list\">\n<li>emitir parecer em mat\u00e9ria de sua compet\u00eancia;<\/li>\n<\/ul>\n\n\n\n<ul class=\"wp-block-list\">\n<li>participar do planejamento, acompanhamento e avalia\u00e7\u00e3o do Curr\u00edculo da escola;<\/li>\n<\/ul>\n\n\n\n<ul class=\"wp-block-list\">\n<li>participar das reuni\u00f5es convocadas pela FAETEC;<\/li>\n<\/ul>\n\n\n\n<ul class=\"wp-block-list\">\n<li>participar da defini\u00e7\u00e3o de estrat\u00e9gias que visem a efetiva melhoria do desempenho das turmas, dos alunos e dos profissionais envolvidos no trabalho pedag\u00f3gico;<\/li>\n<\/ul>\n\n\n\n<ul class=\"wp-block-list\">\n<li>elaborar relat\u00f3rios do trabalho desenvolvido;<\/li>\n<\/ul>\n\n\n\n<ul class=\"wp-block-list\">\n<li>participar de reuni\u00f5es promovidas pela escola com os pais e\/ou respons\u00e1veis visando maior integra\u00e7\u00e3o, como tamb\u00e9m o acompanhamento mais efetivo do aproveitamento do aluno;&nbsp;e<\/li>\n\n\n\n<li>acompanhar na escola as atividades de est\u00e1gio em Orienta\u00e7\u00e3o Educacional.<\/li>\n<\/ul>\n\n\n\n<p><\/p>\n\n\n\n<p><\/p>\n\n\n\n<p><\/p>\n","protected":false},"excerpt":{"rendered":"<p>Componentes da equipe: Diurno(EMI): EM ATUALIZA\u00c7\u00c3O Noturno (SUBSEQUENTE):Supervis\u00e3o e Orienta\u00e7\u00e3o \u2013 Carolina Em\u00edlia Contatos por e-mail (supervis\u00e3o e orienta\u00e7\u00e3o): EMI: Subsequente: Principais atribui\u00e7\u00f5es da equipe de Supervis\u00e3o Escolar: Principais atividades&#8230; <\/p>\n","protected":false},"author":5,"featured_media":0,"parent":40,"menu_order":0,"comment_status":"closed","ping_status":"closed","template":"","meta":{"jetpack_post_was_ever_published":false,"footnotes":""},"class_list":["post-124","page","type-page","status-publish","hentry"],"jetpack_sharing_enabled":true,"jetpack_shortlink":"https:\/\/wp.me\/P9cg66-20","jetpack_likes_enabled":true,"jetpack-related-posts":[{"id":180,"url":"https:\/\/aulanaweb.com\/etefv\/?page_id=180","url_meta":{"origin":124,"position":0},"title":"Fale conosco","author":"Equipe Diretiva ETEFV","date":"20\/09\/2017","format":false,"excerpt":"ATEN\u00c7\u00c3O:\u00a0 OS TELEFONES DA ESCOLA N\u00c3O EST\u00c3O FUNCIONANDO, UTILIZE OS E-MAILS ABAIXO. E-mail da Equipe Diretiva:Dire\u00e7\u00e3o geraldirecao@etefv.faetec.rj.gov.brCoordena\u00e7\u00e3o Adjunta Administrativadirecao.administrativa@etefv.faetec.rj.gov.brCoordena\u00e7\u00e3o Adjunta Pedag\u00f3gicadirecao.pedagogica@etefv.faetec.rj.gov.brCoordena\u00e7\u00e3o Adjunta\u00a0T\u00e9cnicadirecao.tecnica@etefv.faetec.rj.gov.br E-mail da Secretaria Escolar:secretaria@etefv.faetec.rj.gov.br E-mail do N\u00facleo de Pessoal:pessoal@etefv.faetec.rj.gov.br E-mail do Setor de Est\u00e1gio:est\u00e1gio@etefv.faetec.rj.gov.br E-mail dos Coordenadores T\u00e9cnicos ( EMI e Subsequente):\u00a0Coordenador T\u00e9cnico Edifica\u00e7\u00f5es\u00a0coordenacao.edificacoes.emi@etefv.faetec.rj.gov.br\u00a0Coordenador T\u00e9cnico Eletr\u00f4nica\u00a0coordenacao.eletronica.emi@etefv.faetec.rj.gov.br\u00a0Coordenador T\u00e9cnico\u00a0Eletrot\u00e9cnica\u00a0coordenacao.eletrotecnica.emi@etefv.faetec.rj.gov.br\u00a0Coordenador T\u00e9cnico\u2026","rel":"","context":"Post similar","block_context":{"text":"Post similar","link":""},"img":{"alt_text":"","src":"","width":0,"height":0},"classes":[]},{"id":126,"url":"https:\/\/aulanaweb.com\/etefv\/?page_id=126","url_meta":{"origin":124,"position":1},"title":"Orienta\u00e7\u00e3o Educacional","author":"Marta Maria Maciel da Silva","date":"19\/09\/2017","format":false,"excerpt":"Componentes da Equipe: Turmas 2023 EMI Supervisoras: SE Maria Rosa: 1111, 1211, 2211, 3111, 1101, 1201, 1202, 2101, 2201, 3101, 3201,1121, 1221 e 2121 SE Patr\u00edcia: 1151, 1151, 1251, 1252, 2151, 3151, 3251, 1141, 1142, 1241, 2241, 3141, 3241,3121 e 3221 Edifica\u00e7\u00f5es (7 turmas)1101 \u2013 C\u00e9lia1201 \u2013 C\u00e9lia1202 \u2013 C\u00e9lia2101\u2026","rel":"","context":"Post similar","block_context":{"text":"Post similar","link":""},"img":{"alt_text":"","src":"","width":0,"height":0},"classes":[]},{"id":178,"url":"https:\/\/aulanaweb.com\/etefv\/?page_id=178","url_meta":{"origin":124,"position":2},"title":"Dire\u00e7\u00e3o","author":"Equipe Diretiva ETEFV","date":"20\/09\/2017","format":false,"excerpt":"Diretora Geral:Gabriela Farah Dias - Professor I - Qu\u00edmica - direcao@etefv.faetec.rj.gov.br Equipe: K\u00e1tia Maria Pereira Dutra - Professora I - Matem\u00e1tica - Cogestor - direcao.administrativa@etefv.faetec.rj.gov.br Luis Henrique Monteiro de Castro - Professor I - Eletr\u00f4nica - Coordenador Adjunto T\u00e9cnico - direcao.tecnica@etefv.faetec.rj.gov.br Cl\u00f3vis e Ana Maria - Coordenador Adjunto Pedag\u00f3gico -\u2026","rel":"","context":"Post similar","block_context":{"text":"Post similar","link":""},"img":{"alt_text":"","src":"","width":0,"height":0},"classes":[]},{"id":38,"url":"https:\/\/aulanaweb.com\/etefv\/?page_id=38","url_meta":{"origin":124,"position":3},"title":"Ensino M\u00e9dio","author":"Equipe Diretiva ETEFV","date":"18\/09\/2017","format":false,"excerpt":"O ensino m\u00e9dio \u00e9 a etapa final de uma educa\u00e7\u00e3o de car\u00e1ter geral, afinada com a contemporaneidade, com a constru\u00e7\u00e3o de compet\u00eancias b\u00e1sicas que situem o educando como sujeito produtor de conhecimento e participante do mundo do trabalho, e com o desenvolvimento da pessoa, como \u201csujeito em situa\u00e7\u00e3o\u201d \u2013 cidad\u00e3o.\u2026","rel":"","context":"Post similar","block_context":{"text":"Post similar","link":""},"img":{"alt_text":"","src":"","width":0,"height":0},"classes":[]},{"id":31,"url":"https:\/\/aulanaweb.com\/etefv\/?page_id=31","url_meta":{"origin":124,"position":4},"title":"Edifica\u00e7\u00f5es","author":"Equipe Diretiva ETEFV","date":"18\/09\/2017","format":false,"excerpt":"Docentes Coordenadores (EMI e Subsequente): Professores Luiz Fernando Martins J\u00f3ia e F\u00e1bio Cardozo - coordenacao.edificacoes.emi@etefv.faetec.rj.gov.br Orientador de Est\u00e1gio: Prof. Elton Jorge Bragan\u00e7a Ribeiro O Curso T\u00e9cnico de N\u00edvel M\u00e9dio em Edifica\u00e7\u00f5es, do eixo tecnol\u00f3gico de Infraestrutura, visa preparar profissionais cidad\u00e3os com conhecimentos t\u00e9cnicos e \u00e9ticos, possuidores de compet\u00eancias e habilidades\u2026","rel":"","context":"Post similar","block_context":{"text":"Post similar","link":""},"img":{"alt_text":"","src":"https:\/\/i0.wp.com\/aulanaweb.com\/etefv\/wp-content\/uploads\/2017\/09\/imagens_233201691241.jpg?fit=450%2C338&ssl=1&resize=350%2C200","width":350,"height":200},"classes":[]},{"id":42,"url":"https:\/\/aulanaweb.com\/etefv\/?page_id=42","url_meta":{"origin":124,"position":5},"title":"Secretaria Escolar","author":"jair","date":"18\/09\/2017","format":false,"excerpt":"Contatos: e-mail: secretaria@etefv.faetec.rj.gov.br ATEN\u00c7\u00c3O: OS TELEFONES DA ESCOLA N\u00c3O ESTAO FUNCIONANDO. UTILIZE O E-MAIL. Equipe: Esther Farias da Silva Jair Seabra da Silva Mariluci Ferreira Fernandes Ramon Rodrigues Rua","rel":"","context":"Post similar","block_context":{"text":"Post similar","link":""},"img":{"alt_text":"","src":"","width":0,"height":0},"classes":[]}],"_links":{"self":[{"href":"https:\/\/aulanaweb.com\/etefv\/index.php?rest_route=\/wp\/v2\/pages\/124","targetHints":{"allow":["GET"]}}],"collection":[{"href":"https:\/\/aulanaweb.com\/etefv\/index.php?rest_route=\/wp\/v2\/pages"}],"about":[{"href":"https:\/\/aulanaweb.com\/etefv\/index.php?rest_route=\/wp\/v2\/types\/page"}],"author":[{"embeddable":true,"href":"https:\/\/aulanaweb.com\/etefv\/index.php?rest_route=\/wp\/v2\/users\/5"}],"replies":[{"embeddable":true,"href":"https:\/\/aulanaweb.com\/etefv\/index.php?rest_route=%2Fwp%2Fv2%2Fcomments&post=124"}],"version-history":[{"count":15,"href":"https:\/\/aulanaweb.com\/etefv\/index.php?rest_route=\/wp\/v2\/pages\/124\/revisions"}],"predecessor-version":[{"id":4188,"href":"https:\/\/aulanaweb.com\/etefv\/index.php?rest_route=\/wp\/v2\/pages\/124\/revisions\/4188"}],"up":[{"embeddable":true,"href":"https:\/\/aulanaweb.com\/etefv\/index.php?rest_route=\/wp\/v2\/pages\/40"}],"wp:attachment":[{"href":"https:\/\/aulanaweb.com\/etefv\/index.php?rest_route=%2Fwp%2Fv2%2Fmedia&parent=124"}],"curies":[{"name":"wp","href":"https:\/\/api.w.org\/{rel}","templated":true}]}}