{"id":114,"date":"2017-09-19T10:24:47","date_gmt":"2017-09-19T13:24:47","guid":{"rendered":"http:\/\/www.aulanaweb.com\/etefv\/?page_id=114"},"modified":"2018-06-26T19:19:38","modified_gmt":"2018-06-26T22:19:38","slug":"oficina-de-marcenaria","status":"publish","type":"page","link":"https:\/\/aulanaweb.com\/etefv\/?page_id=114","title":{"rendered":"Oficina de Marcenaria"},"content":{"rendered":"<p>Desculpe-nos, o conte\u00fado desta p\u00e1gina ainda encontra-se em desenvolvimento.<\/p>\n","protected":false},"excerpt":{"rendered":"<p>Desculpe-nos, o conte\u00fado desta p\u00e1gina ainda encontra-se em desenvolvimento.<\/p>\n","protected":false},"author":1,"featured_media":0,"parent":44,"menu_order":0,"comment_status":"closed","ping_status":"closed","template":"","meta":{"footnotes":""},"class_list":["post-114","page","type-page","status-publish","hentry"],"jetpack_sharing_enabled":true,"jetpack_shortlink":"https:\/\/wp.me\/P9cg66-1Q","jetpack_likes_enabled":true,"jetpack-related-posts":[{"id":112,"url":"https:\/\/aulanaweb.com\/etefv\/?page_id=112","url_meta":{"origin":114,"position":0},"title":"Oficina de Rob\u00f3tica","author":"Equipe Diretiva ETEFV","date":"19\/09\/2017","format":false,"excerpt":"Desculpe-nos, o conte\u00fado desta p\u00e1gina ainda encontra-se em desenvolvimento.","rel":"","context":"Post similar","block_context":{"text":"Post similar","link":""},"img":{"alt_text":"","src":"","width":0,"height":0},"classes":[]},{"id":134,"url":"https:\/\/aulanaweb.com\/etefv\/?page_id=134","url_meta":{"origin":114,"position":1},"title":"Coordena\u00e7\u00e3o","author":"Equipe Diretiva ETEFV","date":"19\/09\/2017","format":false,"excerpt":"Desculpe-nos, o conte\u00fado desta p\u00e1gina ainda encontra-se em desenvolvimento.","rel":"","context":"Post similar","block_context":{"text":"Post similar","link":""},"img":{"alt_text":"","src":"","width":0,"height":0},"classes":[]},{"id":138,"url":"https:\/\/aulanaweb.com\/etefv\/?page_id=138","url_meta":{"origin":114,"position":2},"title":"Laborat\u00f3rios","author":"Equipe Diretiva ETEFV","date":"19\/09\/2017","format":false,"excerpt":"Desculpe-nos, o conte\u00fado desta p\u00e1gina ainda encontra-se em desenvolvimento.","rel":"","context":"Post similar","block_context":{"text":"Post similar","link":""},"img":{"alt_text":"","src":"","width":0,"height":0},"classes":[]},{"id":44,"url":"https:\/\/aulanaweb.com\/etefv\/?page_id=44","url_meta":{"origin":114,"position":3},"title":"Projetos","author":"Equipe Diretiva ETEFV","date":"18\/09\/2017","format":false,"excerpt":"Desculpe-nos, o conte\u00fado desta p\u00e1gina ainda encontra-se em desenvolvimento.","rel":"","context":"Post similar","block_context":{"text":"Post similar","link":""},"img":{"alt_text":"","src":"","width":0,"height":0},"classes":[]},{"id":140,"url":"https:\/\/aulanaweb.com\/etefv\/?page_id=140","url_meta":{"origin":114,"position":4},"title":"Componentes Curriculares","author":"Equipe Diretiva ETEFV","date":"19\/09\/2017","format":false,"excerpt":"Desculpe-nos, o conte\u00fado desta p\u00e1gina ainda encontra-se em desenvolvimento.","rel":"","context":"Post similar","block_context":{"text":"Post similar","link":""},"img":{"alt_text":"","src":"","width":0,"height":0},"classes":[]},{"id":2,"url":"https:\/\/aulanaweb.com\/etefv\/?page_id=2","url_meta":{"origin":114,"position":5},"title":"P\u00e1gina de exemplo","author":"Equipe Diretiva ETEFV","date":"17\/09\/2017","format":false,"excerpt":"Este \u00e9 o exemplo de uma p\u00e1gina. \u00c9 diferente de um post de blog porque \u00e9 est\u00e1tica e pode aparecer em menus de navega\u00e7\u00e3o (na maioria dos temas). A maioria das pessoas come\u00e7am com uma p\u00e1gina 'Sobre' que as apresenta aos potenciais visitantes do site. Voc\u00ea pode usar algo como:\u2026","rel":"","context":"Post similar","block_context":{"text":"Post similar","link":""},"img":{"alt_text":"","src":"","width":0,"height":0},"classes":[]}],"_links":{"self":[{"href":"https:\/\/aulanaweb.com\/etefv\/index.php?rest_route=\/wp\/v2\/pages\/114","targetHints":{"allow":["GET"]}}],"collection":[{"href":"https:\/\/aulanaweb.com\/etefv\/index.php?rest_route=\/wp\/v2\/pages"}],"about":[{"href":"https:\/\/aulanaweb.com\/etefv\/index.php?rest_route=\/wp\/v2\/types\/page"}],"author":[{"embeddable":true,"href":"https:\/\/aulanaweb.com\/etefv\/index.php?rest_route=\/wp\/v2\/users\/1"}],"replies":[{"embeddable":true,"href":"https:\/\/aulanaweb.com\/etefv\/index.php?rest_route=%2Fwp%2Fv2%2Fcomments&post=114"}],"version-history":[{"count":0,"href":"https:\/\/aulanaweb.com\/etefv\/index.php?rest_route=\/wp\/v2\/pages\/114\/revisions"}],"up":[{"embeddable":true,"href":"https:\/\/aulanaweb.com\/etefv\/index.php?rest_route=\/wp\/v2\/pages\/44"}],"wp:attachment":[{"href":"https:\/\/aulanaweb.com\/etefv\/index.php?rest_route=%2Fwp%2Fv2%2Fmedia&parent=114"}],"curies":[{"name":"wp","href":"https:\/\/api.w.org\/{rel}","templated":true}]}}